{"id":275,"date":"2022-05-23T11:09:46","date_gmt":"2022-05-23T11:09:46","guid":{"rendered":"http:\/\/dummy.xtemos.com\/woodmart2\/megamarket-elementor\/?page_id=275"},"modified":"2024-08-02T14:35:50","modified_gmt":"2024-08-02T14:35:50","slug":"about-us","status":"publish","type":"page","link":"https:\/\/creadivo.md\/ru\/about-us\/","title":{"rendered":"About us"},"content":{"rendered":"<h1>Despre magazinul Creadivo<\/h1>\n\n\n\n<p>\u041c\u044b \u0432\u0441\u0435\u0433\u0434\u0430 \u0437\u043d\u0430\u043b\u0438, \u0447\u0442\u043e \u0432\u0430\u043d\u043d\u0430\u044f \u043a\u043e\u043c\u043d\u0430\u0442\u0430 \u0441\u0442\u0430\u043d\u043e\u0432\u0438\u0442\u0441\u044f \u0444\u0443\u043d\u043a\u0446\u0438\u043e\u043d\u0430\u043b\u044c\u043d\u043e\u0439 \u0438 \u0441\u043e\u0432\u0440\u0435\u043c\u0435\u043d\u043d\u043e\u0439, \u043a\u043e\u0433\u0434\u0430 \u043f\u043e\u0434 \u0440\u0443\u043a\u043e\u0439 \u0441\u0430\u043c\u0430\u044f \u043a\u0430\u0447\u0435\u0441\u0442\u0432\u0435\u043d\u043d\u0430\u044f, \u0434\u043e\u043b\u0433\u043e\u0432\u0435\u0447\u043d\u0430\u044f \u0438 \u043f\u0440\u0438\u044f\u0442\u043d\u0430\u044f \u043d\u0430 \u0432\u0438\u0434 \u0441\u0430\u043d\u0442\u0435\u0445\u043d\u0438\u043a\u0430.<br>Pornind de la aceast\u0103 idee, \u00een 2006 am lansat Creadivo- locul unde g\u0103se\u0219ti acele articole, care vor face baia ta s\u0103 arate stilat \u0219i desigur &#8211; s\u0103 fie una practic\u0103 \u0219i modern\u0103.<\/p>\n\n\n\n<p>\u0418\u043c\u0435\u044f \u0432\u044b\u0441\u0442\u0430\u0432\u043e\u0447\u043d\u044b\u0435 \u0437\u0430\u043b\u044b \u043a\u0430\u043a \u0432 \u0420\u0435\u0441\u043f\u0443\u0431\u043b\u0438\u043a\u0435 \u041c\u043e\u043b\u0434\u043e\u0432\u0430, \u0442\u0430\u043a \u0438 \u0432 \u0420\u0443\u043c\u044b\u043d\u0438\u0438 - \u0441\u0435\u0433\u043e\u0434\u043d\u044f \u043c\u044b \u044f\u0432\u043b\u044f\u0435\u043c\u0441\u044f \u044d\u043a\u0441\u043a\u043b\u044e\u0437\u0438\u0432\u043d\u044b\u043c \u0438\u043c\u043f\u043e\u0440\u0442\u0435\u0440\u043e\u043c \u0441\u0430\u043d\u0442\u0435\u0445\u043d\u0438\u043a\u0438 \u043f\u0440\u0435\u043c\u0438\u0430\u043b\u044c\u043d\u043e\u0433\u043e \u043a\u0430\u0447\u0435\u0441\u0442\u0432\u0430 \u043e\u0442 \u0432\u0441\u0435\u043c\u0438\u0440\u043d\u043e \u0438\u0437\u0432\u0435\u0441\u0442\u043d\u044b\u0445 \u043f\u0440\u043e\u0438\u0437\u0432\u043e\u0434\u0438\u0442\u0435\u043b\u0435\u0439, \u0442\u0430\u043a\u0438\u0445 \u043a\u0430\u043a: REA, Creo Ceramique, KALE, Idevit. \u0423 \u043d\u0430\u0441 \u0432\u044b \u043c\u043e\u0436\u0435\u0442\u0435 \u043d\u0430\u0439\u0442\u0438 \u0432\u0441\u0435, \u0447\u0442\u043e \u0432\u0430\u043c \u043d\u0443\u0436\u043d\u043e. \u043e\u0440\u0433\u0430\u043d\u0438\u0437\u0443\u0439\u0442\u0435 \u0441\u0432\u043e\u044e \u0438\u0434\u0435\u0430\u043b\u044c\u043d\u0443\u044e \u0432\u0430\u043d\u043d\u0443\u044e \u043a\u043e\u043c\u043d\u0430\u0442\u0443: \u043f\u043b\u0438\u0442\u043a\u0430 \u0438 \u043f\u043b\u0438\u0442\u043a\u0430, \u0432\u0430\u043d\u043d\u044b, \u0441\u0430\u043d\u0442\u0435\u0445\u043d\u0438\u0447\u0435\u0441\u043a\u0438\u0435 \u0441\u043c\u0435\u0441\u0438\u0442\u0435\u043b\u0438, \u0434\u0443\u0448\u0435\u0432\u044b\u0435 \u0441\u0442\u043e\u0439\u043a\u0438, \u0434\u0443\u0448\u0435\u0432\u044b\u0435 \u043a\u0430\u0431\u0438\u043d\u044b, \u0443\u043c\u044b\u0432\u0430\u043b\u044c\u043d\u0438\u043a\u0438, \u0443\u043d\u0438\u0442\u0430\u0437\u044b, \u0431\u0438\u0434\u0435, \u043f\u0438\u0441\u0441\u0443\u0430\u0440\u044b, \u043c\u0435\u0431\u0435\u043b\u044c \u0434\u043b\u044f \u0432\u0430\u043d\u043d\u043e\u0439 \u043a\u043e\u043c\u043d\u0430\u0442\u044b \u0438 \u044d\u0442\u043e\u0442 \u0441\u043f\u0438\u0441\u043e\u043a \u043d\u0435 \u0437\u0430\u043a\u0430\u043d\u0447\u0438\u0432\u0430\u0435\u0442\u0441\u044f!<\/p>\n\n\n\n<p class=\"translation-block\">\u0415\u0441\u043b\u0438 \u0431\u044b \u0432\u044b \u0441\u043f\u0440\u043e\u0441\u0438\u043b\u0438 \u043d\u0430\u0441, \u043a\u0430\u043a\u043e\u0432\u0430 \u0444\u043e\u0440\u043c\u0443\u043b\u0430 \u0443\u0434\u0430\u0447\u043d\u043e\u0439 \u0432\u0430\u043d\u043d\u043e\u0439 \u043a\u043e\u043c\u043d\u0430\u0442\u044b, \u043c\u044b \u0431\u044b, \u043d\u0435 \u0437\u0430\u0434\u0443\u043c\u044b\u0432\u0430\u044f\u0441\u044c, \u043e\u0442\u0432\u0435\u0442\u0438\u043b\u0438, \u0447\u0442\u043e \u0432\u0441\u0435 \u0441\u0432\u043e\u0434\u0438\u0442\u0441\u044f \u043a \u043a\u0430\u0447\u0435\u0441\u0442\u0432\u0443, \u044d\u0441\u0442\u0435\u0442\u0438\u0447\u0435\u0441\u043a\u043e\u043c\u0443 \u0432\u0438\u0434\u0443 \u0438, \u043a\u043e\u043d\u0435\u0447\u043d\u043e \u0436\u0435, \u043a \u043f\u0440\u0430\u0432\u0438\u043b\u044c\u043d\u043e\u043c\u0443 \u0440\u0430\u0441\u043f\u043e\u043b\u043e\u0436\u0435\u043d\u0438\u044e \u0438 \u0441\u043e\u0447\u0435\u0442\u0430\u043d\u0438\u044e \u043f\u0440\u0435\u0434\u043c\u0435\u0442\u043e\u0432. \u041c\u044b \u043c\u043e\u0436\u0435\u043c \u0438 \u0434\u0435\u0439\u0441\u0442\u0432\u0438\u0442\u0435\u043b\u044c\u043d\u043e \u0445\u043e\u0442\u0438\u043c, \u0447\u0442\u043e\u0431\u044b \u0432\u044b \u043d\u0430\u0441\u043b\u0430\u0436\u0434\u0430\u043b\u0438\u0441\u044c \u0432\u0435\u043b\u0438\u043a\u043e\u043b\u0435\u043f\u043d\u043e\u0439 \u0432\u0430\u043d\u043d\u043e\u0439 \u043a\u043e\u043c\u043d\u0430\u0442\u043e\u0439.<br>\u0412\u043e\u0442 \u043f\u043e\u0447\u0435\u043c\u0443 \u043c\u044b \u0441 \u043d\u0435\u0442\u0435\u0440\u043f\u0435\u043d\u0438\u0435\u043c \u0436\u0434\u0435\u043c \u0432\u0441\u0442\u0440\u0435\u0447\u0438 \u0441 \u0432\u0430\u043c\u0438 \u0432 \u043d\u0430\u0448\u0438\u0445 \u0432\u044b\u0441\u0442\u0430\u0432\u043e\u0447\u043d\u044b\u0445 \u0437\u0430\u043b\u0430\u0445!<br>\u0417\u0434\u0435\u0441\u044c \u043c\u044b \u043f\u0435\u0440\u0435\u043e\u0441\u043c\u044b\u0441\u043b\u0438\u043c \u0441\u0442\u0438\u043b\u044c \u0432\u0430\u0448\u0435\u0439 \u0432\u0430\u043d\u043d\u043e\u0439 \u043a\u043e\u043c\u043d\u0430\u0442\u044b!<\/p>\n<div style=\"margin: 20px 0;\"><div class=\"qrcswholewtapper\" style=\"text-align:left;\"><div class=\"qrcprowrapper\"  id=\"qrcwraa2leds\"><div class=\"qrc_canvass\" id=\"qrc_cuttenpages_2\" style=\"display:inline-block\" data-text=\"https:\/\/creadivo.md\/ru\/about-us\/\"><\/div><\/div><\/div><\/div>","protected":false},"excerpt":{"rendered":"<p>Despre magazinul Creadivo Am \u0219tiut dintotdeauna c\u0103 o baie devine func\u021bional\u0103 \u0219i modern\u0103, atunci c\u00e2nd ai la \u00eendem\u00e2n\u0103 obiecte sanitare<\/p>","protected":false},"author":1,"featured_media":0,"parent":0,"menu_order":0,"comment_status":"closed","ping_status":"closed","template":"","meta":{"footnotes":""},"class_list":["post-275","page","type-page","status-publish","hentry"],"_links":{"self":[{"href":"https:\/\/creadivo.md\/ru\/wp-json\/wp\/v2\/pages\/275","targetHints":{"allow":["GET"]}}],"collection":[{"href":"https:\/\/creadivo.md\/ru\/wp-json\/wp\/v2\/pages"}],"about":[{"href":"https:\/\/creadivo.md\/ru\/wp-json\/wp\/v2\/types\/page"}],"author":[{"embeddable":true,"href":"https:\/\/creadivo.md\/ru\/wp-json\/wp\/v2\/users\/1"}],"replies":[{"embeddable":true,"href":"https:\/\/creadivo.md\/ru\/wp-json\/wp\/v2\/comments?post=275"}],"version-history":[{"count":2,"href":"https:\/\/creadivo.md\/ru\/wp-json\/wp\/v2\/pages\/275\/revisions"}],"predecessor-version":[{"id":58283,"href":"https:\/\/creadivo.md\/ru\/wp-json\/wp\/v2\/pages\/275\/revisions\/58283"}],"wp:attachment":[{"href":"https:\/\/creadivo.md\/ru\/wp-json\/wp\/v2\/media?parent=275"}],"curies":[{"name":"wp","href":"https:\/\/api.w.org\/{rel}","templated":true}]}}