{"id":281,"date":"2022-05-23T11:10:53","date_gmt":"2022-05-23T11:10:53","guid":{"rendered":"http:\/\/dummy.xtemos.com\/woodmart2\/megamarket-elementor\/?page_id=281"},"modified":"2025-10-30T18:50:58","modified_gmt":"2025-10-30T18:50:58","slug":"payment-and-delivery","status":"publish","type":"page","link":"https:\/\/creadivo.md\/ru\/payment-and-delivery\/","title":{"rendered":"\u041e\u043f\u043b\u0430\u0442\u0430 \u0438 \u0434\u043e\u0441\u0442\u0430\u0432\u043a\u0430"},"content":{"rendered":"<div data-elementor-type=\"wp-page\" data-elementor-id=\"281\" class=\"elementor elementor-281\">\n\t\t\t\t\t\t<section class=\"wd-negative-gap elementor-section elementor-top-section elementor-element elementor-element-92e1335 elementor-section-boxed elementor-section-height-default elementor-section-height-default\" data-id=\"92e1335\" data-element_type=\"section\" data-e-type=\"section\">\n\t\t\t\t\t\t<div class=\"elementor-container elementor-column-gap-default\">\n\t\t\t\t\t<div class=\"elementor-column elementor-col-100 elementor-top-column elementor-element elementor-element-3754451\" data-id=\"3754451\" data-element_type=\"column\" data-e-type=\"column\">\n\t\t\t<div class=\"elementor-widget-wrap elementor-element-populated\">\n\t\t\t\t\t\t<div class=\"elementor-element elementor-element-f6a76ea wd-width-100 elementor-widget elementor-widget-wd_title\" data-id=\"f6a76ea\" data-element_type=\"widget\" data-e-type=\"widget\" data-widget_type=\"wd_title.default\">\n\t\t\t\t<div class=\"elementor-widget-container\">\n\t\t\t\t\t\t\t<div class=\"title-wrapper wd-set-mb reset-last-child wd-title-color-default wd-title-style-default wd-title-size-large text-left\">\n\n\t\t\t\n\t\t\t<div class=\"liner-continer\">\n\t\t\t\t<h4 class=\"woodmart-title-container title wd-fontsize-xxl\">\u0418\u043d\u0444\u043e\u0440\u043c\u0430\u0446\u0438\u044f \u043e \u0434\u043e\u0441\u0442\u0430\u0432\u043a\u0435<\/h4> \n\t\t\t\t\t\t\t<\/div>\n\n\t\t\t\t\t<\/div>\n\t\t\t\t\t\t<\/div>\n\t\t\t\t<\/div>\n\t\t\t\t<div class=\"elementor-element elementor-element-1791c96 wd-width-100 elementor-widget elementor-widget-wd_title\" data-id=\"1791c96\" data-element_type=\"widget\" data-e-type=\"widget\" data-widget_type=\"wd_title.default\">\n\t\t\t\t<div class=\"elementor-widget-container\">\n\t\t\t\t\t\t\t<div class=\"title-wrapper wd-set-mb reset-last-child wd-title-color-default wd-title-style-default wd-title-size-large text-left\">\n\n\t\t\t\n\t\t\t<div class=\"liner-continer\">\n\t\t\t\t<h4 class=\"woodmart-title-container title wd-fontsize-xxl\">\u0411\u0435\u0441\u043f\u043b\u0430\u0442\u043d\u0430\u044f \u0434\u043e\u0441\u0442\u0430\u0432\u043a\u0430 \u043f\u043e \u0432\u0441\u0435\u0439 \u0441\u0442\u0440\u0430\u043d\u0435 \u0432 \u0440\u0430\u043c\u043a\u0430\u0445 \u043f\u0440\u043e\u0433\u0440\u0430\u043c\u043c\u044b \u0434\u043e\u0441\u0442\u0430\u0432\u043a\u0438<\/h4> \n\t\t\t\t\t\t\t<\/div>\n\n\t\t\t\t\t<\/div>\n\t\t\t\t\t\t<\/div>\n\t\t\t\t<\/div>\n\t\t\t\t\t<\/div>\n\t\t<\/div>\n\t\t\t\t\t<\/div>\n\t\t<\/section>\n\t\t\t\t<section class=\"wd-negative-gap elementor-section elementor-top-section elementor-element elementor-element-ea578cd elementor-section-boxed elementor-section-height-default elementor-section-height-default\" data-id=\"ea578cd\" data-element_type=\"section\" data-e-type=\"section\">\n\t\t\t\t\t\t<div class=\"elementor-container elementor-column-gap-default\">\n\t\t\t\t\t<div class=\"elementor-column elementor-col-100 elementor-top-column elementor-element elementor-element-80227a9\" data-id=\"80227a9\" data-element_type=\"column\" data-e-type=\"column\">\n\t\t\t<div class=\"elementor-widget-wrap elementor-element-populated\">\n\t\t\t\t\t\t<div class=\"elementor-element elementor-element-becdf6e wd-width-100 elementor-widget elementor-widget-wd_title\" data-id=\"becdf6e\" data-element_type=\"widget\" data-e-type=\"widget\" data-widget_type=\"wd_title.default\">\n\t\t\t\t<div class=\"elementor-widget-container\">\n\t\t\t\t\t\t\t<div class=\"title-wrapper wd-set-mb reset-last-child wd-title-color-default wd-title-style-default wd-title-size-large text-left\">\n\n\t\t\t\n\t\t\t<div class=\"liner-continer\">\n\t\t\t\t<h4 class=\"woodmart-title-container title wd-fontsize-xxl\">\u0411\u0435\u0441\u043f\u043b\u0430\u0442\u043d\u0430\u044f \u0434\u043e\u0441\u0442\u0430\u0432\u043a\u0430 \u043f\u043e \u0441\u0442\u0440\u0430\u043d\u0435 \u0432\u043d\u0435 \u0433\u0440\u0430\u0444\u0438\u043a\u0430 \u0434\u043e\u0441\u0442\u0430\u0432\u043a\u0438 \u043e\u0441\u0443\u0449\u0435\u0441\u0442\u0432\u043b\u044f\u0435\u0442\u0441\u044f \u043d\u0430 \u0443\u0441\u043b\u043e\u0432\u0438\u044f\u0445:<\/h4> \n\t\t\t\t\t\t\t<\/div>\n\n\t\t\t\t\t<\/div>\n\t\t\t\t\t\t<\/div>\n\t\t\t\t<\/div>\n\t\t\t\t<section class=\"wd-negative-gap elementor-section elementor-inner-section elementor-element elementor-element-4d36b8f elementor-section-boxed elementor-section-height-default elementor-section-height-default\" data-id=\"4d36b8f\" data-element_type=\"section\" data-e-type=\"section\">\n\t\t\t\t\t\t<div class=\"elementor-container elementor-column-gap-default\">\n\t\t\t\t\t<div class=\"elementor-column elementor-col-50 elementor-inner-column elementor-element elementor-element-8274f7d\" data-id=\"8274f7d\" data-element_type=\"column\" data-e-type=\"column\">\n\t\t\t<div class=\"elementor-widget-wrap elementor-element-populated\">\n\t\t\t\t\t\t<div class=\"elementor-element elementor-element-1bc0904 wd-width-100 elementor-widget elementor-widget-wd_title\" data-id=\"1bc0904\" data-element_type=\"widget\" data-e-type=\"widget\" data-widget_type=\"wd_title.default\">\n\t\t\t\t<div class=\"elementor-widget-container\">\n\t\t\t\t\t\t\t<div class=\"title-wrapper wd-set-mb reset-last-child wd-title-color-default wd-title-style-default wd-title-size-medium text-left\">\n\n\t\t\t\n\t\t\t<div class=\"liner-continer\">\n\t\t\t\t<h4 class=\"woodmart-title-container title wd-fontsize-xl\">*<\/h4> \n\t\t\t\t\t\t\t<\/div>\n\n\t\t\t\t\t<\/div>\n\t\t\t\t\t\t<\/div>\n\t\t\t\t<\/div>\n\t\t\t\t<div class=\"elementor-element elementor-element-a44bfc0 elementor-widget elementor-widget-wd_text_block\" data-id=\"a44bfc0\" data-element_type=\"widget\" data-e-type=\"widget\" data-widget_type=\"wd_text_block.default\">\n\t\t\t\t<div class=\"elementor-widget-container\">\n\t\t\t\t\t\t\t<div class=\"wd-text-block reset-last-child text-left\">\n\t\t\t\n\t\t\t<p>- \u0414\u043e\u0441\u0442\u0430\u0432\u043a\u0430 \u043f\u043e \u0433\u043e\u0440\u043e\u0434\u0443 \u041a\u0438\u0448\u0438\u043d\u0435\u0432 \u0431\u0435\u0441\u043f\u043b\u0430\u0442\u043d\u0430\u044f, \u0434\u043b\u044f \u0432\u0441\u0435\u0445 \u0437\u0430\u043a\u0430\u0437\u043e\u0432 \u0441\u0432\u044b\u0448\u0435 3000 \u043b\u0435\u0439.<br \/>- \u0414\u043e\u0441\u0442\u0430\u0432\u043a\u0430 \u0437\u0430\u043a\u0430\u0437\u043e\u0432 \u043d\u0430 \u0441\u0443\u043c\u043c\u0443 \u043c\u0435\u043d\u0435\u0435 3000 \u043b\u0435\u0439 \u043e\u0441\u0443\u0449\u0435\u0441\u0442\u0432\u043b\u044f\u0435\u0442\u0441\u044f \u043d\u0430\u043b\u043e\u0436\u0435\u043d\u043d\u044b\u043c \u043f\u043b\u0430\u0442\u0435\u0436\u043e\u043c.<br \/>- \u0414\u043e\u0441\u0442\u0430\u0432\u043a\u0430 \u043f\u043e \u0442\u0435\u0440\u0440\u0438\u0442\u043e\u0440\u0438\u0438 \u041c\u043e\u043b\u0434\u043e\u0432\u044b \u0431\u0435\u0441\u043f\u043b\u0430\u0442\u043d\u0430 \u0434\u043b\u044f \u0437\u0430\u043a\u0430\u0437\u043e\u0432 \u043d\u0430 \u0441\u0443\u043c\u043c\u0443 \u0431\u043e\u043b\u0435\u0435 10 000 \u043b\u0435\u0435\u0432. \u0415\u0441\u043b\u0438 \u0441\u0442\u043e\u0438\u043c\u043e\u0441\u0442\u044c \u0437\u0430\u043a\u0430\u0437\u0430\u043d\u043d\u044b\u0445 \u0432\u0430\u043c\u0438 \u0442\u043e\u0432\u0430\u0440\u043e\u0432 \u0441\u043e\u0441\u0442\u0430\u0432\u043b\u044f\u0435\u0442 \u043c\u0435\u043d\u0435\u0435 10 000 \u043b\u0435\u0435\u0432, \u0442\u043e \u0441\u0443\u043c\u043c\u0430 \u0434\u043e\u0441\u0442\u0430\u0432\u043a\u0438 \u0440\u0430\u0441\u0441\u0447\u0438\u0442\u044b\u0432\u0430\u0435\u0442\u0441\u044f \u043e\u0442\u0434\u0435\u043b\u044c\u043d\u043e \u043d\u0430\u0448\u0438\u043c \u043c\u0435\u043d\u0435\u0434\u0436\u0435\u0440\u043e\u043c<\/p>\n\t\t\t\t\t<\/div>\n\t\t\t\t\t\t<\/div>\n\t\t\t\t<\/div>\n\t\t\t\t\t<\/div>\n\t\t<\/div>\n\t\t\t\t<div class=\"elementor-column elementor-col-50 elementor-inner-column elementor-element elementor-element-2277a33\" data-id=\"2277a33\" data-element_type=\"column\" data-e-type=\"column\">\n\t\t\t<div class=\"elementor-widget-wrap elementor-element-populated\">\n\t\t\t\t\t\t<div class=\"elementor-element elementor-element-049a3b0 wd-width-100 elementor-widget elementor-widget-wd_title\" data-id=\"049a3b0\" data-element_type=\"widget\" data-e-type=\"widget\" data-widget_type=\"wd_title.default\">\n\t\t\t\t<div class=\"elementor-widget-container\">\n\t\t\t\t\t\t\t<div class=\"title-wrapper wd-set-mb reset-last-child wd-title-color-default wd-title-style-default wd-title-size-medium text-left\">\n\n\t\t\t\n\t\t\t<div class=\"liner-continer\">\n\t\t\t\t<h4 class=\"woodmart-title-container title wd-fontsize-xl\">*<\/h4> \n\t\t\t\t\t\t\t<\/div>\n\n\t\t\t\t\t<\/div>\n\t\t\t\t\t\t<\/div>\n\t\t\t\t<\/div>\n\t\t\t\t<div class=\"elementor-element elementor-element-c00929c elementor-widget elementor-widget-wd_text_block\" data-id=\"c00929c\" data-element_type=\"widget\" data-e-type=\"widget\" data-widget_type=\"wd_text_block.default\">\n\t\t\t\t<div class=\"elementor-widget-container\">\n\t\t\t\t\t\t\t<div class=\"wd-text-block reset-last-child text-left\">\n\t\t\t\n\t\t\t<p>\u041e\u0431\u0440\u0430\u0449\u0430\u0435\u043c \u0432\u0430\u0448\u0435 \u0432\u043d\u0438\u043c\u0430\u043d\u0438\u0435 \u043d\u0430 \u0442\u043e, \u0447\u0442\u043e \u0432 \u0443\u0441\u043b\u0443\u0433\u0443 \u0434\u043e\u0441\u0442\u0430\u0432\u043a\u0438 \u043d\u0435 \u0432\u0445\u043e\u0434\u0438\u0442 \u043f\u043e\u0434\u043a\u043b\u044e\u0447\u0435\u043d\u0438\u0435, \u0443\u0441\u0442\u0430\u043d\u043e\u0432\u043a\u0430 \u0438\u043b\u0438 \u043d\u0430\u0441\u0442\u0440\u043e\u0439\u043a\u0430 \u043f\u0440\u0435\u0434\u043e\u0441\u0442\u0430\u0432\u043b\u044f\u0435\u043c\u043e\u0433\u043e \u043e\u0431\u043e\u0440\u0443\u0434\u043e\u0432\u0430\u043d\u0438\u044f.<\/p>\n\t\t\t\t\t<\/div>\n\t\t\t\t\t\t<\/div>\n\t\t\t\t<\/div>\n\t\t\t\t\t<\/div>\n\t\t<\/div>\n\t\t\t\t\t<\/div>\n\t\t<\/section>\n\t\t\t\t\t<\/div>\n\t\t<\/div>\n\t\t\t\t\t<\/div>\n\t\t<\/section>\n\t\t\t\t<section class=\"wd-negative-gap elementor-section elementor-top-section elementor-element elementor-element-d6381d5 elementor-section-boxed elementor-section-height-default elementor-section-height-default\" data-id=\"d6381d5\" data-element_type=\"section\" data-e-type=\"section\">\n\t\t\t\t\t\t<div class=\"elementor-container elementor-column-gap-default\">\n\t\t\t\t\t<div class=\"elementor-column elementor-col-100 elementor-top-column elementor-element elementor-element-138771a\" data-id=\"138771a\" data-element_type=\"column\" data-e-type=\"column\">\n\t\t\t<div class=\"elementor-widget-wrap elementor-element-populated\">\n\t\t\t\t\t\t<div class=\"elementor-element elementor-element-0121594 elementor-widget elementor-widget-wd_image_or_svg\" data-id=\"0121594\" data-element_type=\"widget\" data-e-type=\"widget\" data-widget_type=\"wd_image_or_svg.default\">\n\t\t\t\t<div class=\"elementor-widget-container\">\n\t\t\t\t\t\n\t\t<div class=\"wd-image text-left\">\n\t\t\t\t\t\t\t\t<img fetchpriority=\"high\" decoding=\"async\" width=\"1440\" height=\"450\" src=\"https:\/\/creadivo.md\/wp-content\/uploads\/2022\/05\/payment-and-delivery.jpg\" class=\"attachment-full size-full\" alt=\"\" srcset=\"https:\/\/creadivo.md\/wp-content\/uploads\/2022\/05\/payment-and-delivery.jpg 1440w, https:\/\/creadivo.md\/wp-content\/uploads\/2022\/05\/payment-and-delivery-600x188.jpg 600w, https:\/\/creadivo.md\/wp-content\/uploads\/2022\/05\/payment-and-delivery-150x47.jpg 150w, https:\/\/creadivo.md\/wp-content\/uploads\/2022\/05\/payment-and-delivery-1200x375.jpg 1200w\" sizes=\"(max-width: 1440px) 100vw, 1440px\" title=\"\">\t\t\t\t\t<\/div>\n\n\t\t\t\t\t\t<\/div>\n\t\t\t\t<\/div>\n\t\t\t\t<div class=\"elementor-element elementor-element-8a4d666 elementor-widget elementor-widget-wd_text_block\" data-id=\"8a4d666\" data-element_type=\"widget\" data-e-type=\"widget\" data-widget_type=\"wd_text_block.default\">\n\t\t\t\t<div class=\"elementor-widget-container\">\n\t\t\t\t\t\t\t<div class=\"wd-text-block reset-last-child text-left\">\n\t\t\t\n\t\t\t<table><tbody><tr><td width=\"314\"><strong>\u0421\u043f\u043e\u0441\u043e\u0431\u044b \u0434\u043e\u0441\u0442\u0430\u0432\u043a\u0438<\/strong><\/td><td width=\"314\"><strong>\u041e\u0431\u0449\u0430\u044f \u0441\u0443\u043c\u043c\u0430 \u0437\u0430\u043a\u0430\u0437\u0430<\/strong><\/td><td width=\"314\"><strong>\u0421\u0443\u043c\u043c\u0430 \u043a \u043e\u043f\u043b\u0430\u0442\u0435 \u0437\u0430 \u0434\u043e\u0441\u0442\u0430\u0432\u043a\u0443<\/strong><\/td><\/tr><tr><td width=\"214\">\u0414\u043e\u0441\u0442\u0430\u0432\u043a\u0430, \u041a\u0438\u0448\u0438\u043d\u0435\u0432<\/td><td width=\"214\">\u041c\u0435\u043d\u0435\u0435 3000 \u043b\u0435\u0435\u0432<\/td><td width=\"214\"><strong><span style=\"color: #e43736;\">350 MDL<\/span><\/strong><\/td><\/tr><tr><td width=\"214\">\u0414\u043e\u0441\u0442\u0430\u0432\u043a\u0430, \u041a\u0438\u0448\u0438\u043d\u0435\u0432<\/td><td width=\"214\">\u0411\u043e\u043b\u044c\u0448\u0435 \u0438\u043b\u0438 \u0440\u0430\u0432\u043d\u043e 3000<\/td><td width=\"214\"><strong><span style=\"color: #e43736;\">\u0411\u0435\u0441\u043f\u043b\u0430\u0442\u043d\u043e<\/span><\/strong><\/td><\/tr><tr><td width=\"214\">\u0414\u043e\u0441\u0442\u0430\u0432\u043a\u0430, \u041c\u043e\u043b\u0434\u043e\u0432\u0430<\/td><td width=\"214\">\u041c\u0435\u043d\u0435\u0435 10 000 \u043b\u0435\u0435\u0432<\/td><td width=\"214\"><strong><span style=\"color: #e43736;\">\u0421\u0442\u043e\u0438\u043c\u043e\u0441\u0442\u044c \u0434\u043e\u0441\u0442\u0430\u0432\u043a\u0438 \u0440\u0430\u0441\u0441\u0447\u0438\u0442\u044b\u0432\u0430\u0435\u0442\u0441\u044f \u043c\u0435\u043d\u0435\u0434\u0436\u0435\u0440\u043e\u043c \u043e\u0442\u0434\u0435\u043b\u044c\u043d\u043e<\/span><\/strong><\/td><\/tr><tr><td width=\"214\">\u0414\u043e\u0441\u0442\u0430\u0432\u043a\u0430, \u041c\u043e\u043b\u0434\u043e\u0432\u0430<\/td><td width=\"214\">\u0411\u043e\u043b\u044c\u0448\u0435 \u0438\u043b\u0438 \u0440\u0430\u0432\u043d\u043e 10 000 \u043b\u0435\u0435\u0432<\/td><td width=\"214\"><strong><span style=\"color: #e43736;\">\u0411\u0435\u0441\u043f\u043b\u0430\u0442\u043d\u043e<\/span><\/strong><\/td><\/tr><\/tbody><\/table>\n\t\t\t\t\t<\/div>\n\t\t\t\t\t\t<\/div>\n\t\t\t\t<\/div>\n\t\t\t\t\t<\/div>\n\t\t<\/div>\n\t\t\t\t\t<\/div>\n\t\t<\/section>\n\t\t\t\t<section class=\"wd-negative-gap elementor-section elementor-top-section elementor-element elementor-element-8cdb9da elementor-section-boxed elementor-section-height-default elementor-section-height-default\" data-id=\"8cdb9da\" data-element_type=\"section\" data-e-type=\"section\">\n\t\t\t\t\t\t<div class=\"elementor-container elementor-column-gap-default\">\n\t\t\t\t\t<div class=\"elementor-column elementor-col-100 elementor-top-column elementor-element elementor-element-10b5d90\" data-id=\"10b5d90\" data-element_type=\"column\" data-e-type=\"column\">\n\t\t\t<div class=\"elementor-widget-wrap elementor-element-populated\">\n\t\t\t\t\t\t<div class=\"elementor-element elementor-element-0267082 wd-width-100 elementor-widget elementor-widget-wd_title\" data-id=\"0267082\" data-element_type=\"widget\" data-e-type=\"widget\" data-widget_type=\"wd_title.default\">\n\t\t\t\t<div class=\"elementor-widget-container\">\n\t\t\t\t\t\t\t<div class=\"title-wrapper wd-set-mb reset-last-child wd-title-color-default wd-title-style-default wd-title-size-medium text-left\">\n\n\t\t\t\n\t\t\t<div class=\"liner-continer\">\n\t\t\t\t<h4 class=\"woodmart-title-container title wd-fontsize-xl\">\u0412\u043e\u0437\u0432\u0440\u0430\u0442 \u0447\u0435\u0440\u0435\u0437 14 \u0434\u043d\u0435\u0439<\/h4> \n\t\t\t\t\t\t\t<\/div>\n\n\t\t\t\t\t<\/div>\n\t\t\t\t\t\t<\/div>\n\t\t\t\t<\/div>\n\t\t\t\t<div class=\"elementor-element elementor-element-edf50ab elementor-widget elementor-widget-wd_text_block\" data-id=\"edf50ab\" data-element_type=\"widget\" data-e-type=\"widget\" data-widget_type=\"wd_text_block.default\">\n\t\t\t\t<div class=\"elementor-widget-container\">\n\t\t\t\t\t\t\t<div class=\"wd-text-block reset-last-child text-left\">\n\t\t\t\n\t\t\t<p>\u0421\u043e\u0433\u043b\u0430\u0441\u043d\u043e \u0437\u0430\u043a\u043e\u043d\u0443 \u043e \u0437\u0430\u0449\u0438\u0442\u0435 \u043f\u0440\u0430\u0432 \u043f\u043e\u0442\u0440\u0435\u0431\u0438\u0442\u0435\u043b\u0435\u0439 \u0442\u043e\u0432\u0430\u0440 \u043c\u043e\u0436\u043d\u043e \u0432\u0435\u0440\u043d\u0443\u0442\u044c \u0432 \u0442\u0435\u0447\u0435\u043d\u0438\u0435 14 \u043a\u0430\u043b\u0435\u043d\u0434\u0430\u0440\u043d\u044b\u0445 \u0434\u043d\u0435\u0439, \u043f\u0440\u0438 \u043f\u0440\u0435\u0434\u044a\u044f\u0432\u043b\u0435\u043d\u0438\u0438 \u043d\u0430\u043b\u043e\u0433\u043e\u0432\u043e\u0433\u043e \u0447\u0435\u043a\u0430, \u043f\u0440\u0438 \u0443\u0441\u043b\u043e\u0432\u0438\u0438, \u0447\u0442\u043e \u0442\u043e\u0432\u0430\u0440 \u0441\u043e\u043e\u0442\u0432\u0435\u0442\u0441\u0442\u0432\u0443\u0435\u0442 \u043a\u0430\u0447\u0435\u0441\u0442\u0432\u0443, \u0432 \u043a\u043e\u0442\u043e\u0440\u043e\u043c \u043e\u043d \u0431\u044b\u043b \u0432\u044b\u0434\u0430\u043d.<\/p>\n\t\t\t\t\t<\/div>\n\t\t\t\t\t\t<\/div>\n\t\t\t\t<\/div>\n\t\t\t\t\t<\/div>\n\t\t<\/div>\n\t\t\t\t\t<\/div>\n\t\t<\/section>\n\t\t\t\t<section class=\"wd-negative-gap elementor-section elementor-top-section elementor-element elementor-element-fd63af3 elementor-section-boxed elementor-section-height-default elementor-section-height-default\" data-id=\"fd63af3\" data-element_type=\"section\" data-e-type=\"section\">\n\t\t\t\t\t\t<div class=\"elementor-container elementor-column-gap-default\">\n\t\t\t\t\t<div class=\"elementor-column elementor-col-100 elementor-top-column elementor-element elementor-element-a4aabc6\" data-id=\"a4aabc6\" data-element_type=\"column\" data-e-type=\"column\">\n\t\t\t<div class=\"elementor-widget-wrap elementor-element-populated\">\n\t\t\t\t\t\t<div class=\"elementor-element elementor-element-37031ed wd-width-100 elementor-widget elementor-widget-wd_title\" data-id=\"37031ed\" data-element_type=\"widget\" data-e-type=\"widget\" data-widget_type=\"wd_title.default\">\n\t\t\t\t<div class=\"elementor-widget-container\">\n\t\t\t\t\t\t\t<div class=\"title-wrapper wd-set-mb reset-last-child wd-title-color-default wd-title-style-default wd-title-size-medium text-left\">\n\n\t\t\t\n\t\t\t<div class=\"liner-continer\">\n\t\t\t\t<h4 class=\"woodmart-title-container title wd-fontsize-xl\">\u0418\u043d\u0444\u043e\u0440\u043c\u0430\u0446\u0438\u044f \u043e \u0441\u043f\u043e\u0441\u043e\u0431\u0430\u0445 \u043e\u043f\u043b\u0430\u0442\u044b<\/h4> \n\t\t\t\t\t\t\t<\/div>\n\n\t\t\t\t\t<\/div>\n\t\t\t\t\t\t<\/div>\n\t\t\t\t<\/div>\n\t\t\t\t<div class=\"elementor-element elementor-element-c006e2a elementor-widget elementor-widget-wd_text_block\" data-id=\"c006e2a\" data-element_type=\"widget\" data-e-type=\"widget\" data-widget_type=\"wd_text_block.default\">\n\t\t\t\t<div class=\"elementor-widget-container\">\n\t\t\t\t\t\t\t<div class=\"wd-text-block reset-last-child text-left\">\n\t\t\t\n\t\t\t<p>- \u0412\u044b \u043c\u043e\u0436\u0435\u0442\u0435 \u043e\u043f\u043b\u0430\u0442\u0438\u0442\u044c \u043d\u0430\u043b\u0438\u0447\u043d\u044b\u043c\u0438 \u043f\u0440\u0438 \u0441\u0430\u043c\u043e\u0432\u044b\u0432\u043e\u0437\u0435 \u0437\u0430\u043a\u0430\u0437\u0430 \u0438\u0437 \u043d\u0430\u0448\u0438\u0445 \u0441\u0430\u043b\u043e\u043d\u043e\u0432, \u043b\u0438\u0431\u043e \u043e\u043f\u043b\u0430\u0442\u0438\u0442\u044c \u043d\u0430\u043b\u0438\u0447\u043d\u044b\u043c\u0438 \u043f\u0440\u0438 \u043f\u043e\u043b\u0443\u0447\u0435\u043d\u0438\u0438 \u0437\u0430\u043a\u0430\u0437\u0430 \u043f\u0440\u0438 \u0434\u043e\u0441\u0442\u0430\u0432\u043a\u0435.<\/p><p>- \u0412\u044b \u043c\u043e\u0436\u0435\u0442\u0435 \u043e\u043f\u043b\u0430\u0442\u0438\u0442\u044c \u0431\u0430\u043d\u043a\u043e\u0432\u0441\u043a\u0438\u043c \u043f\u0435\u0440\u0435\u0432\u043e\u0434\u043e\u043c, \u0435\u0441\u043b\u0438 \u0432\u044b \u043a\u043e\u043c\u043f\u0430\u043d\u0438\u044f \u0438\u043b\u0438 \u0444\u0438\u0437\u0438\u0447\u0435\u0441\u043a\u043e\u0435 \u043b\u0438\u0446\u043e.<\/p><p>- \u0412\u044b \u043c\u043e\u0436\u0435\u0442\u0435 \u043e\u043f\u043b\u0430\u0442\u0438\u0442\u044c \u043a\u0430\u0440\u0442\u043e\u0439 \u0432 \u043d\u0430\u0448\u0438\u0445 \u0441\u0430\u043b\u043e\u043d\u0430\u0445 \u0438\u043b\u0438 \u043e\u043f\u043b\u0430\u0442\u0438\u0442\u044c \u043a\u0430\u0440\u0442\u043e\u0439 \u043f\u0440\u0438 \u0434\u043e\u0441\u0442\u0430\u0432\u043a\u0435 \u0437\u0430\u043a\u0430\u0437\u0430.<\/p>\n\t\t\t\t\t<\/div>\n\t\t\t\t\t\t<\/div>\n\t\t\t\t<\/div>\n\t\t\t\t\t<\/div>\n\t\t<\/div>\n\t\t\t\t\t<\/div>\n\t\t<\/section>\n\t\t\t\t<\/div>\n\t\t<div style=\"margin: 20px 0;\"><div class=\"qrcswholewtapper\" style=\"text-align:left;\"><div class=\"qrcprowrapper\"  id=\"qrcwraa2leds\"><div class=\"qrc_canvass\" id=\"qrc_cuttenpages_2\" style=\"display:inline-block\" data-text=\"https:\/\/creadivo.md\/ru\/payment-and-delivery\/\"><\/div><\/div><\/div><\/div>","protected":false},"excerpt":{"rendered":"<p>Informa\u021biei despre livrare Livrare gratuit\u0103 \u00een toat\u0103 \u021bara, \u00een cadrul programului de livr\u0103ri Livrare gratuit\u0103 \u00een toat\u0103 \u021bara, \u00een afara<\/p>","protected":false},"author":1,"featured_media":0,"parent":0,"menu_order":0,"comment_status":"closed","ping_status":"closed","template":"","meta":{"footnotes":""},"class_list":["post-281","page","type-page","status-publish","hentry"],"_links":{"self":[{"href":"https:\/\/creadivo.md\/ru\/wp-json\/wp\/v2\/pages\/281","targetHints":{"allow":["GET"]}}],"collection":[{"href":"https:\/\/creadivo.md\/ru\/wp-json\/wp\/v2\/pages"}],"about":[{"href":"https:\/\/creadivo.md\/ru\/wp-json\/wp\/v2\/types\/page"}],"author":[{"embeddable":true,"href":"https:\/\/creadivo.md\/ru\/wp-json\/wp\/v2\/users\/1"}],"replies":[{"embeddable":true,"href":"https:\/\/creadivo.md\/ru\/wp-json\/wp\/v2\/comments?post=281"}],"version-history":[{"count":59,"href":"https:\/\/creadivo.md\/ru\/wp-json\/wp\/v2\/pages\/281\/revisions"}],"predecessor-version":[{"id":70917,"href":"https:\/\/creadivo.md\/ru\/wp-json\/wp\/v2\/pages\/281\/revisions\/70917"}],"wp:attachment":[{"href":"https:\/\/creadivo.md\/ru\/wp-json\/wp\/v2\/media?parent=281"}],"curies":[{"name":"wp","href":"https:\/\/api.w.org\/{rel}","templated":true}]}}