{"id":42666,"date":"2024-05-25T08:27:10","date_gmt":"2024-05-25T08:27:10","guid":{"rendered":"https:\/\/creadivo.md\/?page_id=42666"},"modified":"2024-12-11T16:08:10","modified_gmt":"2024-12-11T16:08:10","slug":"termeni-si-conditii","status":"publish","type":"page","link":"https:\/\/creadivo.md\/ru\/termeni-si-conditii\/","title":{"rendered":"\u0423\u0441\u043b\u043e\u0432\u0438\u044f \u0438 \u043f\u043e\u043b\u043e\u0436\u0435\u043d\u0438\u044f"},"content":{"rendered":"<p>Prezen\u021bii Termeni \u0219i Condi\u021bii de utilizare a magazinului online www.creadivo.md sunt aplicabile comenzilor pentru achizi\u021bionarea produselor\/serviciilor oferite de compania Creadivo SRL prin intermediul site-ului.&nbsp;<\/p>\n\n\n\n<p>Compania noastr\u0103 se ocupa cu importul exclusiv de obiecte sanitare, de calitate Premium, de la produc\u0103tori renumi\u021bi \u00een \u00eentreaga lume, precum: REA, Creo Ceramique, KALE, Idevit, unde g\u0103se\u0219ti tot necesarul pentru a-\u021bi organiza baia perfect\u0103: Gresie \u0219i Faian\u021b\u0103, Cad\u0103 de baie, Baterii Sanitare, Coloane de Du\u0219, Cabine de Du\u0219, Lavoare, Vase WC, Bideu, Pisoare, Mobil\u0103 de Baie<\/p>\n\n\n\n<p>Pentru folosirea \u00een bune condi\u021bii a site-ului, v\u0103 recomand\u0103m familiarizarea cu aten\u021bie a Termenilor \u0219i Condi\u021bii-lor prezentate. Ne rezerv\u0103m dreptul de a face modific\u0103ri ale acestor prevederi, f\u0103r\u0103 o notificare prealabil\u0103.<\/p>\n\n\n\n<h2 class=\"wp-block-heading\">Dispozi\u021bii generale<\/h2>\n\n\n\n<p>Prin utilizarea site-ului www.creadivo.md , sunte\u021bi de acord \u00een mod automat cu colectarea \u0219i prelucrarea datelor cu caracter personal, care sunt necesare pentru procesarea\/confirmarea\/executarea comenzilor.<\/p>\n\n\n\n<p>Datele personale se prelucreaz\u0103 doar pentru scopuri legitime, precum acela de a furniza produsele pe care le comanzi, promo\u021bii, google analytics, cookies \u0219i notific\u0103ri\\newsletter.<\/p>\n\n\n\n<p>Toat\u0103 informa\u021bia ce con\u021bine date cu caracter personal este stocat\u0103 \u0219i utilizat\u0103 doar pentru perioada necesar\u0103 atingerii scopurilor pentru care a fost colectat\u0103 \u0219i \u00een conformitate cu prevederile stabilite de Legea nr. 133\/2011 privind protec\u021bia datelor cu caracter personal.<\/p>\n\n\n\n<p>Noi folosim m\u0103suri de securitate comerciale pentru a preveni accesul neautorizat, men\u021binerea exactit\u0103\u021bii date-lor \u0219i pentru asigurarea utiliz\u0103rii corecte a informa\u021biei de pe site. Transmiterea datelor pe internet sau prin re\u021bea wireless nu poate fi protejata \u00een totalitate. Prin urmare, la fel ca alte companii, noi nu putem garanta securitatea informa\u021biei pe care o ofer\u0103 Cump\u0103r\u0103torului, astfel, el va face acest lucru pe propria r\u0103spundere.<\/p>\n\n\n\n<h2 class=\"wp-block-heading\">\u00cenregistrarea \u0219i achitarea comenzii<\/h2>\n\n\n\n<p>Achitarea comenzilor este posibil\u0103 cu cardul de plat\u0103 \u2013 la primirea comenzii ve\u021bi primi bonul fiscal ce va confirma plata.<\/p>\n\n\n\n<p>Plata online se face \u00een condi\u021bii de siguran\u021ba maxima folosind ca instrument de plat\u0103 cardul de plat\u0103, care permite efectuarea de tranzac\u021bii online. Dup\u0103 efectuarea pl\u0103\u021bii ve\u021bi primi o confirmare de plata pe adresa dvs. de email.<\/p>\n\n\n\n<p>Procesatorul de plata folose\u0219te un sistem securizat, bazat pe ultima versiunea a standardului de securitate 3D-Secure ceea ce \u00eenseamn\u0103 o nou\u0103 abordare global\u0103 a autentific\u0103rii cump\u0103r\u0103torilor \u00een tranzac\u021bii sigure online. Aceasta m\u0103sura de siguran\u021ba presupune redirec\u021bionarea utilizatorului \u00een momentul efectu\u0103rii pla\u021bii pe o pagina securizata&nbsp;<strong>Paynet<\/strong>&nbsp;unde autentificarea fiec\u0103rui de\u021bin\u0103tor de card se face prin atribuirea unui cod de unic\u0103 folosin\u021be pentru fiecare tranzac\u021bie online.<\/p>\n\n\n\n<p>Rambursarea mijloacelor b\u0103ne\u0219ti se efectueaz\u0103 doar pe cardul de plat\u0103 care a fost folosit pentru achizi\u021bie.<\/p>\n\n\n\n<p>Pentru a efectua o plat\u0103, va trebui s\u0103 introduce\u021bi detaliile cardului dvs. bancar. Transferul acestor informa\u021bii se face \u00een conformitate cu toate m\u0103surile de securitate necesare. Informa\u021biile sunt transmise \u00een form\u0103 criptat\u0103 \u0219i sunt stocate numai pe un server specializat al sistemului de pl\u0103\u021bi.<\/p>\n\n\n\n<p>Pentru efectuarea pl\u0103\u021bii vor fi solicitate urm\u0103toarele date:<\/p>\n\n\n\n<ul class=\"wp-block-list\">\n<li>Num\u0103rul cardului (16 cifre)<\/li>\n\n\n\n<li>Data expir\u0103rii (luna \u0219i anul)<\/li>\n\n\n\n<li>Codul CVC sau CVV (3 cifre)<\/li>\n\n\n\n<li>Numele \u0219i prenumele de pe cardul de plat\u0103<\/li>\n<\/ul>\n\n\n\n<p>\u00cen cazul \u00een care valuta cardului difer\u0103 de valuta tranzac\u021biei (MDL), atunci la convertirea sumei re\u021binute din contul de card se vor aplica condi\u021biile b\u0103ncii emitente.<\/p>\n\n\n\n<h2 class=\"wp-block-heading\">Livrarea comenzii<\/h2>\n\n\n\n<p>Dup\u0103 \u00eenregistrarea comenzii, cump\u0103r\u0103torului i se ofer\u0103 informa\u021bia privind data preconizat\u0103 de transmitere a comenzii de c\u0103tre curieri \/ serviciul de livrare.<\/p>\n\n\n\n<p>Livrarea \u00een raza mun. Chi\u0219in\u0103u se efectueaz\u0103 \u00een timp de 3 zile lucratoare de la confirmarea a comenzii de c\u0103tre operatorii no\u0219tri. Livrarea se efectueaz\u0103 de la ora 9 \u00a0p\u00e2n\u0103 la ora 18 \u00a0\u0219i este\u00a0<strong>gratuit\u0103<\/strong>\u00a0pentru comenzi de minim \u00a03000 MDL, pentru comenzi cu valoare mai mic\u0103 se achit\u0103 livrarea 150 MDL (care va fi inclus\u0103 \u00een suma total\u0103 a tranzac\u021biei\/comenzii).<\/p>\n\n\n\n<p>Livrarea pe teritoriul R.Moldova se efectueaz\u0103 \u00een timp de 14 zile lucratoare, de la confirmarea comenzii de c\u0103tre operatorii no\u0219tri. Livrarea se efectueaz\u0103 de la ora 9 p\u00e2n\u0103 la ora 18 \u00a0\u0219i este\u00a0<strong>gratuit\u0103<\/strong>\u00a0pentru comenzi de minim 10000 MDL, pentru comenzi cu valoare mai mic\u0103 se achit\u0103 livrarea 250 MDL (care va fi inclus\u0103 \u00een suma total\u0103 a tranzac\u021biei\/comenzii).<\/p>\n\n\n\n<p>\u00cen zilele de duminic\u0103 sau s\u0103rb\u0103toare na\u021bional\u0103 nu se efectueaz\u0103 livr\u0103ri.<\/p>\n\n\n\n<p>Termenul de livrare se poate extinde \u00een anumite situa\u021bii izolate (de exemplu: condi\u021bii meteo nefavorabile, perioadele s\u0103rb\u0103torilor legale, probleme tehnice neprev\u0103zute etc). V\u0103 vom notifica \u00een cazul \u00een care \u00eent\u00e2mpin\u0103m una dintre situa\u021biile izolate \u00een prealabil.<\/p>\n\n\n\n<p>Pute\u021bi alege orice adresa pentru livrare \u2013 acas\u0103, \u00een oficiu sau oricare alt\u0103 adres\u0103, f\u0103r\u0103 achit\u0103ri suplimentare. Noi accept\u0103m o singur\u0103 adres\u0103 de livrare pentru fiecare comand\u0103. \u00cen cazul \u00een care ave\u021bi nevoie pentru a livra comanda pe diferite adrese, v\u0103 rug\u0103m s\u0103 \u00eenregistra\u021bi comenzi diferite pentru fiecare adres\u0103.<\/p>\n\n\n\n<p>La primirea produselor, v\u0103 rug\u0103m \u00een prezen\u021ba curierului s\u0103 verifica\u021bi integritatea ambalajului, prezen\u021ba bonului fiscal. Orice preten\u021bie ulterioar\u0103 cu privire la aceste aspecte nu vor fi acceptate.<\/p>\n\n\n\n<h2 class=\"wp-block-heading\">Dreptul la retur<\/h2>\n\n\n\n<p><strong>Conform no\u021biunii din Legea nr. 105-XV din 13 martie 2013 privind protec\u021bia consumatorilor&nbsp;<\/strong>Cump\u0103r\u0103torul are dreptul de a returna produs\/marfa procurat\u0103 din anumite motive \u00een timp de 14 zile de la ziua achit\u0103rii. Mijloacele b\u0103ne\u0219ti sunt returnate pe cardul de pe care s-a efectuat cump\u0103r\u0103tura.<\/p>\n\n\n\n<p><strong>Articolele de&nbsp;<\/strong><strong>articole exemplu<\/strong><strong>&nbsp;nu pot fi schimbate sau returnate,&nbsp;<\/strong>\u00een conformitate cu&nbsp; Anexa nr.2 a Hot\u0103r\u00e2rii Guvernului \u21161465 din&nbsp;08.12.2003 (MO248-253\/19.12.2003), \u00een redac\u021bia&nbsp;Hot\u0103r\u00e2rii Guvernului \u21161188 din&nbsp;02.11.2007 (\u041c\u041e175\/09.11.2007)<strong>.<\/strong><strong>&nbsp;<\/strong><\/p>\n\n\n\n<p><strong>Contactele companiei in caz de retur: +373 22 20 33 33<br>Termenul de procesare a cererii de retur: 3 zile<\/strong><\/p>\n\n\n\n<h2 class=\"wp-block-heading\">Politica de confiden\u021bialitate<\/h2>\n\n\n\n<p>\u00cen conformitate cu prevederile Legii Nr.133\/2011 privind protec\u021bia datelor cu caracter personal, furnizorul de servicii prelucreaz\u0103 date cu caracter personal. Datele cu caracter personal sunt prelucrate cu buna-credin\u021b\u0103 \u0219i se face \u00een temeiul \u0219i \u00een conformitate cu prevederile legale. Prelucrarea datelor cu caracter personal se realizeaz\u0103 prin mijloace mixte (automate \u0219i manuale), cu respectarea cerin\u021belor legale \u0219i \u00een condi\u021bii care s\u0103 asigure securitatea, confiden\u021bialitatea \u0219i respectarea drepturilor persoanelor vizate. Vezi <a href=\"\/ru\/politica-de-confidentialitate\/\">politica de confiden\u021bialitate<\/a>.<\/p>\n\n\n\n<h2 class=\"wp-block-heading\">Date contact<\/h2>\n\n\n\n<p>Denumirea juridica a companiei:&nbsp;<strong>Creadivo SRL<\/strong><\/p>\n\n\n\n<p>IDNO:&nbsp;<strong>1008600056318<\/strong><\/p>\n\n\n\n<p>Adresa juridica<strong>: str. Uzinelor 11, MD-2023<\/strong><br>Adresa fizica:\u00a0<strong>\u0423\u0437\u0438\u043d\u0435\u043b\u043e\u0440, 11, MD-2023<\/strong><br>Telefon de contact:\u00a0<a href=\"tel:078102222\">078102222<\/a><br>Email de contact:\u00a0<a href=\"mailto:info@credivo.md\" target=\"_blank\" rel=\"noreferrer noopener\">info@credivo.md<\/a><\/p>\n\n\n\n<p><\/p>\n<div style=\"margin: 20px 0;\"><div class=\"qrcswholewtapper\" style=\"text-align:left;\"><div class=\"qrcprowrapper\"  id=\"qrcwraa2leds\"><div class=\"qrc_canvass\" id=\"qrc_cuttenpages_2\" style=\"display:inline-block\" data-text=\"https:\/\/creadivo.md\/ru\/termeni-si-conditii\/\"><\/div><\/div><\/div><\/div>","protected":false},"excerpt":{"rendered":"<p>Prezen\u021bii Termeni \u0219i Condi\u021bii de utilizare a magazinului online www.creadivo.md sunt aplicabile comenzilor pentru achizi\u021bionarea produselor\/serviciilor oferite de compania Creadivo<\/p>","protected":false},"author":1,"featured_media":0,"parent":0,"menu_order":0,"comment_status":"closed","ping_status":"closed","template":"","meta":{"footnotes":""},"class_list":["post-42666","page","type-page","status-publish","hentry"],"_links":{"self":[{"href":"https:\/\/creadivo.md\/ru\/wp-json\/wp\/v2\/pages\/42666","targetHints":{"allow":["GET"]}}],"collection":[{"href":"https:\/\/creadivo.md\/ru\/wp-json\/wp\/v2\/pages"}],"about":[{"href":"https:\/\/creadivo.md\/ru\/wp-json\/wp\/v2\/types\/page"}],"author":[{"embeddable":true,"href":"https:\/\/creadivo.md\/ru\/wp-json\/wp\/v2\/users\/1"}],"replies":[{"embeddable":true,"href":"https:\/\/creadivo.md\/ru\/wp-json\/wp\/v2\/comments?post=42666"}],"version-history":[{"count":5,"href":"https:\/\/creadivo.md\/ru\/wp-json\/wp\/v2\/pages\/42666\/revisions"}],"predecessor-version":[{"id":65047,"href":"https:\/\/creadivo.md\/ru\/wp-json\/wp\/v2\/pages\/42666\/revisions\/65047"}],"wp:attachment":[{"href":"https:\/\/creadivo.md\/ru\/wp-json\/wp\/v2\/media?parent=42666"}],"curies":[{"name":"wp","href":"https:\/\/api.w.org\/{rel}","templated":true}]}}