{"id":42926,"date":"2024-06-10T19:28:20","date_gmt":"2024-06-10T19:28:20","guid":{"rendered":"https:\/\/creadivo.md\/?post_type=product&#038;p=42926"},"modified":"2026-03-28T00:10:12","modified_gmt":"2026-03-28T00:10:12","slug":"lavoar-pe-blat-rosa-white","status":"publish","type":"product","link":"https:\/\/creadivo.md\/ru\/product\/lavoar-pe-blat-rosa-white\/","title":{"rendered":"\u0423\u041c\u042b\u0412\u0410\u041b\u042c\u041d\u0418\u041a ROSA WHITE"},"content":{"rendered":"<p>O chiuvet\u0103 alb\u0103 ca z\u0103pada cu un aspect unic, modern. Forma bolului cu spa\u021biu suplimentar pentru baterii este combina\u021bia perfect\u0103 \u00eentre aspect deosebit \u0219i utilizare ridicat\u0103. Spre deosebire de alte chiuvete de blat \u00een form\u0103 de bol, chiuveta Rosa st\u0103 pe o suprafa\u021b\u0103 \u00een\u0103l\u021bat\u0103 \u0219i are un raft ridicat corespunz\u0103tor, cu un orificiu pentru montarea robinetului. Acest lucru face ca lavoarul s\u0103 fie foarte util \u0219i practic.<\/p>\n<div style=\"margin: 20px 0;\"><div class=\"qrcswholewtapper\" style=\"text-align:left;\"><div class=\"qrcprowrapper\"  id=\"qrcwraa2leds\"><div class=\"qrc_canvass\" id=\"qrc_cuttenpages_2\" style=\"display:inline-block\" data-text=\"https:\/\/creadivo.md\/ru\/product\/lavoar-pe-blat-rosa-white\/\"><\/div><\/div><\/div><\/div>","protected":false},"excerpt":{"rendered":"<p>O chiuvet\u0103 alb\u0103 ca z\u0103pada cu un aspect unic, modern. Forma bolului cu spa\u021biu suplimentar pentru baterii este combina\u021bia perfect\u0103<\/p>","protected":false},"featured_media":42927,"template":"","meta":[],"product_brand":[],"product_cat":[21,286],"product_tag":[],"class_list":{"0":"post-42926","1":"product","2":"type-product","3":"status-publish","4":"has-post-thumbnail","6":"product_cat-lavoare","7":"product_cat-lavoar-pe-blat","8":"pa_gaura-baterie-da","9":"pa_gaura-de-deversare-da","10":"pa_marimea-660x440x210mm","12":"first","13":"instock","14":"purchasable","15":"product-type-simple"},"_links":{"self":[{"href":"https:\/\/creadivo.md\/ru\/wp-json\/wp\/v2\/product\/42926","targetHints":{"allow":["GET"]}}],"collection":[{"href":"https:\/\/creadivo.md\/ru\/wp-json\/wp\/v2\/product"}],"about":[{"href":"https:\/\/creadivo.md\/ru\/wp-json\/wp\/v2\/types\/product"}],"version-history":[{"count":1,"href":"https:\/\/creadivo.md\/ru\/wp-json\/wp\/v2\/product\/42926\/revisions"}],"predecessor-version":[{"id":62450,"href":"https:\/\/creadivo.md\/ru\/wp-json\/wp\/v2\/product\/42926\/revisions\/62450"}],"wp:featuredmedia":[{"embeddable":true,"href":"https:\/\/creadivo.md\/ru\/wp-json\/wp\/v2\/media\/42927"}],"wp:attachment":[{"href":"https:\/\/creadivo.md\/ru\/wp-json\/wp\/v2\/media?parent=42926"}],"wp:term":[{"taxonomy":"product_brand","embeddable":true,"href":"https:\/\/creadivo.md\/ru\/wp-json\/wp\/v2\/product_brand?post=42926"},{"taxonomy":"product_cat","embeddable":true,"href":"https:\/\/creadivo.md\/ru\/wp-json\/wp\/v2\/product_cat?post=42926"},{"taxonomy":"product_tag","embeddable":true,"href":"https:\/\/creadivo.md\/ru\/wp-json\/wp\/v2\/product_tag?post=42926"}],"curies":[{"name":"wp","href":"https:\/\/api.w.org\/{rel}","templated":true}]}}