{"id":42932,"date":"2024-06-10T19:28:20","date_gmt":"2024-06-10T19:28:20","guid":{"rendered":"https:\/\/creadivo.md\/?post_type=product&#038;p=42932"},"modified":"2026-04-10T00:10:18","modified_gmt":"2026-04-10T00:10:18","slug":"baterie-lavoar-graf-chrome-high","status":"publish","type":"product","link":"https:\/\/creadivo.md\/ru\/product\/baterie-lavoar-graf-chrome-high\/","title":{"rendered":"\u0421\u041c\u0415\u0421\u0418\u0422\u0415\u041b\u042c \u0414\u041b\u042f \u0423\u041c\u042b\u0412\u0410\u041b\u042c\u041d\u0418\u041a\u0410 GRAF CHROME HIGH"},"content":{"rendered":"<p>Baterie Graf extrem de durabila si functionala realizata din alama de cea mai inalta calitate. Acest material asigur\u0103 fiabilitatea deplin\u0103 \u0219i garanteaz\u0103 func\u021bionarea f\u0103r\u0103 probleme a produsului pentru mul\u021bi ani. Capul ceramic v\u0103 va permite s\u0103 efectua\u021bi p\u00e2n\u0103 la 500.000 de cicluri de deschidere \u0219i \u00eenchidere a fluxului de ap\u0103. Acoperirea corpului robinetului cu straturi de crom confer\u0103 robinetului un aspect unic \u0219i \u00eel protejeaz\u0103 \u00eempotriva coroziunii \u0219i a p\u0103tarii. Forma frumoas\u0103 a robinetului se va potrivi perfect \u00een orice decor de baie.<\/p>\n<p>Robinetul practic de lavoar Graf se remarc\u0103 prin designul s\u0103u clasic. Capul s\u0103u din ceramic\u0103 &#8211; la fel ca \u00eentregul produs &#8211; este u\u0219or de p\u0103strat curat. O structur\u0103 de suprafa\u021b\u0103 perfect neted\u0103 nu favorizeaz\u0103 depunerea de poluan\u021bi; este, de asemenea, rezistent la zg\u00e2rieturi \u0219i deterior\u0103ri mecanice. Bateria se poate monta foarte usor in locul ales. Procesul de ata\u0219are la chiuvet\u0103 sau blat dureaz\u0103 doar un moment. Accesoriul este usor de folosit. Un buton special este folosit pentru a porni \u0219i opri jetul de ap\u0103 care curge de la robinet.<\/p>\n<div style=\"margin: 20px 0;\"><div class=\"qrcswholewtapper\" style=\"text-align:left;\"><div class=\"qrcprowrapper\"  id=\"qrcwraa2leds\"><div class=\"qrc_canvass\" id=\"qrc_cuttenpages_2\" style=\"display:inline-block\" data-text=\"https:\/\/creadivo.md\/ru\/product\/baterie-lavoar-graf-chrome-high\/\"><\/div><\/div><\/div><\/div>","protected":false},"excerpt":{"rendered":"<p>Baterie Graf extrem de durabila si functionala realizata din alama de cea mai inalta calitate. Acest material asigur\u0103 fiabilitatea deplin\u0103<\/p>","protected":false},"featured_media":42933,"template":"","meta":[],"product_brand":[],"product_cat":[29,289],"product_tag":[],"class_list":{"0":"post-42932","1":"product","2":"type-product","3":"status-publish","4":"has-post-thumbnail","6":"product_cat-baterii-sanitare","7":"product_cat-pentru-lavoar","8":"pa_cap-ceramica-cu-mixer","9":"pa_conexiune-3-8-inch","10":"pa_inaltime-305-mm","11":"pa_informatii-suplimentare-duza-fixa-aerator-de-aerare","12":"pa_instalare-pentru-lavoar-sau-blat","14":"first","15":"instock","16":"purchasable","17":"product-type-simple"},"_links":{"self":[{"href":"https:\/\/creadivo.md\/ru\/wp-json\/wp\/v2\/product\/42932","targetHints":{"allow":["GET"]}}],"collection":[{"href":"https:\/\/creadivo.md\/ru\/wp-json\/wp\/v2\/product"}],"about":[{"href":"https:\/\/creadivo.md\/ru\/wp-json\/wp\/v2\/types\/product"}],"version-history":[{"count":0,"href":"https:\/\/creadivo.md\/ru\/wp-json\/wp\/v2\/product\/42932\/revisions"}],"wp:featuredmedia":[{"embeddable":true,"href":"https:\/\/creadivo.md\/ru\/wp-json\/wp\/v2\/media\/42933"}],"wp:attachment":[{"href":"https:\/\/creadivo.md\/ru\/wp-json\/wp\/v2\/media?parent=42932"}],"wp:term":[{"taxonomy":"product_brand","embeddable":true,"href":"https:\/\/creadivo.md\/ru\/wp-json\/wp\/v2\/product_brand?post=42932"},{"taxonomy":"product_cat","embeddable":true,"href":"https:\/\/creadivo.md\/ru\/wp-json\/wp\/v2\/product_cat?post=42932"},{"taxonomy":"product_tag","embeddable":true,"href":"https:\/\/creadivo.md\/ru\/wp-json\/wp\/v2\/product_tag?post=42932"}],"curies":[{"name":"wp","href":"https:\/\/api.w.org\/{rel}","templated":true}]}}