{"id":42968,"date":"2024-06-10T19:28:20","date_gmt":"2024-06-10T19:28:20","guid":{"rendered":"https:\/\/creadivo.md\/?post_type=product&#038;p=42968"},"modified":"2026-03-31T00:10:21","modified_gmt":"2026-03-31T00:10:21","slug":"lavoar-pe-blat-cleo-61","status":"publish","type":"product","link":"https:\/\/creadivo.md\/ru\/product\/lavoar-pe-blat-cleo-61\/","title":{"rendered":"\u0423\u041c\u042b\u0412\u0410\u041b\u042c\u041d\u0418\u041a CLEO 61"},"content":{"rendered":"<p>Lavoarul ceramic Cleo white este un clasic intr-o varianta interesanta. Forma oval\u0103 o face sub\u021bire, ceea ce va aduce ordine \u0219i armonie \u00een baia ta. Lavoarul de blat Cleo se potriveste perfect cu blaturile din piatra naturala sau lemn. Este o combina\u021bie atemporal\u0103 care captiveaz\u0103 \u00eentotdeauna prin stilul \u0219i clasa sa. Pute\u021bi alege un robinet cromat clasic sau pute\u021bi opta pentru solu\u021bii mai moderne, precum fitingurile negre, mate. \u00cen orice caz, chiuveta ceramic\u0103 alb\u0103 Cleo\u00a0 va ar\u0103ta foarte atractiv.<\/p>\n<div style=\"margin: 20px 0;\"><div class=\"qrcswholewtapper\" style=\"text-align:left;\"><div class=\"qrcprowrapper\"  id=\"qrcwraa2leds\"><div class=\"qrc_canvass\" id=\"qrc_cuttenpages_2\" style=\"display:inline-block\" data-text=\"https:\/\/creadivo.md\/ru\/product\/lavoar-pe-blat-cleo-61\/\"><\/div><\/div><\/div><\/div>","protected":false},"excerpt":{"rendered":"<p>Lavoarul ceramic Cleo white este un clasic intr-o varianta interesanta. Forma oval\u0103 o face sub\u021bire, ceea ce va aduce ordine<\/p>","protected":false},"featured_media":42969,"template":"","meta":[],"product_brand":[],"product_cat":[21,286],"product_tag":[],"class_list":{"0":"post-42968","1":"product","2":"type-product","3":"status-publish","4":"has-post-thumbnail","6":"product_cat-lavoare","7":"product_cat-lavoar-pe-blat","8":"pa_gaura-baterie-nu","9":"pa_gaura-de-deversare-nu","10":"pa_marimea-605x410x140-mm","12":"first","13":"instock","14":"purchasable","15":"product-type-simple"},"_links":{"self":[{"href":"https:\/\/creadivo.md\/ru\/wp-json\/wp\/v2\/product\/42968","targetHints":{"allow":["GET"]}}],"collection":[{"href":"https:\/\/creadivo.md\/ru\/wp-json\/wp\/v2\/product"}],"about":[{"href":"https:\/\/creadivo.md\/ru\/wp-json\/wp\/v2\/types\/product"}],"version-history":[{"count":1,"href":"https:\/\/creadivo.md\/ru\/wp-json\/wp\/v2\/product\/42968\/revisions"}],"predecessor-version":[{"id":62451,"href":"https:\/\/creadivo.md\/ru\/wp-json\/wp\/v2\/product\/42968\/revisions\/62451"}],"wp:featuredmedia":[{"embeddable":true,"href":"https:\/\/creadivo.md\/ru\/wp-json\/wp\/v2\/media\/42969"}],"wp:attachment":[{"href":"https:\/\/creadivo.md\/ru\/wp-json\/wp\/v2\/media?parent=42968"}],"wp:term":[{"taxonomy":"product_brand","embeddable":true,"href":"https:\/\/creadivo.md\/ru\/wp-json\/wp\/v2\/product_brand?post=42968"},{"taxonomy":"product_cat","embeddable":true,"href":"https:\/\/creadivo.md\/ru\/wp-json\/wp\/v2\/product_cat?post=42968"},{"taxonomy":"product_tag","embeddable":true,"href":"https:\/\/creadivo.md\/ru\/wp-json\/wp\/v2\/product_tag?post=42968"}],"curies":[{"name":"wp","href":"https:\/\/api.w.org\/{rel}","templated":true}]}}