{"id":42995,"date":"2024-06-10T19:28:20","date_gmt":"2024-06-10T19:28:20","guid":{"rendered":"https:\/\/creadivo.md\/?post_type=product&#038;p=42995"},"modified":"2026-03-27T00:10:18","modified_gmt":"2026-03-27T00:10:18","slug":"lavoar-pe-blat-cindy-white","status":"publish","type":"product","link":"https:\/\/creadivo.md\/ru\/product\/lavoar-pe-blat-cindy-white\/","title":{"rendered":"\u0423\u041c\u042b\u0412\u0410\u041b\u042c\u041d\u0418\u041a CINDY WHITE"},"content":{"rendered":"<p>Lavoarul Cindy alb ca zapada cu un aspect unic si functionalitate la cel mai inalt nivel este un produs care va satisface nevoile celor mai pretentiosi utilizatori. Daca vrei ca baia ta sa fie dominata de simplitate si eleganta, chiuveta de blat Cindy este doar pentru tine. Poate fi o amenajare a unei b\u0103i \u00een stil clasic, dar va func\u021biona bine \u0219i \u00een interioare moderne &#8211; ca o pauz\u0103 de la minimalismul dominant. Formele ra\u021bionalizate \u0219i forma extrem de armonioas\u0103 sunt sinonime cu clasa atemporal\u0103. Lavoarul modern Cindy este o combina\u021bie \u00eentre o form\u0103 sofisticat\u0103 de bol cu ceramic\u0103 perfect\u0103 \u0219i o suprafa\u021b\u0103 neted\u0103.<\/p>\n<p>Acest produs este realizat din ceramic\u0103 sanitar\u0103 de \u00eenalt\u0103 calitate, care \u00ee\u0219i p\u0103streaz\u0103 aspectul original chiar \u0219i dup\u0103 o perioad\u0103 lung\u0103 de utilizare intensiv\u0103. Este echipat cu un orificiu de preaplin \u0219i un orificiu pentru robinet, pe care le pute\u021bi alege din gama noastr\u0103 larg\u0103 de accesorii pentru baie.<\/p>\n<div style=\"margin: 20px 0;\"><div class=\"qrcswholewtapper\" style=\"text-align:left;\"><div class=\"qrcprowrapper\"  id=\"qrcwraa2leds\"><div class=\"qrc_canvass\" id=\"qrc_cuttenpages_2\" style=\"display:inline-block\" data-text=\"https:\/\/creadivo.md\/ru\/product\/lavoar-pe-blat-cindy-white\/\"><\/div><\/div><\/div><\/div>","protected":false},"excerpt":{"rendered":"<p>Lavoarul Cindy alb ca zapada cu un aspect unic si functionalitate la cel mai inalt nivel este un produs care<\/p>","protected":false},"featured_media":42996,"template":"","meta":[],"product_brand":[],"product_cat":[21,286],"product_tag":[],"class_list":{"0":"post-42995","1":"product","2":"type-product","3":"status-publish","4":"has-post-thumbnail","6":"product_cat-lavoare","7":"product_cat-lavoar-pe-blat","8":"pa_gaura-baterie-da","9":"pa_gaura-de-deversare-da","10":"pa_marimea-585x390x220mm","12":"first","13":"instock","14":"purchasable","15":"product-type-simple"},"_links":{"self":[{"href":"https:\/\/creadivo.md\/ru\/wp-json\/wp\/v2\/product\/42995","targetHints":{"allow":["GET"]}}],"collection":[{"href":"https:\/\/creadivo.md\/ru\/wp-json\/wp\/v2\/product"}],"about":[{"href":"https:\/\/creadivo.md\/ru\/wp-json\/wp\/v2\/types\/product"}],"version-history":[{"count":1,"href":"https:\/\/creadivo.md\/ru\/wp-json\/wp\/v2\/product\/42995\/revisions"}],"predecessor-version":[{"id":62453,"href":"https:\/\/creadivo.md\/ru\/wp-json\/wp\/v2\/product\/42995\/revisions\/62453"}],"wp:featuredmedia":[{"embeddable":true,"href":"https:\/\/creadivo.md\/ru\/wp-json\/wp\/v2\/media\/42996"}],"wp:attachment":[{"href":"https:\/\/creadivo.md\/ru\/wp-json\/wp\/v2\/media?parent=42995"}],"wp:term":[{"taxonomy":"product_brand","embeddable":true,"href":"https:\/\/creadivo.md\/ru\/wp-json\/wp\/v2\/product_brand?post=42995"},{"taxonomy":"product_cat","embeddable":true,"href":"https:\/\/creadivo.md\/ru\/wp-json\/wp\/v2\/product_cat?post=42995"},{"taxonomy":"product_tag","embeddable":true,"href":"https:\/\/creadivo.md\/ru\/wp-json\/wp\/v2\/product_tag?post=42995"}],"curies":[{"name":"wp","href":"https:\/\/api.w.org\/{rel}","templated":true}]}}