{"id":43081,"date":"2024-06-10T19:48:18","date_gmt":"2024-06-10T19:48:18","guid":{"rendered":"https:\/\/creadivo.md\/?post_type=product&#038;p=43081"},"modified":"2026-03-27T00:10:22","modified_gmt":"2026-03-27T00:10:22","slug":"lavoar-pe-blat-melania","status":"publish","type":"product","link":"https:\/\/creadivo.md\/ru\/product\/lavoar-pe-blat-melania\/","title":{"rendered":"\u0423\u041c\u042b\u0412\u0410\u041b\u042c\u041d\u0418\u041a MELANIA"},"content":{"rendered":"<p>Datorit\u0103 finisajului s\u0103u alb ca z\u0103pada, chiuveta este u\u0219or de cur\u0103\u021bat. Forma moderna combinata cu forma conventionala a vasului atrage atentia tuturor. V\u0103 recomand\u0103m s\u0103 alege\u021bi un dop auriu \u0219i un robinet cu finisaj auriu pentru lavoar.<\/p>\n<div style=\"margin: 20px 0;\"><div class=\"qrcswholewtapper\" style=\"text-align:left;\"><div class=\"qrcprowrapper\"  id=\"qrcwraa2leds\"><div class=\"qrc_canvass\" id=\"qrc_cuttenpages_2\" style=\"display:inline-block\" data-text=\"https:\/\/creadivo.md\/ru\/product\/lavoar-pe-blat-melania\/\"><\/div><\/div><\/div><\/div>","protected":false},"excerpt":{"rendered":"<p>Datorit\u0103 finisajului s\u0103u alb ca z\u0103pada, chiuveta este u\u0219or de cur\u0103\u021bat. Forma moderna combinata cu forma conventionala a vasului atrage<\/p>","protected":false},"featured_media":43082,"template":"","meta":[],"product_brand":[],"product_cat":[21,286],"product_tag":[],"class_list":{"0":"post-43081","1":"product","2":"type-product","3":"status-publish","4":"has-post-thumbnail","6":"product_cat-lavoare","7":"product_cat-lavoar-pe-blat","8":"pa_gaura-baterie-nu","9":"pa_gaura-de-deversare-nu","10":"pa_marimea-600x405x145mm","12":"first","13":"instock","14":"purchasable","15":"product-type-simple"},"_links":{"self":[{"href":"https:\/\/creadivo.md\/ru\/wp-json\/wp\/v2\/product\/43081","targetHints":{"allow":["GET"]}}],"collection":[{"href":"https:\/\/creadivo.md\/ru\/wp-json\/wp\/v2\/product"}],"about":[{"href":"https:\/\/creadivo.md\/ru\/wp-json\/wp\/v2\/types\/product"}],"version-history":[{"count":0,"href":"https:\/\/creadivo.md\/ru\/wp-json\/wp\/v2\/product\/43081\/revisions"}],"wp:featuredmedia":[{"embeddable":true,"href":"https:\/\/creadivo.md\/ru\/wp-json\/wp\/v2\/media\/43082"}],"wp:attachment":[{"href":"https:\/\/creadivo.md\/ru\/wp-json\/wp\/v2\/media?parent=43081"}],"wp:term":[{"taxonomy":"product_brand","embeddable":true,"href":"https:\/\/creadivo.md\/ru\/wp-json\/wp\/v2\/product_brand?post=43081"},{"taxonomy":"product_cat","embeddable":true,"href":"https:\/\/creadivo.md\/ru\/wp-json\/wp\/v2\/product_cat?post=43081"},{"taxonomy":"product_tag","embeddable":true,"href":"https:\/\/creadivo.md\/ru\/wp-json\/wp\/v2\/product_tag?post=43081"}],"curies":[{"name":"wp","href":"https:\/\/api.w.org\/{rel}","templated":true}]}}