{"id":43100,"date":"2024-06-10T19:48:39","date_gmt":"2024-06-10T19:48:39","guid":{"rendered":"https:\/\/creadivo.md\/?post_type=product&#038;p=43100"},"modified":"2026-04-08T00:10:28","modified_gmt":"2026-04-08T00:10:28","slug":"paravan-pentru-cada-agat-chrome-80","status":"publish","type":"product","link":"https:\/\/creadivo.md\/ru\/product\/paravan-pentru-cada-agat-chrome-80\/","title":{"rendered":"\u0428\u0422\u041e\u0420\u041a\u0410 \u0414\u041b\u042f \u0412\u0410\u041d\u041d\u042b AGAT CHROME 80"},"content":{"rendered":"<p>Paravan pentru cada Agat, elegant \u0219i func\u021bional, poate fi montat pe marginea c\u0103zii. Avantajul s\u0103u este o structur\u0103 u\u0219oar\u0103, stabil\u0103. Sticla transparent\u0103 este u\u0219or de cur\u0103\u021bat de diverse murd\u0103rie care pot ap\u0103rea pe ea. Folose\u0219te doar un produs obi\u0219nuit de cur\u0103\u021bat geamuri. Produsul are at\u00e2t func\u021bii estetice, c\u00e2t \u0219i func\u021bionale. Este un element elegant al interiorului unei b\u0103i decorate at\u00e2t \u00een stil clasic, c\u00e2t \u0219i modern. Modelul este potrivit pentru utilizare pe termen lung.<\/p>\n<div style=\"margin: 20px 0;\"><div class=\"qrcswholewtapper\" style=\"text-align:left;\"><div class=\"qrcprowrapper\"  id=\"qrcwraa2leds\"><div class=\"qrc_canvass\" id=\"qrc_cuttenpages_2\" style=\"display:inline-block\" data-text=\"https:\/\/creadivo.md\/ru\/product\/paravan-pentru-cada-agat-chrome-80\/\"><\/div><\/div><\/div><\/div>","protected":false},"excerpt":{"rendered":"<p>Paravan pentru cada Agat, elegant \u0219i func\u021bional, poate fi montat pe marginea c\u0103zii. Avantajul s\u0103u este o structur\u0103 u\u0219oar\u0103, stabil\u0103.<\/p>","protected":false},"featured_media":43101,"template":"","meta":[],"product_brand":[],"product_cat":[2068],"product_tag":[],"class_list":{"0":"post-43100","1":"product","2":"type-product","3":"status-publish","4":"has-post-thumbnail","6":"product_cat-paravane-pentru-cazi-de-baie","7":"pa_directia-de-instalare-universal","8":"pa_grosime-de-sticla-5-mm-intarit","9":"pa_informatii-suplimentare-ecran-cu-2-foi-cu-etansare-inferioara","10":"pa_pliere-in-interior-in-exterior","12":"first","13":"instock","14":"purchasable","15":"product-type-simple"},"_links":{"self":[{"href":"https:\/\/creadivo.md\/ru\/wp-json\/wp\/v2\/product\/43100","targetHints":{"allow":["GET"]}}],"collection":[{"href":"https:\/\/creadivo.md\/ru\/wp-json\/wp\/v2\/product"}],"about":[{"href":"https:\/\/creadivo.md\/ru\/wp-json\/wp\/v2\/types\/product"}],"version-history":[{"count":0,"href":"https:\/\/creadivo.md\/ru\/wp-json\/wp\/v2\/product\/43100\/revisions"}],"wp:featuredmedia":[{"embeddable":true,"href":"https:\/\/creadivo.md\/ru\/wp-json\/wp\/v2\/media\/43101"}],"wp:attachment":[{"href":"https:\/\/creadivo.md\/ru\/wp-json\/wp\/v2\/media?parent=43100"}],"wp:term":[{"taxonomy":"product_brand","embeddable":true,"href":"https:\/\/creadivo.md\/ru\/wp-json\/wp\/v2\/product_brand?post=43100"},{"taxonomy":"product_cat","embeddable":true,"href":"https:\/\/creadivo.md\/ru\/wp-json\/wp\/v2\/product_cat?post=43100"},{"taxonomy":"product_tag","embeddable":true,"href":"https:\/\/creadivo.md\/ru\/wp-json\/wp\/v2\/product_tag?post=43100"}],"curies":[{"name":"wp","href":"https:\/\/api.w.org\/{rel}","templated":true}]}}