{"id":43146,"date":"2024-06-10T19:49:20","date_gmt":"2024-06-10T19:49:20","guid":{"rendered":"https:\/\/creadivo.md\/?post_type=product&#038;p=43146"},"modified":"2026-04-08T00:10:30","modified_gmt":"2026-04-08T00:10:30","slug":"usa-de-dus-alex-chrome-120","status":"publish","type":"product","link":"https:\/\/creadivo.md\/ru\/product\/usa-de-dus-alex-chrome-120\/","title":{"rendered":"\u0414\u0423\u0428\u0415\u0412\u0410\u042f \u0414\u0412\u0415\u0420\u042c ALEX CHROME 120"},"content":{"rendered":"<p>U\u0219ile de du\u0219 Alex sunt cea mai bun\u0103 combina\u021bie \u00eentre estetica b\u0103ii \u0219i confortul \u00eemb\u0103ierii. Sunt fabricate din sticl\u0103 c\u0103lit\u0103 de cea mai bun\u0103 calitate \u0219i au un strat modern EasyClean.<\/p>\n<p>U\u0219ile Alex constau dintr-un element fix \u0219i dou\u0103 elemente glisante. \u00cen cele din urm\u0103, direc\u021bia u\u0219ii este pe dreapta. Pentru a schimba direc\u021bia u\u0219ii spre st\u00e2nga, de\u0219uruba\u021bi profilele verticale din elementul mobil cel mai exterior, cu banda proeminent\u0103 sub form\u0103 de m\u00e2ner \u0219i muta\u021bi-le pe cealalt\u0103 parte a geamului.<\/p>\n<div style=\"margin: 20px 0;\"><div class=\"qrcswholewtapper\" style=\"text-align:left;\"><div class=\"qrcprowrapper\"  id=\"qrcwraa2leds\"><div class=\"qrc_canvass\" id=\"qrc_cuttenpages_2\" style=\"display:inline-block\" data-text=\"https:\/\/creadivo.md\/ru\/product\/usa-de-dus-alex-chrome-120\/\"><\/div><\/div><\/div><\/div>","protected":false},"excerpt":{"rendered":"<p>U\u0219ile de du\u0219 Alex sunt cea mai bun\u0103 combina\u021bie \u00eentre estetica b\u0103ii \u0219i confortul \u00eemb\u0103ierii. Sunt fabricate din sticl\u0103 c\u0103lit\u0103<\/p>","protected":false},"featured_media":43147,"template":"","meta":[],"product_brand":[],"product_cat":[24,1335],"product_tag":[],"class_list":{"0":"post-43146","1":"product","2":"type-product","3":"status-publish","4":"has-post-thumbnail","6":"product_cat-cabine-de-dus","7":"product_cat-usi-pentru-cabine-de-dus","8":"pa_acoperire-usor-curatat","9":"pa_directia-de-instalare-universal","10":"pa_grosime-de-sticla-4mm-intarit","11":"pa_inaltime-190-cm","12":"pa_informatii-suplimentare-usa-din-3-piese-1-parte-fixa-si-2-parti-culisante","13":"pa_instalare-pe-cabina-de-dus-sau-direct-pe-podea","14":"pa_posibilitate-de-prelungire-nu","15":"pa_tip-de-usa-alunecare","17":"first","18":"instock","19":"purchasable","20":"product-type-simple"},"_links":{"self":[{"href":"https:\/\/creadivo.md\/ru\/wp-json\/wp\/v2\/product\/43146","targetHints":{"allow":["GET"]}}],"collection":[{"href":"https:\/\/creadivo.md\/ru\/wp-json\/wp\/v2\/product"}],"about":[{"href":"https:\/\/creadivo.md\/ru\/wp-json\/wp\/v2\/types\/product"}],"version-history":[{"count":0,"href":"https:\/\/creadivo.md\/ru\/wp-json\/wp\/v2\/product\/43146\/revisions"}],"wp:featuredmedia":[{"embeddable":true,"href":"https:\/\/creadivo.md\/ru\/wp-json\/wp\/v2\/media\/43147"}],"wp:attachment":[{"href":"https:\/\/creadivo.md\/ru\/wp-json\/wp\/v2\/media?parent=43146"}],"wp:term":[{"taxonomy":"product_brand","embeddable":true,"href":"https:\/\/creadivo.md\/ru\/wp-json\/wp\/v2\/product_brand?post=43146"},{"taxonomy":"product_cat","embeddable":true,"href":"https:\/\/creadivo.md\/ru\/wp-json\/wp\/v2\/product_cat?post=43146"},{"taxonomy":"product_tag","embeddable":true,"href":"https:\/\/creadivo.md\/ru\/wp-json\/wp\/v2\/product_tag?post=43146"}],"curies":[{"name":"wp","href":"https:\/\/api.w.org\/{rel}","templated":true}]}}