{"id":43162,"date":"2024-06-10T19:50:09","date_gmt":"2024-06-10T19:50:09","guid":{"rendered":"https:\/\/creadivo.md\/?post_type=product&#038;p=43162"},"modified":"2026-04-01T17:15:07","modified_gmt":"2026-04-01T17:15:07","slug":"lavoar-pe-blat-royal","status":"publish","type":"product","link":"https:\/\/creadivo.md\/ru\/product\/lavoar-pe-blat-royal\/","title":{"rendered":"\u0423\u041c\u042b\u0412\u0410\u041b\u042c\u041d\u0418\u041a ROYAL"},"content":{"rendered":"<p>Daca vrei sa introduci functionalitate si modernitate in baia ta, chiuveta Royal este perfecta pentru tine. Lavoarul este realizat din ceramic\u0103 sanitar\u0103 alb\u0103 ca z\u0103pada de \u00eenalt\u0103 calitate.<\/p>\n<p>Royal este proiectat pentru a fi montat pe un blat sau un dulap de baie, ceea ce v\u0103 permite s\u0103 economisi\u021bi mult spa\u021biu, subliniind \u00een acela\u0219i timp elegant interiorul elegant.<\/p>\n<div style=\"margin: 20px 0;\"><div class=\"qrcswholewtapper\" style=\"text-align:left;\"><div class=\"qrcprowrapper\"  id=\"qrcwraa2leds\"><div class=\"qrc_canvass\" id=\"qrc_cuttenpages_2\" style=\"display:inline-block\" data-text=\"https:\/\/creadivo.md\/ru\/product\/lavoar-pe-blat-royal\/\"><\/div><\/div><\/div><\/div>","protected":false},"excerpt":{"rendered":"<p>Daca vrei sa introduci functionalitate si modernitate in baia ta, chiuveta Royal este perfecta pentru tine. Lavoarul este realizat din<\/p>","protected":false},"featured_media":43163,"template":"","meta":[],"product_brand":[],"product_cat":[21,286],"product_tag":[],"class_list":{"0":"post-43162","1":"product","2":"type-product","3":"status-publish","4":"has-post-thumbnail","6":"product_cat-lavoare","7":"product_cat-lavoar-pe-blat","8":"pa_gaura-baterie-nu","9":"pa_gaura-de-deversare-nu","10":"pa_marimea-620x360x160mm","12":"first","13":"instock","14":"purchasable","15":"product-type-simple"},"_links":{"self":[{"href":"https:\/\/creadivo.md\/ru\/wp-json\/wp\/v2\/product\/43162","targetHints":{"allow":["GET"]}}],"collection":[{"href":"https:\/\/creadivo.md\/ru\/wp-json\/wp\/v2\/product"}],"about":[{"href":"https:\/\/creadivo.md\/ru\/wp-json\/wp\/v2\/types\/product"}],"version-history":[{"count":0,"href":"https:\/\/creadivo.md\/ru\/wp-json\/wp\/v2\/product\/43162\/revisions"}],"wp:featuredmedia":[{"embeddable":true,"href":"https:\/\/creadivo.md\/ru\/wp-json\/wp\/v2\/media\/43163"}],"wp:attachment":[{"href":"https:\/\/creadivo.md\/ru\/wp-json\/wp\/v2\/media?parent=43162"}],"wp:term":[{"taxonomy":"product_brand","embeddable":true,"href":"https:\/\/creadivo.md\/ru\/wp-json\/wp\/v2\/product_brand?post=43162"},{"taxonomy":"product_cat","embeddable":true,"href":"https:\/\/creadivo.md\/ru\/wp-json\/wp\/v2\/product_cat?post=43162"},{"taxonomy":"product_tag","embeddable":true,"href":"https:\/\/creadivo.md\/ru\/wp-json\/wp\/v2\/product_tag?post=43162"}],"curies":[{"name":"wp","href":"https:\/\/api.w.org\/{rel}","templated":true}]}}