{"id":43188,"date":"2024-06-10T19:50:45","date_gmt":"2024-06-10T19:50:45","guid":{"rendered":"https:\/\/creadivo.md\/?post_type=product&#038;p=43188"},"modified":"2026-04-09T00:10:17","modified_gmt":"2026-04-09T00:10:17","slug":"cabina-de-dus-punto-chrome-80x80","status":"publish","type":"product","link":"https:\/\/creadivo.md\/ru\/product\/cabina-de-dus-punto-chrome-80x80\/","title":{"rendered":"\u0414\u0423\u0428\u0415\u0412\u0410\u042f \u041a\u0410\u0411\u0418\u041d\u0410 PUNTO CHROME 80\u00d780"},"content":{"rendered":"<p>Functionalitate si estetica &#8211; aceste cuvinte descriu cel mai bine cabina noastra de dus Punto. Cabina cu siguran\u021b\u0103 se va potrivi foarte bine cu alte elemente de design de baie. V\u0103 rug\u0103m s\u0103 verifica\u021bi \u0219i celelalte oferte din magazinul nostru!<\/p>\n<div style=\"margin: 20px 0;\"><div class=\"qrcswholewtapper\" style=\"text-align:left;\"><div class=\"qrcprowrapper\"  id=\"qrcwraa2leds\"><div class=\"qrc_canvass\" id=\"qrc_cuttenpages_2\" style=\"display:inline-block\" data-text=\"https:\/\/creadivo.md\/ru\/product\/cabina-de-dus-punto-chrome-80x80\/\"><\/div><\/div><\/div><\/div>","protected":false},"excerpt":{"rendered":"<p>Functionalitate si estetica &#8211; aceste cuvinte descriu cel mai bine cabina noastra de dus Punto. Cabina cu siguran\u021b\u0103 se va<\/p>","protected":false},"featured_media":43189,"template":"","meta":[],"product_brand":[],"product_cat":[24,298],"product_tag":[],"class_list":{"0":"post-43188","1":"product","2":"type-product","3":"status-publish","4":"has-post-thumbnail","6":"product_cat-cabine-de-dus","7":"product_cat-cabine-de-colt","8":"pa_directia-de-instalare-universal","9":"pa_grosime-de-sticla-5-mm-sticla-mobila-4-mm-sticla-fixa-intarit","10":"pa_inaltime-190-cm","11":"pa_instalare-pe-cabina-de-dus-sau-direct-pe-podea","12":"pa_tip-cabina-colt-alunecare","14":"first","15":"instock","16":"purchasable","17":"product-type-simple"},"_links":{"self":[{"href":"https:\/\/creadivo.md\/ru\/wp-json\/wp\/v2\/product\/43188","targetHints":{"allow":["GET"]}}],"collection":[{"href":"https:\/\/creadivo.md\/ru\/wp-json\/wp\/v2\/product"}],"about":[{"href":"https:\/\/creadivo.md\/ru\/wp-json\/wp\/v2\/types\/product"}],"version-history":[{"count":0,"href":"https:\/\/creadivo.md\/ru\/wp-json\/wp\/v2\/product\/43188\/revisions"}],"wp:featuredmedia":[{"embeddable":true,"href":"https:\/\/creadivo.md\/ru\/wp-json\/wp\/v2\/media\/43189"}],"wp:attachment":[{"href":"https:\/\/creadivo.md\/ru\/wp-json\/wp\/v2\/media?parent=43188"}],"wp:term":[{"taxonomy":"product_brand","embeddable":true,"href":"https:\/\/creadivo.md\/ru\/wp-json\/wp\/v2\/product_brand?post=43188"},{"taxonomy":"product_cat","embeddable":true,"href":"https:\/\/creadivo.md\/ru\/wp-json\/wp\/v2\/product_cat?post=43188"},{"taxonomy":"product_tag","embeddable":true,"href":"https:\/\/creadivo.md\/ru\/wp-json\/wp\/v2\/product_tag?post=43188"}],"curies":[{"name":"wp","href":"https:\/\/api.w.org\/{rel}","templated":true}]}}