{"id":43309,"date":"2024-06-10T19:52:25","date_gmt":"2024-06-10T19:52:25","guid":{"rendered":"https:\/\/creadivo.md\/?post_type=product&#038;p=43309"},"modified":"2026-03-27T00:10:29","modified_gmt":"2026-03-27T00:10:29","slug":"lavoar-incorporat-dafne","status":"publish","type":"product","link":"https:\/\/creadivo.md\/ru\/product\/lavoar-incorporat-dafne\/","title":{"rendered":"\u0423\u041c\u042b\u0412\u0410\u041b\u042c\u041d\u0418\u041a \u0412\u0420\u0415\u0417\u041d\u041e\u0419 DAFNE"},"content":{"rendered":"<p>Lavoarul Dafne este unul dintre modelele de top conceput pentru a fi instalat pe un dulap sau blat prin incasarea lavoarului. Clien\u021bii au apreciat acest lavoar datorit\u0103 folosirii marginilor largi, care permit ca spa\u021biul din jurul chiuvetei s\u0103 fie p\u0103strat impecabil de curat. Lavoarul este foarte practic si functional. Perfect \u00een combina\u021bie cu robinete \u0219i un sifon cu preaplin.<\/p>\n<div style=\"margin: 20px 0;\"><div class=\"qrcswholewtapper\" style=\"text-align:left;\"><div class=\"qrcprowrapper\"  id=\"qrcwraa2leds\"><div class=\"qrc_canvass\" id=\"qrc_cuttenpages_2\" style=\"display:inline-block\" data-text=\"https:\/\/creadivo.md\/ru\/product\/lavoar-incorporat-dafne\/\"><\/div><\/div><\/div><\/div>","protected":false},"excerpt":{"rendered":"<p>Lavoarul Dafne este unul dintre modelele de top conceput pentru a fi instalat pe un dulap sau blat prin incasarea<\/p>","protected":false},"featured_media":43310,"template":"","meta":[],"product_brand":[],"product_cat":[21,287],"product_tag":[],"class_list":{"0":"post-43309","1":"product","2":"type-product","3":"status-publish","4":"has-post-thumbnail","6":"product_cat-lavoare","7":"product_cat-lovor-incorporat","8":"pa_gaura-baterie-da","9":"pa_gaura-de-deversare-da","10":"pa_marimea-615x465x170-mm","12":"first","13":"instock","14":"purchasable","15":"product-type-simple"},"_links":{"self":[{"href":"https:\/\/creadivo.md\/ru\/wp-json\/wp\/v2\/product\/43309","targetHints":{"allow":["GET"]}}],"collection":[{"href":"https:\/\/creadivo.md\/ru\/wp-json\/wp\/v2\/product"}],"about":[{"href":"https:\/\/creadivo.md\/ru\/wp-json\/wp\/v2\/types\/product"}],"version-history":[{"count":0,"href":"https:\/\/creadivo.md\/ru\/wp-json\/wp\/v2\/product\/43309\/revisions"}],"wp:featuredmedia":[{"embeddable":true,"href":"https:\/\/creadivo.md\/ru\/wp-json\/wp\/v2\/media\/43310"}],"wp:attachment":[{"href":"https:\/\/creadivo.md\/ru\/wp-json\/wp\/v2\/media?parent=43309"}],"wp:term":[{"taxonomy":"product_brand","embeddable":true,"href":"https:\/\/creadivo.md\/ru\/wp-json\/wp\/v2\/product_brand?post=43309"},{"taxonomy":"product_cat","embeddable":true,"href":"https:\/\/creadivo.md\/ru\/wp-json\/wp\/v2\/product_cat?post=43309"},{"taxonomy":"product_tag","embeddable":true,"href":"https:\/\/creadivo.md\/ru\/wp-json\/wp\/v2\/product_tag?post=43309"}],"curies":[{"name":"wp","href":"https:\/\/api.w.org\/{rel}","templated":true}]}}