{"id":43315,"date":"2024-06-10T19:52:40","date_gmt":"2024-06-10T19:52:40","guid":{"rendered":"https:\/\/creadivo.md\/?post_type=product&#038;p=43315"},"modified":"2026-04-10T00:10:24","modified_gmt":"2026-04-10T00:10:24","slug":"lavoar-pe-blat-amelia","status":"publish","type":"product","link":"https:\/\/creadivo.md\/ru\/product\/lavoar-pe-blat-amelia\/","title":{"rendered":"\u0423\u041c\u042b\u0412\u0410\u041b\u042c\u041d\u0418\u041a AMELIA"},"content":{"rendered":"<p>Va prezentam un lavoar Amelia frumos, extrem de functional si modern Este un produs care va umple perfect spatiul din baie, pastrand aspectul si estetica impecabila a interiorului.<br \/>\nLavoarul Rea Amelia 48 este o chiuveta de blat, deci este potrivita pentru instalarea pe blat sau dulap. Este realizat din ceramic\u0103 sanitar\u0103 de \u00eenalt\u0103 calitate. Datorit\u0103 unei faze speciale de produc\u021bie, este durabil \u0219i u\u0219or de p\u0103strat curat.<\/p>\n<p>Forma unic\u0103 a chiuvetei va \u00eenc\u00e2nta pe oricine \u00eei ar\u0103ta\u021bi baia. Forma universala inseamna ca poate fi adaptata la interioare moderne, minimaliste, clasice sau chiar la o baie in stil retro.<br \/>\nPrin montarea lavoarului pe un blat sau un dulap de baie, c\u00e2\u0219tigi mult spa\u021biu pe care \u00eel po\u021bi folosi \u00een diverse moduri. O astfel de solu\u021bie practic\u0103 va func\u021biona cu siguran\u021b\u0103 nu numai acas\u0103, ci \u0219i \u00een \u00eenc\u0103perile utilitare, de exemplu, birouri sau puncte de service. Aceasta este cu siguran\u021b\u0103 o caracteristic\u0103 important\u0103 pentru proprietarii de camere mici, dar poate fi important\u0103 \u0219i pentru proprietarii de b\u0103i mari.<\/p>\n<p>Pute\u021bi alege robinete \u0219i sifoane adecvate \u00een diferite stiluri \u0219i dimensiuni pentru chiuveta Amelia. Le ve\u021bi g\u0103si \u00een oferta noastr\u0103, astfel \u00eenc\u00e2t s\u0103 pute\u021bi cump\u0103ra imediat toate echipamentele necesare pentru a v\u0103 amenaja cu stil baia.<\/p>\n<p>De asemenea, v\u0103 invit\u0103m s\u0103 vizualiza\u021bi \u00eentreaga ofert\u0103. Datorit\u0103 acestui lucru, pute\u021bi asorta cu u\u0219urin\u021b\u0103 chiuveta cu vasul de toalet\u0103 \u0219i alte echipamente de baie, cre\u00e2nd astfel o aranjare coerent\u0103 \u0219i estetic\u0103. Dac\u0103 ave\u021bi nevoie de sfaturi, v\u0103 rug\u0103m s\u0103 contacta\u021bi exper\u021bii no\u0219tri.<\/p>\n<div style=\"margin: 20px 0;\"><div class=\"qrcswholewtapper\" style=\"text-align:left;\"><div class=\"qrcprowrapper\"  id=\"qrcwraa2leds\"><div class=\"qrc_canvass\" id=\"qrc_cuttenpages_2\" style=\"display:inline-block\" data-text=\"https:\/\/creadivo.md\/ru\/product\/lavoar-pe-blat-amelia\/\"><\/div><\/div><\/div><\/div>","protected":false},"excerpt":{"rendered":"<p>Va prezentam un lavoar Amelia frumos, extrem de functional si modern Este un produs care va umple perfect spatiul din<\/p>","protected":false},"featured_media":43316,"template":"","meta":[],"product_brand":[],"product_cat":[21,286],"product_tag":[],"class_list":{"0":"post-43315","1":"product","2":"type-product","3":"status-publish","4":"has-post-thumbnail","6":"product_cat-lavoare","7":"product_cat-lavoar-pe-blat","8":"pa_gaura-baterie-nu","9":"pa_gaura-de-deversare-nu","10":"pa_marimea-480x345x135mm","12":"first","13":"instock","14":"purchasable","15":"product-type-simple"},"_links":{"self":[{"href":"https:\/\/creadivo.md\/ru\/wp-json\/wp\/v2\/product\/43315","targetHints":{"allow":["GET"]}}],"collection":[{"href":"https:\/\/creadivo.md\/ru\/wp-json\/wp\/v2\/product"}],"about":[{"href":"https:\/\/creadivo.md\/ru\/wp-json\/wp\/v2\/types\/product"}],"version-history":[{"count":0,"href":"https:\/\/creadivo.md\/ru\/wp-json\/wp\/v2\/product\/43315\/revisions"}],"wp:featuredmedia":[{"embeddable":true,"href":"https:\/\/creadivo.md\/ru\/wp-json\/wp\/v2\/media\/43316"}],"wp:attachment":[{"href":"https:\/\/creadivo.md\/ru\/wp-json\/wp\/v2\/media?parent=43315"}],"wp:term":[{"taxonomy":"product_brand","embeddable":true,"href":"https:\/\/creadivo.md\/ru\/wp-json\/wp\/v2\/product_brand?post=43315"},{"taxonomy":"product_cat","embeddable":true,"href":"https:\/\/creadivo.md\/ru\/wp-json\/wp\/v2\/product_cat?post=43315"},{"taxonomy":"product_tag","embeddable":true,"href":"https:\/\/creadivo.md\/ru\/wp-json\/wp\/v2\/product_tag?post=43315"}],"curies":[{"name":"wp","href":"https:\/\/api.w.org\/{rel}","templated":true}]}}