{"id":43333,"date":"2024-06-10T19:52:55","date_gmt":"2024-06-10T19:52:55","guid":{"rendered":"https:\/\/creadivo.md\/?post_type=product&#038;p=43333"},"modified":"2025-09-29T08:12:31","modified_gmt":"2025-09-29T08:12:31","slug":"baterie-cada-freestanding-lungo-ortis-chrome","status":"publish","type":"product","link":"https:\/\/creadivo.md\/ru\/product\/baterie-cada-freestanding-lungo-ortis-chrome\/","title":{"rendered":"\u0421\u041c\u0415\u0421\u0418\u0422\u0415\u041b\u042c \u0414\u041b\u042f \u0412\u0410\u041d\u041d\u042b \u041d\u0410\u041f\u041e\u041b\u042c\u041d\u042b\u0419 LUNGO ORTIS CHROME"},"content":{"rendered":"<p>Bateria pentru cad\u0103 freestanding este un accesoriu elegant \u0219i func\u021bional, ideal pentru b\u0103ile moderne. Conceput\u0103 pentru a fi instalat\u0103 direct pe podea l\u00e2ng\u0103 o cad\u0103 independent\u0103, aceast\u0103 baterie ofer\u0103 un design minimalist \u0219i estetic pl\u0103cut, aduc\u00e2nd un plus de stil \u0219i rafinament.<\/p>\n<p>De obicei, este echipat\u0103 cu un robinet \u00eenalt \u0219i un furtun de du\u0219 deta\u0219abil, asigur\u00e2nd at\u00e2t confortul, c\u00e2t \u0219i u\u0219urin\u021ba \u00een utilizare. Fabricat\u0103 din materiale durabile, cum ar fi inoxul sau alama, este rezistent\u0103 la coroziune \u0219i garanteaz\u0103 o utilizare \u00eendelungat\u0103.<\/p>\n<div style=\"margin: 20px 0;\"><div class=\"qrcswholewtapper\" style=\"text-align:left;\"><div class=\"qrcprowrapper\"  id=\"qrcwraa2leds\"><div class=\"qrc_canvass\" id=\"qrc_cuttenpages_2\" style=\"display:inline-block\" data-text=\"https:\/\/creadivo.md\/ru\/product\/baterie-cada-freestanding-lungo-ortis-chrome\/\"><\/div><\/div><\/div><\/div>","protected":false},"excerpt":{"rendered":"<p>Bateria pentru cad\u0103 freestanding este un accesoriu elegant \u0219i func\u021bional, ideal pentru b\u0103ile moderne. Conceput\u0103 pentru a fi instalat\u0103 direct<\/p>","protected":false},"featured_media":43334,"template":"","meta":[],"product_brand":[],"product_cat":[29,290],"product_tag":[],"class_list":{"0":"post-43333","1":"product","2":"type-product","3":"status-publish","4":"has-post-thumbnail","6":"product_cat-baterii-sanitare","7":"product_cat-pentru-cada","8":"pa_cap-ceramica-cu-mixer","9":"pa_conexiune-pana-la-podea-3-8-inch","10":"pa_informatii-suplimentare-duza-mobila","11":"pa_instalare-pe-podea","13":"first","14":"outofstock","15":"purchasable","16":"product-type-simple"},"_links":{"self":[{"href":"https:\/\/creadivo.md\/ru\/wp-json\/wp\/v2\/product\/43333","targetHints":{"allow":["GET"]}}],"collection":[{"href":"https:\/\/creadivo.md\/ru\/wp-json\/wp\/v2\/product"}],"about":[{"href":"https:\/\/creadivo.md\/ru\/wp-json\/wp\/v2\/types\/product"}],"version-history":[{"count":0,"href":"https:\/\/creadivo.md\/ru\/wp-json\/wp\/v2\/product\/43333\/revisions"}],"wp:featuredmedia":[{"embeddable":true,"href":"https:\/\/creadivo.md\/ru\/wp-json\/wp\/v2\/media\/43334"}],"wp:attachment":[{"href":"https:\/\/creadivo.md\/ru\/wp-json\/wp\/v2\/media?parent=43333"}],"wp:term":[{"taxonomy":"product_brand","embeddable":true,"href":"https:\/\/creadivo.md\/ru\/wp-json\/wp\/v2\/product_brand?post=43333"},{"taxonomy":"product_cat","embeddable":true,"href":"https:\/\/creadivo.md\/ru\/wp-json\/wp\/v2\/product_cat?post=43333"},{"taxonomy":"product_tag","embeddable":true,"href":"https:\/\/creadivo.md\/ru\/wp-json\/wp\/v2\/product_tag?post=43333"}],"curies":[{"name":"wp","href":"https:\/\/api.w.org\/{rel}","templated":true}]}}