{"id":43346,"date":"2024-06-10T19:53:10","date_gmt":"2024-06-10T19:53:10","guid":{"rendered":"https:\/\/creadivo.md\/?post_type=product&#038;p=43346"},"modified":"2026-04-08T00:10:33","modified_gmt":"2026-04-08T00:10:33","slug":"coloana-de-dus-lucas-chrome","status":"publish","type":"product","link":"https:\/\/creadivo.md\/ru\/product\/coloana-de-dus-lucas-chrome\/","title":{"rendered":"\u0414\u0423\u0428\u0415\u0412\u0410\u042f \u0421\u0422\u041e\u0419\u041a\u0410 LUCAS CHROME"},"content":{"rendered":"<p>Coloana de du\u0219 a fost conceput\u0103 pentru confort \u0219i func\u021bionalitate. Designul modern \u0219i unic \u0219i calitatea \u00eenalt\u0103 a materialelor utilizate garanteaz\u0103 durabilitate \u0219i fiabilitate pentru mul\u021bi ani. Setul de dus are un raft practic finisat in alb.<\/p>\n<p>Aparatul prezentat se caracterizeaz\u0103 printr-un design clasic, astfel \u00eenc\u00e2t se va potrivi \u00een orice amenajare a b\u0103ii. Pe l\u00e2ng\u0103 valorile sale estetice, coloana de du\u0219 Lucas cu gura de scurgere se caracterizeaz\u0103 printr-o func\u021bionalitate ridicat\u0103. Include un robinet, un du\u0219 cu ploaie \u0219i un receptor montat pe un furtun lung. Setul oferit este realizat din otel inoxidabil cu finisaj cromat, ceea ce se traduce prin durabilitatea acestuia.<\/p>\n<div style=\"margin: 20px 0;\"><div class=\"qrcswholewtapper\" style=\"text-align:left;\"><div class=\"qrcprowrapper\"  id=\"qrcwraa2leds\"><div class=\"qrc_canvass\" id=\"qrc_cuttenpages_2\" style=\"display:inline-block\" data-text=\"https:\/\/creadivo.md\/ru\/product\/coloana-de-dus-lucas-chrome\/\"><\/div><\/div><\/div><\/div>","protected":false},"excerpt":{"rendered":"<p>Coloana de du\u0219 a fost conceput\u0103 pentru confort \u0219i func\u021bionalitate. Designul modern \u0219i unic \u0219i calitatea \u00eenalt\u0103 a materialelor utilizate<\/p>","protected":false},"featured_media":43347,"template":"","meta":[],"product_brand":[],"product_cat":[100,2085],"product_tag":[],"class_list":{"0":"post-43346","1":"product","2":"type-product","3":"status-publish","4":"has-post-thumbnail","6":"product_cat-coloane-de-dus","7":"product_cat-sisteme-de-dus","8":"pa_cap-ceramica-cu-mixer","9":"pa_conexiune-1-2-inch","10":"pa_inaltime-1085-mm","11":"pa_informatii-suplimentare-sistem-anti-calc-rotula-permite-orice-pozitionare-a-dusului-de-ploaie","12":"pa_instalare-montat-la-suprafata","14":"first","15":"outofstock","16":"purchasable","17":"product-type-simple"},"_links":{"self":[{"href":"https:\/\/creadivo.md\/ru\/wp-json\/wp\/v2\/product\/43346","targetHints":{"allow":["GET"]}}],"collection":[{"href":"https:\/\/creadivo.md\/ru\/wp-json\/wp\/v2\/product"}],"about":[{"href":"https:\/\/creadivo.md\/ru\/wp-json\/wp\/v2\/types\/product"}],"version-history":[{"count":0,"href":"https:\/\/creadivo.md\/ru\/wp-json\/wp\/v2\/product\/43346\/revisions"}],"wp:featuredmedia":[{"embeddable":true,"href":"https:\/\/creadivo.md\/ru\/wp-json\/wp\/v2\/media\/43347"}],"wp:attachment":[{"href":"https:\/\/creadivo.md\/ru\/wp-json\/wp\/v2\/media?parent=43346"}],"wp:term":[{"taxonomy":"product_brand","embeddable":true,"href":"https:\/\/creadivo.md\/ru\/wp-json\/wp\/v2\/product_brand?post=43346"},{"taxonomy":"product_cat","embeddable":true,"href":"https:\/\/creadivo.md\/ru\/wp-json\/wp\/v2\/product_cat?post=43346"},{"taxonomy":"product_tag","embeddable":true,"href":"https:\/\/creadivo.md\/ru\/wp-json\/wp\/v2\/product_tag?post=43346"}],"curies":[{"name":"wp","href":"https:\/\/api.w.org\/{rel}","templated":true}]}}