{"id":43351,"date":"2024-06-10T19:53:21","date_gmt":"2024-06-10T19:53:21","guid":{"rendered":"https:\/\/creadivo.md\/?post_type=product&#038;p=43351"},"modified":"2025-11-05T12:08:21","modified_gmt":"2025-11-05T12:08:21","slug":"coloana-de-dus-milan-chrome","status":"publish","type":"product","link":"https:\/\/creadivo.md\/ru\/product\/coloana-de-dus-milan-chrome\/","title":{"rendered":"\u0414\u0423\u0428\u0415\u0412\u0410\u042f \u0421\u0422\u041e\u0419\u041a\u0410 MILAN CHROME"},"content":{"rendered":"<p>Coloana de du\u0219 Milan este o solu\u021bie care va func\u021biona bine \u00een orice baie. Se remarc\u0103 prin designul s\u0103u elegant \u0219i prin finisarea impresionant\u0103 a detaliilor, motiv pentru care acest model poate servi ca decor practic.<\/p>\n<p>Pentru realizarea setului de du\u0219 am folosit materiale de cea mai \u00eenalt\u0103 calitate: o\u021bel inoxidabil acoperit cu un strat de crom. Pentru un confort sporit, am echipat duzele cu sistemul Anti Calc, care previne formarea calcarului enervant. Setul de du\u0219 Milan va r\u0103spunde cu siguran\u021b\u0103 a\u0219tept\u0103rilor celor mai preten\u021bio\u0219i utilizatori.<\/p>\n<div style=\"margin: 20px 0;\"><div class=\"qrcswholewtapper\" style=\"text-align:left;\"><div class=\"qrcprowrapper\"  id=\"qrcwraa2leds\"><div class=\"qrc_canvass\" id=\"qrc_cuttenpages_2\" style=\"display:inline-block\" data-text=\"https:\/\/creadivo.md\/ru\/product\/coloana-de-dus-milan-chrome\/\"><\/div><\/div><\/div><\/div>","protected":false},"excerpt":{"rendered":"<p>Coloana de du\u0219 Milan este o solu\u021bie care va func\u021biona bine \u00een orice baie. Se remarc\u0103 prin designul s\u0103u elegant<\/p>","protected":false},"featured_media":43352,"template":"","meta":[],"product_brand":[],"product_cat":[100,2085],"product_tag":[],"class_list":{"0":"post-43351","1":"product","2":"type-product","3":"status-publish","4":"has-post-thumbnail","6":"product_cat-coloane-de-dus","7":"product_cat-sisteme-de-dus","8":"pa_cap-termostatic","9":"pa_conexiune-1-2-inch","10":"pa_inaltime-725-1165-mm","11":"pa_informatii-suplimentare-sistem-anti-calc-articulatia-sferica-permite-orice-pozitionare-a-dusului-cu-ploaie","12":"pa_instalare-montat-pe-perete-montat-la-suprafata","14":"first","15":"outofstock","16":"purchasable","17":"product-type-simple"},"_links":{"self":[{"href":"https:\/\/creadivo.md\/ru\/wp-json\/wp\/v2\/product\/43351","targetHints":{"allow":["GET"]}}],"collection":[{"href":"https:\/\/creadivo.md\/ru\/wp-json\/wp\/v2\/product"}],"about":[{"href":"https:\/\/creadivo.md\/ru\/wp-json\/wp\/v2\/types\/product"}],"version-history":[{"count":0,"href":"https:\/\/creadivo.md\/ru\/wp-json\/wp\/v2\/product\/43351\/revisions"}],"wp:featuredmedia":[{"embeddable":true,"href":"https:\/\/creadivo.md\/ru\/wp-json\/wp\/v2\/media\/43352"}],"wp:attachment":[{"href":"https:\/\/creadivo.md\/ru\/wp-json\/wp\/v2\/media?parent=43351"}],"wp:term":[{"taxonomy":"product_brand","embeddable":true,"href":"https:\/\/creadivo.md\/ru\/wp-json\/wp\/v2\/product_brand?post=43351"},{"taxonomy":"product_cat","embeddable":true,"href":"https:\/\/creadivo.md\/ru\/wp-json\/wp\/v2\/product_cat?post=43351"},{"taxonomy":"product_tag","embeddable":true,"href":"https:\/\/creadivo.md\/ru\/wp-json\/wp\/v2\/product_tag?post=43351"}],"curies":[{"name":"wp","href":"https:\/\/api.w.org\/{rel}","templated":true}]}}