{"id":43460,"date":"2024-06-10T19:55:34","date_gmt":"2024-06-10T19:55:34","guid":{"rendered":"https:\/\/creadivo.md\/?post_type=product&#038;p=43460"},"modified":"2026-04-09T00:10:21","modified_gmt":"2026-04-09T00:10:21","slug":"lavoar-pe-blat-greta-3","status":"publish","type":"product","link":"https:\/\/creadivo.md\/ru\/product\/lavoar-pe-blat-greta-3\/","title":{"rendered":"\u0423\u041c\u042b\u0412\u0410\u041b\u042c\u041d\u0418\u041a GRETA"},"content":{"rendered":"<p>Forma original\u0103 alungit\u0103 \u0219i linia sub\u021bire a marginilor sunt caracteristicile care disting lavoarul Greta de alte chiuvete. Face parte din colec\u021bia Slim Edge, a\u0219a c\u0103 se va potrivi perfect cu alte accesorii de baie marcate ca Slim. Greta este acoperit\u0103 cu glazur\u0103 alb\u0103 ca z\u0103pada, ceea ce o face s\u0103 str\u0103luceasc\u0103 \u0219i s\u0103 ias\u0103 \u00een eviden\u021b\u0103 de restul b\u0103ii.<\/p>\n<div style=\"margin: 20px 0;\"><div class=\"qrcswholewtapper\" style=\"text-align:left;\"><div class=\"qrcprowrapper\"  id=\"qrcwraa2leds\"><div class=\"qrc_canvass\" id=\"qrc_cuttenpages_2\" style=\"display:inline-block\" data-text=\"https:\/\/creadivo.md\/ru\/product\/lavoar-pe-blat-greta-3\/\"><\/div><\/div><\/div><\/div>","protected":false},"excerpt":{"rendered":"<p>Forma original\u0103 alungit\u0103 \u0219i linia sub\u021bire a marginilor sunt caracteristicile care disting lavoarul Greta de alte chiuvete. Face parte din<\/p>","protected":false},"featured_media":43461,"template":"","meta":[],"product_brand":[],"product_cat":[21,286],"product_tag":[],"class_list":{"0":"post-43460","1":"product","2":"type-product","3":"status-publish","4":"has-post-thumbnail","6":"product_cat-lavoare","7":"product_cat-lavoar-pe-blat","8":"pa_gaura-baterie-nu","9":"pa_gaura-de-deversare-nu","10":"pa_marimea-770x425x125-mm","12":"first","13":"instock","14":"purchasable","15":"product-type-simple"},"_links":{"self":[{"href":"https:\/\/creadivo.md\/ru\/wp-json\/wp\/v2\/product\/43460","targetHints":{"allow":["GET"]}}],"collection":[{"href":"https:\/\/creadivo.md\/ru\/wp-json\/wp\/v2\/product"}],"about":[{"href":"https:\/\/creadivo.md\/ru\/wp-json\/wp\/v2\/types\/product"}],"version-history":[{"count":0,"href":"https:\/\/creadivo.md\/ru\/wp-json\/wp\/v2\/product\/43460\/revisions"}],"wp:featuredmedia":[{"embeddable":true,"href":"https:\/\/creadivo.md\/ru\/wp-json\/wp\/v2\/media\/43461"}],"wp:attachment":[{"href":"https:\/\/creadivo.md\/ru\/wp-json\/wp\/v2\/media?parent=43460"}],"wp:term":[{"taxonomy":"product_brand","embeddable":true,"href":"https:\/\/creadivo.md\/ru\/wp-json\/wp\/v2\/product_brand?post=43460"},{"taxonomy":"product_cat","embeddable":true,"href":"https:\/\/creadivo.md\/ru\/wp-json\/wp\/v2\/product_cat?post=43460"},{"taxonomy":"product_tag","embeddable":true,"href":"https:\/\/creadivo.md\/ru\/wp-json\/wp\/v2\/product_tag?post=43460"}],"curies":[{"name":"wp","href":"https:\/\/api.w.org\/{rel}","templated":true}]}}