{"id":43483,"date":"2024-06-10T19:56:09","date_gmt":"2024-06-10T19:56:09","guid":{"rendered":"https:\/\/creadivo.md\/?post_type=product&#038;p=43483"},"modified":"2026-03-27T00:10:34","modified_gmt":"2026-03-27T00:10:34","slug":"vas-wc-carter-n2","status":"publish","type":"product","link":"https:\/\/creadivo.md\/ru\/product\/vas-wc-carter-n2\/","title":{"rendered":"\u041f\u041e\u0414\u0412\u0415\u0421\u041d\u041e\u0419 \u0423\u041d\u0418\u0422\u0410\u0417 CARTER N2"},"content":{"rendered":"<p>Elegantul bol suspendat Carter Rimless \u00eentr-o culoare alb\u0103 ca z\u0103pada este realizat din ceramic\u0103 sanitar\u0103 de \u00eenalt\u0103 calitate. Datorit\u0103 unei faze speciale de produc\u021bie, vasul este durabil \u0219i u\u0219or de cur\u0103\u021bat.<\/p>\n<p>Vasul de toalet\u0103 suspendat Carter Rimless, estetic \u0219i func\u021bional, se potrive\u0219te perfect cu alte elemente ale echipamentului de baie. Modelul poate fi instalat at\u00e2t \u00een camere moderne, c\u00e2t \u0219i \u00een camere clasice. Vasul vine cu un scaun Duroplast alb ca z\u0103pada, care se \u00eenchide lent, care poate fi \u00eendep\u0103rtat dac\u0103 este necesar. Produsul este rezistent la deterior\u0103ri mecanice. De asemenea, se distinge prin u\u0219urin\u021ba de asamblare, pe care o pute\u021bi face singur.<\/p>\n<div style=\"margin: 20px 0;\"><div class=\"qrcswholewtapper\" style=\"text-align:left;\"><div class=\"qrcprowrapper\"  id=\"qrcwraa2leds\"><div class=\"qrc_canvass\" id=\"qrc_cuttenpages_2\" style=\"display:inline-block\" data-text=\"https:\/\/creadivo.md\/ru\/product\/vas-wc-carter-n2\/\"><\/div><\/div><\/div><\/div>","protected":false},"excerpt":{"rendered":"<p>Elegantul bol suspendat Carter Rimless \u00eentr-o culoare alb\u0103 ca z\u0103pada este realizat din ceramic\u0103 sanitar\u0103 de \u00eenalt\u0103 calitate. Datorit\u0103 unei<\/p>","protected":false},"featured_media":43484,"template":"","meta":[],"product_brand":[],"product_cat":[17,91],"product_tag":[],"class_list":{"0":"post-43483","1":"product","2":"type-product","3":"status-publish","4":"has-post-thumbnail","6":"product_cat-vase-wc","7":"product_cat-vase-wc-suspendate","8":"pa_informatii-suplimentare-bol-fara-margine-dimensiune-conexiune-140-mm","9":"pa_marimea-490x370x325mm","10":"pa_slow-drop-board-da","11":"pa_tip-placa-duroplast-subtire-detasabil","13":"first","14":"instock","15":"purchasable","16":"product-type-simple"},"_links":{"self":[{"href":"https:\/\/creadivo.md\/ru\/wp-json\/wp\/v2\/product\/43483","targetHints":{"allow":["GET"]}}],"collection":[{"href":"https:\/\/creadivo.md\/ru\/wp-json\/wp\/v2\/product"}],"about":[{"href":"https:\/\/creadivo.md\/ru\/wp-json\/wp\/v2\/types\/product"}],"version-history":[{"count":0,"href":"https:\/\/creadivo.md\/ru\/wp-json\/wp\/v2\/product\/43483\/revisions"}],"wp:featuredmedia":[{"embeddable":true,"href":"https:\/\/creadivo.md\/ru\/wp-json\/wp\/v2\/media\/43484"}],"wp:attachment":[{"href":"https:\/\/creadivo.md\/ru\/wp-json\/wp\/v2\/media?parent=43483"}],"wp:term":[{"taxonomy":"product_brand","embeddable":true,"href":"https:\/\/creadivo.md\/ru\/wp-json\/wp\/v2\/product_brand?post=43483"},{"taxonomy":"product_cat","embeddable":true,"href":"https:\/\/creadivo.md\/ru\/wp-json\/wp\/v2\/product_cat?post=43483"},{"taxonomy":"product_tag","embeddable":true,"href":"https:\/\/creadivo.md\/ru\/wp-json\/wp\/v2\/product_tag?post=43483"}],"curies":[{"name":"wp","href":"https:\/\/api.w.org\/{rel}","templated":true}]}}