{"id":43495,"date":"2024-06-10T19:56:28","date_gmt":"2024-06-10T19:56:28","guid":{"rendered":"https:\/\/creadivo.md\/?post_type=product&#038;p=43495"},"modified":"2026-03-27T00:10:35","modified_gmt":"2026-03-27T00:10:35","slug":"lavoar-pe-blat-sofia-gold-white","status":"publish","type":"product","link":"https:\/\/creadivo.md\/ru\/product\/lavoar-pe-blat-sofia-gold-white\/","title":{"rendered":"\u0423\u041c\u042b\u0412\u0410\u041b\u042c\u041d\u0418\u041a SOFIA GOLD WHITE"},"content":{"rendered":"<p>Lavoarul Sofia Gold White este modernitatea combinat\u0103 cu tradi\u021bia de culori \u0219i design nobile. Modelul de lux va fi perfect pentru orice interior. Glazura alb\u0103 str\u0103lucitoare, at\u00e2t alb\u0103 \u00een interior, c\u00e2t \u0219i aurie \u00een exterior, va atrage aten\u021bia fiec\u0103rui invitat \u0219i \u00eei va \u00eenc\u00e2nta. Sofia Gold White arat\u0103 grozav cu accesorii aurii &#8211; un dop click-clack sau un robinet Tess Gold, dar \u0219i cu accesorii negre sau cromate de ex.<\/p>\n<div style=\"margin: 20px 0;\"><div class=\"qrcswholewtapper\" style=\"text-align:left;\"><div class=\"qrcprowrapper\"  id=\"qrcwraa2leds\"><div class=\"qrc_canvass\" id=\"qrc_cuttenpages_2\" style=\"display:inline-block\" data-text=\"https:\/\/creadivo.md\/ru\/product\/lavoar-pe-blat-sofia-gold-white\/\"><\/div><\/div><\/div><\/div>","protected":false},"excerpt":{"rendered":"<p>Lavoarul Sofia Gold White este modernitatea combinat\u0103 cu tradi\u021bia de culori \u0219i design nobile. Modelul de lux va fi perfect<\/p>","protected":false},"featured_media":43496,"template":"","meta":[],"product_brand":[],"product_cat":[21,286],"product_tag":[],"class_list":{"0":"post-43495","1":"product","2":"type-product","3":"status-publish","4":"has-post-thumbnail","6":"product_cat-lavoare","7":"product_cat-lavoar-pe-blat","8":"pa_gaura-baterie-nu","9":"pa_gaura-de-deversare-nu","10":"pa_marimea-410x345x150mm","12":"first","13":"instock","14":"purchasable","15":"product-type-simple"},"_links":{"self":[{"href":"https:\/\/creadivo.md\/ru\/wp-json\/wp\/v2\/product\/43495","targetHints":{"allow":["GET"]}}],"collection":[{"href":"https:\/\/creadivo.md\/ru\/wp-json\/wp\/v2\/product"}],"about":[{"href":"https:\/\/creadivo.md\/ru\/wp-json\/wp\/v2\/types\/product"}],"version-history":[{"count":0,"href":"https:\/\/creadivo.md\/ru\/wp-json\/wp\/v2\/product\/43495\/revisions"}],"wp:featuredmedia":[{"embeddable":true,"href":"https:\/\/creadivo.md\/ru\/wp-json\/wp\/v2\/media\/43496"}],"wp:attachment":[{"href":"https:\/\/creadivo.md\/ru\/wp-json\/wp\/v2\/media?parent=43495"}],"wp:term":[{"taxonomy":"product_brand","embeddable":true,"href":"https:\/\/creadivo.md\/ru\/wp-json\/wp\/v2\/product_brand?post=43495"},{"taxonomy":"product_cat","embeddable":true,"href":"https:\/\/creadivo.md\/ru\/wp-json\/wp\/v2\/product_cat?post=43495"},{"taxonomy":"product_tag","embeddable":true,"href":"https:\/\/creadivo.md\/ru\/wp-json\/wp\/v2\/product_tag?post=43495"}],"curies":[{"name":"wp","href":"https:\/\/api.w.org\/{rel}","templated":true}]}}