{"id":43510,"date":"2024-06-10T19:56:59","date_gmt":"2024-06-10T19:56:59","guid":{"rendered":"https:\/\/creadivo.md\/?post_type=product&#038;p=43510"},"modified":"2026-04-09T00:10:22","modified_gmt":"2026-04-09T00:10:22","slug":"lavoar-freestanding-estera","status":"publish","type":"product","link":"https:\/\/creadivo.md\/ru\/product\/lavoar-freestanding-estera\/","title":{"rendered":"\u0423\u041c\u042b\u0412\u0410\u041b\u042c\u041d\u0418\u041a \u041d\u0410\u041f\u041e\u041b\u042c\u041d\u042b\u0419 ESTERA"},"content":{"rendered":"<p>Lavoarul mare de sine st\u0103t\u0103tor Estera va decora chiar \u0219i cele mai sofisticate interioare. Forma oval\u0103 \u0219i culoarea alb\u0103 ca z\u0103pada se vor potrivi b\u0103ilor \u00een orice stil &#8211; modern, clasic, vintage sau minimalist. Lavoarul Estera necesit\u0103 un robinet montat pe perete.<\/p>\n<div style=\"margin: 20px 0;\"><div class=\"qrcswholewtapper\" style=\"text-align:left;\"><div class=\"qrcprowrapper\"  id=\"qrcwraa2leds\"><div class=\"qrc_canvass\" id=\"qrc_cuttenpages_2\" style=\"display:inline-block\" data-text=\"https:\/\/creadivo.md\/ru\/product\/lavoar-freestanding-estera\/\"><\/div><\/div><\/div><\/div>","protected":false},"excerpt":{"rendered":"<p>Lavoarul mare de sine st\u0103t\u0103tor Estera va decora chiar \u0219i cele mai sofisticate interioare. Forma oval\u0103 \u0219i culoarea alb\u0103 ca<\/p>","protected":false},"featured_media":43511,"template":"","meta":[],"product_brand":[],"product_cat":[21,288],"product_tag":[],"class_list":{"0":"post-43510","1":"product","2":"type-product","3":"status-publish","4":"has-post-thumbnail","6":"product_cat-lavoare","7":"product_cat-lavoar-freestanding","8":"pa_gaura-baterie-nu","9":"pa_gaura-de-deversare-da","10":"pa_marimea-460x460x845-mm","12":"first","13":"instock","14":"purchasable","15":"product-type-simple"},"_links":{"self":[{"href":"https:\/\/creadivo.md\/ru\/wp-json\/wp\/v2\/product\/43510","targetHints":{"allow":["GET"]}}],"collection":[{"href":"https:\/\/creadivo.md\/ru\/wp-json\/wp\/v2\/product"}],"about":[{"href":"https:\/\/creadivo.md\/ru\/wp-json\/wp\/v2\/types\/product"}],"version-history":[{"count":0,"href":"https:\/\/creadivo.md\/ru\/wp-json\/wp\/v2\/product\/43510\/revisions"}],"wp:featuredmedia":[{"embeddable":true,"href":"https:\/\/creadivo.md\/ru\/wp-json\/wp\/v2\/media\/43511"}],"wp:attachment":[{"href":"https:\/\/creadivo.md\/ru\/wp-json\/wp\/v2\/media?parent=43510"}],"wp:term":[{"taxonomy":"product_brand","embeddable":true,"href":"https:\/\/creadivo.md\/ru\/wp-json\/wp\/v2\/product_brand?post=43510"},{"taxonomy":"product_cat","embeddable":true,"href":"https:\/\/creadivo.md\/ru\/wp-json\/wp\/v2\/product_cat?post=43510"},{"taxonomy":"product_tag","embeddable":true,"href":"https:\/\/creadivo.md\/ru\/wp-json\/wp\/v2\/product_tag?post=43510"}],"curies":[{"name":"wp","href":"https:\/\/api.w.org\/{rel}","templated":true}]}}