{"id":43526,"date":"2024-06-10T19:57:22","date_gmt":"2024-06-10T19:57:22","guid":{"rendered":"https:\/\/creadivo.md\/?post_type=product&#038;p=43526"},"modified":"2026-03-27T00:10:37","modified_gmt":"2026-03-27T00:10:37","slug":"lavoar-pe-blat-valeria","status":"publish","type":"product","link":"https:\/\/creadivo.md\/ru\/product\/lavoar-pe-blat-valeria\/","title":{"rendered":"\u0423\u041c\u042b\u0412\u0410\u041b\u042c\u041d\u0418\u041a VALERIA"},"content":{"rendered":"<p>Lavoarul Valeria N este un lavoar din ceramica cu o forma clasica, dreptunghiulara. Datorit\u0103 marginilor \u00eenalte, liniilor drepte \u0219i formei universale, se va potrivi \u00een orice interior \u00een care elegan\u021ba \u0219i bunul gust sunt importante. Func\u021bionalitatea sa este \u00eembun\u0103t\u0103\u021bit\u0103 de un raft cu un orificiu de montare a bateriei. Glazura alb\u0103 ca z\u0103pada, str\u0103lucitoare atrage aten\u021bia, a\u0219a c\u0103 nimeni nu va trece indiferent pe l\u00e2ng\u0103 lavoar.<\/p>\n<div style=\"margin: 20px 0;\"><div class=\"qrcswholewtapper\" style=\"text-align:left;\"><div class=\"qrcprowrapper\"  id=\"qrcwraa2leds\"><div class=\"qrc_canvass\" id=\"qrc_cuttenpages_2\" style=\"display:inline-block\" data-text=\"https:\/\/creadivo.md\/ru\/product\/lavoar-pe-blat-valeria\/\"><\/div><\/div><\/div><\/div>","protected":false},"excerpt":{"rendered":"<p>Lavoarul Valeria N este un lavoar din ceramica cu o forma clasica, dreptunghiulara. Datorit\u0103 marginilor \u00eenalte, liniilor drepte \u0219i formei<\/p>","protected":false},"featured_media":43527,"template":"","meta":[],"product_brand":[],"product_cat":[21,286],"product_tag":[],"class_list":{"0":"post-43526","1":"product","2":"type-product","3":"status-publish","4":"has-post-thumbnail","6":"product_cat-lavoare","7":"product_cat-lavoar-pe-blat","8":"pa_gaura-baterie-da","9":"pa_gaura-de-deversare-nu","10":"pa_marimea-505x355x125mm","12":"first","13":"instock","14":"purchasable","15":"product-type-simple"},"_links":{"self":[{"href":"https:\/\/creadivo.md\/ru\/wp-json\/wp\/v2\/product\/43526","targetHints":{"allow":["GET"]}}],"collection":[{"href":"https:\/\/creadivo.md\/ru\/wp-json\/wp\/v2\/product"}],"about":[{"href":"https:\/\/creadivo.md\/ru\/wp-json\/wp\/v2\/types\/product"}],"version-history":[{"count":0,"href":"https:\/\/creadivo.md\/ru\/wp-json\/wp\/v2\/product\/43526\/revisions"}],"wp:featuredmedia":[{"embeddable":true,"href":"https:\/\/creadivo.md\/ru\/wp-json\/wp\/v2\/media\/43527"}],"wp:attachment":[{"href":"https:\/\/creadivo.md\/ru\/wp-json\/wp\/v2\/media?parent=43526"}],"wp:term":[{"taxonomy":"product_brand","embeddable":true,"href":"https:\/\/creadivo.md\/ru\/wp-json\/wp\/v2\/product_brand?post=43526"},{"taxonomy":"product_cat","embeddable":true,"href":"https:\/\/creadivo.md\/ru\/wp-json\/wp\/v2\/product_cat?post=43526"},{"taxonomy":"product_tag","embeddable":true,"href":"https:\/\/creadivo.md\/ru\/wp-json\/wp\/v2\/product_tag?post=43526"}],"curies":[{"name":"wp","href":"https:\/\/api.w.org\/{rel}","templated":true}]}}