{"id":43568,"date":"2024-06-10T19:58:33","date_gmt":"2024-06-10T19:58:33","guid":{"rendered":"https:\/\/creadivo.md\/?post_type=product&#038;p=43568"},"modified":"2026-01-24T00:10:27","modified_gmt":"2026-01-24T00:10:27","slug":"cadita-de-dus-stone-black-90x120","status":"publish","type":"product","link":"https:\/\/creadivo.md\/ru\/product\/cadita-de-dus-stone-black-90x120\/","title":{"rendered":"\u0414\u0423\u0428\u0415\u0412\u041e\u0419 \u041f\u041e\u0414\u0414\u041e\u041d STONE BLACK 90\u00d7120"},"content":{"rendered":"<p>C\u0103zile de du\u0219 sunt perfecte \u00een fiecare detaliu. Structura exterioar\u0103 frumoas\u0103 a c\u0103dii de du\u0219* imit\u0103 perfect piatra natural\u0103*. Se va potrivi perfect \u00een interiorul modern al b\u0103ii dumneavoastr\u0103, subliniind frumuse\u021bea acesteia \u0219i f\u0103c\u00e2nd din utilizarea de zi cu zi o pl\u0103cere de nedescris.<\/p>\n<p>Este realizat din piatra minerala cu structura naturala. Este un material cu durabilitate \u0219i duritate lung\u0103 \u0219i este, de asemenea, pl\u0103cut cald la atingere.<\/p>\n<p>C\u0103zile de du\u0219 din acest material sunt perfect netede, stabile \u0219i pot fi montate direct pe podea. Un avantaj suplimentar \u00eel reprezint\u0103 marginile \u0219i unghiurile perfect drepte, ceea ce le permite s\u0103 fie instalate f\u0103r\u0103 \u00eembin\u0103ri.<\/p>\n<p>Textura sa, asem\u0103n\u0103toare cu piatra natural\u0103, se va potrivi perfect \u00een amenaj\u0103rile moderne, dar va func\u021biona bine \u0219i \u00een interioare clasice, universale.<\/p>\n<div style=\"margin: 20px 0;\"><div class=\"qrcswholewtapper\" style=\"text-align:left;\"><div class=\"qrcprowrapper\"  id=\"qrcwraa2leds\"><div class=\"qrc_canvass\" id=\"qrc_cuttenpages_2\" style=\"display:inline-block\" data-text=\"https:\/\/creadivo.md\/ru\/product\/cadita-de-dus-stone-black-90x120\/\"><\/div><\/div><\/div><\/div>","protected":false},"excerpt":{"rendered":"<p>C\u0103zile de du\u0219 sunt perfecte \u00een fiecare detaliu. Structura exterioar\u0103 frumoas\u0103 a c\u0103dii de du\u0219* imit\u0103 perfect piatra natural\u0103*. Se<\/p>","protected":false},"featured_media":62767,"template":"","meta":[],"product_brand":[],"product_cat":[28,1060],"product_tag":[],"class_list":{"0":"post-43568","1":"product","2":"type-product","3":"status-publish","4":"has-post-thumbnail","6":"product_cat-cadita-de-dus","7":"product_cat-cadita-patrata","8":"pa_directia-de-instalare-universal","9":"pa_inaltime-35-mm","10":"pa_informatii-suplimentare-setul-include-un-sifon-de-90-mm-capac-de-scurgere","12":"first","13":"instock","14":"purchasable","15":"product-type-simple"},"_links":{"self":[{"href":"https:\/\/creadivo.md\/ru\/wp-json\/wp\/v2\/product\/43568","targetHints":{"allow":["GET"]}}],"collection":[{"href":"https:\/\/creadivo.md\/ru\/wp-json\/wp\/v2\/product"}],"about":[{"href":"https:\/\/creadivo.md\/ru\/wp-json\/wp\/v2\/types\/product"}],"version-history":[{"count":0,"href":"https:\/\/creadivo.md\/ru\/wp-json\/wp\/v2\/product\/43568\/revisions"}],"wp:featuredmedia":[{"embeddable":true,"href":"https:\/\/creadivo.md\/ru\/wp-json\/wp\/v2\/media\/62767"}],"wp:attachment":[{"href":"https:\/\/creadivo.md\/ru\/wp-json\/wp\/v2\/media?parent=43568"}],"wp:term":[{"taxonomy":"product_brand","embeddable":true,"href":"https:\/\/creadivo.md\/ru\/wp-json\/wp\/v2\/product_brand?post=43568"},{"taxonomy":"product_cat","embeddable":true,"href":"https:\/\/creadivo.md\/ru\/wp-json\/wp\/v2\/product_cat?post=43568"},{"taxonomy":"product_tag","embeddable":true,"href":"https:\/\/creadivo.md\/ru\/wp-json\/wp\/v2\/product_tag?post=43568"}],"curies":[{"name":"wp","href":"https:\/\/api.w.org\/{rel}","templated":true}]}}