{"id":43590,"date":"2024-06-10T19:59:04","date_gmt":"2024-06-10T19:59:04","guid":{"rendered":"https:\/\/creadivo.md\/?post_type=product&#038;p=43590"},"modified":"2026-03-31T00:10:35","modified_gmt":"2026-03-31T00:10:35","slug":"lavoar-pe-blat-carola-slim-white","status":"publish","type":"product","link":"https:\/\/creadivo.md\/ru\/product\/lavoar-pe-blat-carola-slim-white\/","title":{"rendered":"\u0423\u041c\u042b\u0412\u0410\u041b\u042c\u041d\u0418\u041a CAROLA SLIM WHITE"},"content":{"rendered":"<p>Carola Slim este o chiuvet\u0103 din cea mai recent\u0103 colec\u021bie Slim Edge. Forma oval\u0103 sub form\u0103 de bol combinat\u0103 cu instalarea blatului creeaz\u0103 un efect fenomenal \u0219i arat\u0103 mereu bine. Acesta este motivul pentru care lavoarul Carola Slim este unul dintre cele mai populare lavoare din oferta noastra. Universalitatea chiuvetei garanteaz\u0103 un aspect bun cu orice robinet.<\/p>\n<div style=\"margin: 20px 0;\"><div class=\"qrcswholewtapper\" style=\"text-align:left;\"><div class=\"qrcprowrapper\"  id=\"qrcwraa2leds\"><div class=\"qrc_canvass\" id=\"qrc_cuttenpages_2\" style=\"display:inline-block\" data-text=\"https:\/\/creadivo.md\/ru\/product\/lavoar-pe-blat-carola-slim-white\/\"><\/div><\/div><\/div><\/div>","protected":false},"excerpt":{"rendered":"<p>Carola Slim este o chiuvet\u0103 din cea mai recent\u0103 colec\u021bie Slim Edge. Forma oval\u0103 sub form\u0103 de bol combinat\u0103 cu<\/p>","protected":false},"featured_media":43591,"template":"","meta":[],"product_brand":[],"product_cat":[21,286],"product_tag":[],"class_list":{"0":"post-43590","1":"product","2":"type-product","3":"status-publish","4":"has-post-thumbnail","6":"product_cat-lavoare","7":"product_cat-lavoar-pe-blat","8":"pa_gaura-baterie-nu","9":"pa_gaura-de-deversare-nu","10":"pa_marimea-515x390x140mm","12":"first","13":"instock","14":"purchasable","15":"product-type-simple"},"_links":{"self":[{"href":"https:\/\/creadivo.md\/ru\/wp-json\/wp\/v2\/product\/43590","targetHints":{"allow":["GET"]}}],"collection":[{"href":"https:\/\/creadivo.md\/ru\/wp-json\/wp\/v2\/product"}],"about":[{"href":"https:\/\/creadivo.md\/ru\/wp-json\/wp\/v2\/types\/product"}],"version-history":[{"count":1,"href":"https:\/\/creadivo.md\/ru\/wp-json\/wp\/v2\/product\/43590\/revisions"}],"predecessor-version":[{"id":62449,"href":"https:\/\/creadivo.md\/ru\/wp-json\/wp\/v2\/product\/43590\/revisions\/62449"}],"wp:featuredmedia":[{"embeddable":true,"href":"https:\/\/creadivo.md\/ru\/wp-json\/wp\/v2\/media\/43591"}],"wp:attachment":[{"href":"https:\/\/creadivo.md\/ru\/wp-json\/wp\/v2\/media?parent=43590"}],"wp:term":[{"taxonomy":"product_brand","embeddable":true,"href":"https:\/\/creadivo.md\/ru\/wp-json\/wp\/v2\/product_brand?post=43590"},{"taxonomy":"product_cat","embeddable":true,"href":"https:\/\/creadivo.md\/ru\/wp-json\/wp\/v2\/product_cat?post=43590"},{"taxonomy":"product_tag","embeddable":true,"href":"https:\/\/creadivo.md\/ru\/wp-json\/wp\/v2\/product_tag?post=43590"}],"curies":[{"name":"wp","href":"https:\/\/api.w.org\/{rel}","templated":true}]}}