{"id":43619,"date":"2024-06-10T19:59:40","date_gmt":"2024-06-10T19:59:40","guid":{"rendered":"https:\/\/creadivo.md\/?post_type=product&#038;p=43619"},"modified":"2026-03-31T00:10:35","modified_gmt":"2026-03-31T00:10:35","slug":"bideu-carlo-mini-white","status":"publish","type":"product","link":"https:\/\/creadivo.md\/ru\/product\/bideu-carlo-mini-white\/","title":{"rendered":"\u0411\u0418\u0414\u0415 CARLO MINI WHITE"},"content":{"rendered":"<p>Bideul Carlo Mini este cel mai universal bideu din oferta noastr\u0103. Se potrive\u0219te nu doar vasului de toalet\u0103 Carlo, ci \u0219i altor modele, precum Ryan sau Alan. Glazura alb\u0103 ca z\u0103pada, str\u0103lucitoare, confer\u0103 elegan\u021b\u0103, astfel \u00eenc\u00e2t poate fi folosit\u0103 at\u00e2t \u00een b\u0103i moderne, c\u00e2t \u0219i \u00een cele clasice.<\/p>\n<div style=\"margin: 20px 0;\"><div class=\"qrcswholewtapper\" style=\"text-align:left;\"><div class=\"qrcprowrapper\"  id=\"qrcwraa2leds\"><div class=\"qrc_canvass\" id=\"qrc_cuttenpages_2\" style=\"display:inline-block\" data-text=\"https:\/\/creadivo.md\/ru\/product\/bideu-carlo-mini-white\/\"><\/div><\/div><\/div><\/div>","protected":false},"excerpt":{"rendered":"<p>Bideul Carlo Mini este cel mai universal bideu din oferta noastr\u0103. Se potrive\u0219te nu doar vasului de toalet\u0103 Carlo, ci<\/p>","protected":false},"featured_media":43620,"template":"","meta":[],"product_brand":[],"product_cat":[22,293],"product_tag":[],"class_list":{"0":"post-43619","1":"product","2":"type-product","3":"status-publish","4":"has-post-thumbnail","6":"product_cat-bideuri","7":"product_cat-bideu-suspendat","8":"pa_marimea-495x370x325mm","9":"pa_spatiul-suruburilor-de-fixare-180-mm","11":"first","12":"instock","13":"purchasable","14":"product-type-simple"},"_links":{"self":[{"href":"https:\/\/creadivo.md\/ru\/wp-json\/wp\/v2\/product\/43619","targetHints":{"allow":["GET"]}}],"collection":[{"href":"https:\/\/creadivo.md\/ru\/wp-json\/wp\/v2\/product"}],"about":[{"href":"https:\/\/creadivo.md\/ru\/wp-json\/wp\/v2\/types\/product"}],"version-history":[{"count":0,"href":"https:\/\/creadivo.md\/ru\/wp-json\/wp\/v2\/product\/43619\/revisions"}],"wp:featuredmedia":[{"embeddable":true,"href":"https:\/\/creadivo.md\/ru\/wp-json\/wp\/v2\/media\/43620"}],"wp:attachment":[{"href":"https:\/\/creadivo.md\/ru\/wp-json\/wp\/v2\/media?parent=43619"}],"wp:term":[{"taxonomy":"product_brand","embeddable":true,"href":"https:\/\/creadivo.md\/ru\/wp-json\/wp\/v2\/product_brand?post=43619"},{"taxonomy":"product_cat","embeddable":true,"href":"https:\/\/creadivo.md\/ru\/wp-json\/wp\/v2\/product_cat?post=43619"},{"taxonomy":"product_tag","embeddable":true,"href":"https:\/\/creadivo.md\/ru\/wp-json\/wp\/v2\/product_tag?post=43619"}],"curies":[{"name":"wp","href":"https:\/\/api.w.org\/{rel}","templated":true}]}}