{"id":43822,"date":"2024-06-10T20:03:32","date_gmt":"2024-06-10T20:03:32","guid":{"rendered":"https:\/\/creadivo.md\/?post_type=product&#038;p=43822"},"modified":"2026-03-27T00:10:46","modified_gmt":"2026-03-27T00:10:46","slug":"lavoar-de-sine-statator-daria","status":"publish","type":"product","link":"https:\/\/creadivo.md\/ru\/product\/lavoar-de-sine-statator-daria\/","title":{"rendered":"\u0423\u041c\u042b\u0412\u0410\u041b\u042c\u041d\u0418\u041a \u041d\u0410\u041f\u041e\u041b\u042c\u041d\u042b\u0419 DARIA"},"content":{"rendered":"<p>Lavoarul monolit Daria este o propunere clasic\u0103 pentru persoanele care doresc s\u0103 introduc\u0103 o not\u0103 de lux \u00een baia lor. Stilul original \u0219i aspectul unic al chiuvetei noastre sunt avantajul s\u0103u incontestabil.<\/p>\n<p>Datorit\u0103 utiliz\u0103rii celor mai noi tehnologii \u00een timpul procesului de produc\u021bie, chiuveta noastr\u0103 nu numai c\u0103 arat\u0103 fenomenal, dar este \u0219i u\u0219or de p\u0103strat curat \u0219i extrem de durabil.<\/p>\n<p>Lavoarul autoportant Daria este un simbol al elegan\u021bei \u0219i calit\u0103\u021bii atemporale. Toate acestea \u00eel vor face s\u0103 atrag\u0103 aten\u021bia fiec\u0103ruia dintre oaspe\u021bii t\u0103i.<\/p>\n<div style=\"margin: 20px 0;\"><div class=\"qrcswholewtapper\" style=\"text-align:left;\"><div class=\"qrcprowrapper\"  id=\"qrcwraa2leds\"><div class=\"qrc_canvass\" id=\"qrc_cuttenpages_2\" style=\"display:inline-block\" data-text=\"https:\/\/creadivo.md\/ru\/product\/lavoar-de-sine-statator-daria\/\"><\/div><\/div><\/div><\/div>","protected":false},"excerpt":{"rendered":"<p>Lavoarul monolit Daria este o propunere clasic\u0103 pentru persoanele care doresc s\u0103 introduc\u0103 o not\u0103 de lux \u00een baia lor.<\/p>","protected":false},"featured_media":43823,"template":"","meta":[],"product_brand":[],"product_cat":[21,288],"product_tag":[],"class_list":{"0":"post-43822","1":"product","2":"type-product","3":"status-publish","4":"has-post-thumbnail","6":"product_cat-lavoare","7":"product_cat-lavoar-freestanding","8":"pa_gaura-baterie-da","9":"pa_gaura-de-deversare-da","10":"pa_marimea-440x380x830-mm","12":"first","13":"instock","14":"purchasable","15":"product-type-simple"},"_links":{"self":[{"href":"https:\/\/creadivo.md\/ru\/wp-json\/wp\/v2\/product\/43822","targetHints":{"allow":["GET"]}}],"collection":[{"href":"https:\/\/creadivo.md\/ru\/wp-json\/wp\/v2\/product"}],"about":[{"href":"https:\/\/creadivo.md\/ru\/wp-json\/wp\/v2\/types\/product"}],"version-history":[{"count":0,"href":"https:\/\/creadivo.md\/ru\/wp-json\/wp\/v2\/product\/43822\/revisions"}],"wp:featuredmedia":[{"embeddable":true,"href":"https:\/\/creadivo.md\/ru\/wp-json\/wp\/v2\/media\/43823"}],"wp:attachment":[{"href":"https:\/\/creadivo.md\/ru\/wp-json\/wp\/v2\/media?parent=43822"}],"wp:term":[{"taxonomy":"product_brand","embeddable":true,"href":"https:\/\/creadivo.md\/ru\/wp-json\/wp\/v2\/product_brand?post=43822"},{"taxonomy":"product_cat","embeddable":true,"href":"https:\/\/creadivo.md\/ru\/wp-json\/wp\/v2\/product_cat?post=43822"},{"taxonomy":"product_tag","embeddable":true,"href":"https:\/\/creadivo.md\/ru\/wp-json\/wp\/v2\/product_tag?post=43822"}],"curies":[{"name":"wp","href":"https:\/\/api.w.org\/{rel}","templated":true}]}}