{"id":43846,"date":"2024-06-10T20:04:18","date_gmt":"2024-06-10T20:04:18","guid":{"rendered":"https:\/\/creadivo.md\/?post_type=product&#038;p=43846"},"modified":"2026-04-08T00:10:45","modified_gmt":"2026-04-08T00:10:45","slug":"cabina-de-dus-fold-n2-chrome-90x90","status":"publish","type":"product","link":"https:\/\/creadivo.md\/ru\/product\/cabina-de-dus-fold-n2-chrome-90x90\/","title":{"rendered":"\u0414\u0423\u0428\u0415\u0412\u0410\u042f \u041a\u0410\u0411\u0418\u041d\u0410 FOLD N2 \u0425\u0420\u041e\u041c 90\u00d790"},"content":{"rendered":"<p>Cabina de dus Fold este formata din doua usi rabatabile din sticla, finisate cu elemente elegante cromate. Acest model este o solu\u021bie ideal\u0103 pentru b\u0103ile mici \u0219i incomode. Fiecare arip\u0103 poate fi pliat\u0103 pe perete, at\u00e2t spre interior, c\u00e2t \u0219i spre exterior. Acest lucru ofer\u0103 posibilit\u0103\u021bi nelimitate \u00een utilizarea practic\u0103 a b\u0103ii. Sticla din cabina Fold nu este doar sigur\u0103, ci \u0219i practic\u0103, datorit\u0103 stratului Easy Clean. Datorit\u0103 acestei tehnologii moderne, nu se depune calcar pe sticl\u0103, iar cur\u0103\u021barea nu necesit\u0103 utilizarea agen\u021bilor puternici.<\/p>\n<p>Cabina de du\u0219 de col\u021b pliabil\u0103 Fold N2 este echipat\u0103 cu profile din aluminiu de 23 mm grosime. M\u00e2nerele practice din alam\u0103 situate la \u00een\u0103l\u021bimea optim\u0103 pentru utilizator permit deschiderea \u0219i \u00eenchiderea convenabil\u0103 a u\u0219ii. Pentru realizarea modelului a fost folosit\u0103 sticl\u0103 securizat\u0103, c\u0103lit\u0103, cu o structur\u0103 transparent\u0103 \u0219i o grosime de 6 mm. \u00cen func\u021bie de preferin\u021bele \u0219i nevoile individuale, cabina poate fi montat\u0103 pe o cad\u0103 de du\u0219 sau direct pe podea. Modelul este acoperit de o garan\u021bie de doi ani.<\/p>\n<div style=\"margin: 20px 0;\"><div class=\"qrcswholewtapper\" style=\"text-align:left;\"><div class=\"qrcprowrapper\"  id=\"qrcwraa2leds\"><div class=\"qrc_canvass\" id=\"qrc_cuttenpages_2\" style=\"display:inline-block\" data-text=\"https:\/\/creadivo.md\/ru\/product\/cabina-de-dus-fold-n2-chrome-90x90\/\"><\/div><\/div><\/div><\/div>","protected":false},"excerpt":{"rendered":"<p>Cabina de dus Fold este formata din doua usi rabatabile din sticla, finisate cu elemente elegante cromate. Acest model este<\/p>","protected":false},"featured_media":43847,"template":"","meta":[],"product_brand":[],"product_cat":[24,298],"product_tag":[],"class_list":{"0":"post-43846","1":"product","2":"type-product","3":"status-publish","4":"has-post-thumbnail","6":"product_cat-cabine-de-dus","7":"product_cat-cabine-de-colt","8":"pa_acoperire-usor-de-curatat","9":"pa_directia-de-instalare-universal","10":"pa_grosime-de-sticla-6-mm-intarit","11":"pa_inaltime-190-cm","12":"pa_informatii-suplimentare-usile-se-deschid-spre-exterior-si-spre-interior","13":"pa_instalare-pe-cada-de-dus-sau-direct-pe-podea","14":"pa_tip-cabina-colt-pliabil","16":"first","17":"instock","18":"purchasable","19":"product-type-simple"},"_links":{"self":[{"href":"https:\/\/creadivo.md\/ru\/wp-json\/wp\/v2\/product\/43846","targetHints":{"allow":["GET"]}}],"collection":[{"href":"https:\/\/creadivo.md\/ru\/wp-json\/wp\/v2\/product"}],"about":[{"href":"https:\/\/creadivo.md\/ru\/wp-json\/wp\/v2\/types\/product"}],"version-history":[{"count":0,"href":"https:\/\/creadivo.md\/ru\/wp-json\/wp\/v2\/product\/43846\/revisions"}],"wp:featuredmedia":[{"embeddable":true,"href":"https:\/\/creadivo.md\/ru\/wp-json\/wp\/v2\/media\/43847"}],"wp:attachment":[{"href":"https:\/\/creadivo.md\/ru\/wp-json\/wp\/v2\/media?parent=43846"}],"wp:term":[{"taxonomy":"product_brand","embeddable":true,"href":"https:\/\/creadivo.md\/ru\/wp-json\/wp\/v2\/product_brand?post=43846"},{"taxonomy":"product_cat","embeddable":true,"href":"https:\/\/creadivo.md\/ru\/wp-json\/wp\/v2\/product_cat?post=43846"},{"taxonomy":"product_tag","embeddable":true,"href":"https:\/\/creadivo.md\/ru\/wp-json\/wp\/v2\/product_tag?post=43846"}],"curies":[{"name":"wp","href":"https:\/\/api.w.org\/{rel}","templated":true}]}}