{"id":43889,"date":"2024-06-10T20:05:04","date_gmt":"2024-06-10T20:05:04","guid":{"rendered":"https:\/\/creadivo.md\/?post_type=product&#038;p=43889"},"modified":"2025-12-05T00:10:41","modified_gmt":"2025-12-05T00:10:41","slug":"vas-wc-raul","status":"publish","type":"product","link":"https:\/\/creadivo.md\/ru\/product\/vas-wc-raul\/","title":{"rendered":"\u041f\u041e\u0414\u0412\u0415\u0421\u041d\u041e\u0419 \u0423\u041d\u0418\u0422\u0410\u0417 RAUL"},"content":{"rendered":"<p>Frumosul vas Raul extrem de functional si modern va umple perfect spatiul baii, pastrand aspectul si estetica impecabila a interiorului. Vasul este proiectat pentru a fi montat pe un cadru \u00eencastrat. Este realizat din ceramic\u0103 sanitar\u0103 de \u00eenalt\u0103 calitate. Datorit\u0103 tehnicii f\u0103r\u0103 margine, este foarte u\u0219or de p\u0103strat curat.<\/p>\n<div style=\"margin: 20px 0;\"><div class=\"qrcswholewtapper\" style=\"text-align:left;\"><div class=\"qrcprowrapper\"  id=\"qrcwraa2leds\"><div class=\"qrc_canvass\" id=\"qrc_cuttenpages_2\" style=\"display:inline-block\" data-text=\"https:\/\/creadivo.md\/ru\/product\/vas-wc-raul\/\"><\/div><\/div><\/div><\/div>","protected":false},"excerpt":{"rendered":"<p>Frumosul vas Raul extrem de functional si modern va umple perfect spatiul baii, pastrand aspectul si estetica impecabila a interiorului.<\/p>","protected":false},"featured_media":62777,"template":"","meta":[],"product_brand":[],"product_cat":[17,91],"product_tag":[],"class_list":{"0":"post-43889","1":"product","2":"type-product","3":"status-publish","4":"has-post-thumbnail","6":"product_cat-vase-wc","7":"product_cat-vase-wc-suspendate","8":"pa_informatii-suplimentare-bol-fara-margine-dimensiune-conexiune-140-mm","9":"pa_marimea-510x345x315mm","10":"pa_slow-drop-board-da","11":"pa_spatiul-suruburilor-de-fixare-180-mm","12":"pa_tip-placa-duroplast-subtire-detasabil","14":"first","15":"instock","16":"purchasable","17":"product-type-simple"},"_links":{"self":[{"href":"https:\/\/creadivo.md\/ru\/wp-json\/wp\/v2\/product\/43889","targetHints":{"allow":["GET"]}}],"collection":[{"href":"https:\/\/creadivo.md\/ru\/wp-json\/wp\/v2\/product"}],"about":[{"href":"https:\/\/creadivo.md\/ru\/wp-json\/wp\/v2\/types\/product"}],"version-history":[{"count":0,"href":"https:\/\/creadivo.md\/ru\/wp-json\/wp\/v2\/product\/43889\/revisions"}],"wp:featuredmedia":[{"embeddable":true,"href":"https:\/\/creadivo.md\/ru\/wp-json\/wp\/v2\/media\/62777"}],"wp:attachment":[{"href":"https:\/\/creadivo.md\/ru\/wp-json\/wp\/v2\/media?parent=43889"}],"wp:term":[{"taxonomy":"product_brand","embeddable":true,"href":"https:\/\/creadivo.md\/ru\/wp-json\/wp\/v2\/product_brand?post=43889"},{"taxonomy":"product_cat","embeddable":true,"href":"https:\/\/creadivo.md\/ru\/wp-json\/wp\/v2\/product_cat?post=43889"},{"taxonomy":"product_tag","embeddable":true,"href":"https:\/\/creadivo.md\/ru\/wp-json\/wp\/v2\/product_tag?post=43889"}],"curies":[{"name":"wp","href":"https:\/\/api.w.org\/{rel}","templated":true}]}}