{"id":43911,"date":"2024-06-10T20:05:38","date_gmt":"2024-06-10T20:05:38","guid":{"rendered":"https:\/\/creadivo.md\/?post_type=product&#038;p=43911"},"modified":"2026-01-24T00:10:39","modified_gmt":"2026-01-24T00:10:39","slug":"paravan-de-dus-aero-chrome-100","status":"publish","type":"product","link":"https:\/\/creadivo.md\/ru\/product\/paravan-de-dus-aero-chrome-100\/","title":{"rendered":"\u0414\u0423\u0428\u0415\u0412\u0410\u042f \u0421\u0422\u0415\u041d\u041a\u0410 AERO CHROME 100"},"content":{"rendered":"<p>Va prezentam un paravan de du\u0219 frumos, extrem de functional si modern. Acesta este un produs care \u00ee\u021bi va umple perfect spa\u021biul de baie, p\u0103str\u00e2nd \u00een acela\u0219i timp aspectul \u0219i estetica impecabile a interiorului. Peretele este potrivit pentru instalare pe o cad\u0103 de du\u0219 sau cu scurgere liniar\u0103. Este realizat din sticla securizata de inalta calitate. Datorit\u0103 unei faze speciale de produc\u021bie, este durabil \u0219i u\u0219or de p\u0103strat curat.<\/p>\n<div style=\"margin: 20px 0;\"><div class=\"qrcswholewtapper\" style=\"text-align:left;\"><div class=\"qrcprowrapper\"  id=\"qrcwraa2leds\"><div class=\"qrc_canvass\" id=\"qrc_cuttenpages_2\" style=\"display:inline-block\" data-text=\"https:\/\/creadivo.md\/ru\/product\/paravan-de-dus-aero-chrome-100\/\"><\/div><\/div><\/div><\/div>","protected":false},"excerpt":{"rendered":"<p>Va prezentam un paravan de du\u0219 frumos, extrem de functional si modern. Acesta este un produs care \u00ee\u021bi va umple<\/p>","protected":false},"featured_media":43912,"template":"","meta":[],"product_brand":[],"product_cat":[870,24,297],"product_tag":[],"class_list":{"0":"post-43911","1":"product","2":"type-product","3":"status-publish","4":"has-post-thumbnail","6":"product_cat-fara-categorie","7":"product_cat-cabine-de-dus","8":"product_cat-paravan-pentru-dus","9":"pa_acoperire-usor-de-curatat","10":"pa_directia-de-instalare-universal","11":"pa_grosime-de-sticla-8-mm-intarit","12":"pa_inaltime-195-cm","13":"pa_informatii-suplimentare-posibilitatea-de-a-monta-suportul-pe-perete-sau-tavan","14":"pa_instalare-pe-cada-de-dus-sau-direct-pe-podea","15":"pa_suport-superior-articulat","17":"first","18":"instock","19":"purchasable","20":"product-type-simple"},"_links":{"self":[{"href":"https:\/\/creadivo.md\/ru\/wp-json\/wp\/v2\/product\/43911","targetHints":{"allow":["GET"]}}],"collection":[{"href":"https:\/\/creadivo.md\/ru\/wp-json\/wp\/v2\/product"}],"about":[{"href":"https:\/\/creadivo.md\/ru\/wp-json\/wp\/v2\/types\/product"}],"version-history":[{"count":0,"href":"https:\/\/creadivo.md\/ru\/wp-json\/wp\/v2\/product\/43911\/revisions"}],"wp:featuredmedia":[{"embeddable":true,"href":"https:\/\/creadivo.md\/ru\/wp-json\/wp\/v2\/media\/43912"}],"wp:attachment":[{"href":"https:\/\/creadivo.md\/ru\/wp-json\/wp\/v2\/media?parent=43911"}],"wp:term":[{"taxonomy":"product_brand","embeddable":true,"href":"https:\/\/creadivo.md\/ru\/wp-json\/wp\/v2\/product_brand?post=43911"},{"taxonomy":"product_cat","embeddable":true,"href":"https:\/\/creadivo.md\/ru\/wp-json\/wp\/v2\/product_cat?post=43911"},{"taxonomy":"product_tag","embeddable":true,"href":"https:\/\/creadivo.md\/ru\/wp-json\/wp\/v2\/product_tag?post=43911"}],"curies":[{"name":"wp","href":"https:\/\/api.w.org\/{rel}","templated":true}]}}