{"id":44012,"date":"2024-06-10T20:07:40","date_gmt":"2024-06-10T20:07:40","guid":{"rendered":"https:\/\/creadivo.md\/?post_type=product&#038;p=44012"},"modified":"2026-04-10T00:10:36","modified_gmt":"2026-04-10T00:10:36","slug":"baterie-lavoar-tess-gold-high","status":"publish","type":"product","link":"https:\/\/creadivo.md\/ru\/product\/baterie-lavoar-tess-gold-high\/","title":{"rendered":"\u0421\u041c\u0415\u0421\u0418\u0422\u0415\u041b\u042c \u0414\u041b\u042f \u0423\u041c\u042b\u0412\u0410\u041b\u042c\u041d\u0418\u041a\u0410 TESS GOLD HIGH"},"content":{"rendered":"<p>Baterie Tess extrem de durabil\u0103 \u0219i func\u021bional\u0103, realizat\u0103 din alam\u0103 de cea mai \u00eenalt\u0103 calitate. Acest material asigur\u0103 fiabilitatea deplin\u0103 \u0219i garanteaz\u0103 func\u021bionarea f\u0103r\u0103 probleme a produsului pentru mul\u021bi ani. Capul ceramic v\u0103 va permite s\u0103 efectua\u021bi p\u00e2n\u0103 la 500.000 de cicluri de deschidere \u0219i \u00eenchidere a fluxului de ap\u0103. Acoperirea corpului robinetului cu straturi de crom auriu confer\u0103 robinetului un aspect unic \u0219i \u00eel protejeaz\u0103 \u00eempotriva coroziunii \u0219i a p\u0103tarii. Forma frumoas\u0103 a robinetului se va potrivi perfect \u00een orice decor de baie.<\/p>\n<p>Robinetul de lavoar auriu deschis Tess combin\u0103 designul atractiv cu confortul \u0219i simplitatea \u00een utilizare. Avantajul s\u0103u este o suprafa\u021b\u0103 neted\u0103, rezistent\u0103 la deterior\u0103ri mecanice \u0219i zg\u00e2rieturi, care nu se murd\u0103re\u0219te u\u0219or. Dac\u0103 este cur\u0103\u021bat \u0219i utilizat \u00een mod regulat conform inten\u021biei, produsul arat\u0103 ca nou chiar \u0219i dup\u0103 mul\u021bi ani de utilizare. Robinetul este un element integrant al chiuvetelor de blat. Opera\u021biunile de asamblare nu ar trebui s\u0103 pun\u0103 probleme majore nim\u0103nui. Prin urmare, pute\u021bi avea grij\u0103 de ele singur.<\/p>\n<div style=\"margin: 20px 0;\"><div class=\"qrcswholewtapper\" style=\"text-align:left;\"><div class=\"qrcprowrapper\"  id=\"qrcwraa2leds\"><div class=\"qrc_canvass\" id=\"qrc_cuttenpages_2\" style=\"display:inline-block\" data-text=\"https:\/\/creadivo.md\/ru\/product\/baterie-lavoar-tess-gold-high\/\"><\/div><\/div><\/div><\/div>","protected":false},"excerpt":{"rendered":"<p>Baterie Tess extrem de durabil\u0103 \u0219i func\u021bional\u0103, realizat\u0103 din alam\u0103 de cea mai \u00eenalt\u0103 calitate. Acest material asigur\u0103 fiabilitatea deplin\u0103<\/p>","protected":false},"featured_media":44013,"template":"","meta":[],"product_brand":[],"product_cat":[29,289],"product_tag":[],"class_list":{"0":"post-44012","1":"product","2":"type-product","3":"status-publish","4":"has-post-thumbnail","6":"product_cat-baterii-sanitare","7":"product_cat-pentru-lavoar","8":"pa_cap-ceramica-cu-mixer","9":"pa_conexiune-3-8-inch","10":"pa_inaltime-315-mm","11":"pa_informatii-suplimentare-duza-fixa-aerator-de-aerare","12":"pa_instalare-pentru-lavoar-sau-blat","14":"first","15":"instock","16":"purchasable","17":"product-type-simple"},"_links":{"self":[{"href":"https:\/\/creadivo.md\/ru\/wp-json\/wp\/v2\/product\/44012","targetHints":{"allow":["GET"]}}],"collection":[{"href":"https:\/\/creadivo.md\/ru\/wp-json\/wp\/v2\/product"}],"about":[{"href":"https:\/\/creadivo.md\/ru\/wp-json\/wp\/v2\/types\/product"}],"version-history":[{"count":1,"href":"https:\/\/creadivo.md\/ru\/wp-json\/wp\/v2\/product\/44012\/revisions"}],"predecessor-version":[{"id":62351,"href":"https:\/\/creadivo.md\/ru\/wp-json\/wp\/v2\/product\/44012\/revisions\/62351"}],"wp:featuredmedia":[{"embeddable":true,"href":"https:\/\/creadivo.md\/ru\/wp-json\/wp\/v2\/media\/44013"}],"wp:attachment":[{"href":"https:\/\/creadivo.md\/ru\/wp-json\/wp\/v2\/media?parent=44012"}],"wp:term":[{"taxonomy":"product_brand","embeddable":true,"href":"https:\/\/creadivo.md\/ru\/wp-json\/wp\/v2\/product_brand?post=44012"},{"taxonomy":"product_cat","embeddable":true,"href":"https:\/\/creadivo.md\/ru\/wp-json\/wp\/v2\/product_cat?post=44012"},{"taxonomy":"product_tag","embeddable":true,"href":"https:\/\/creadivo.md\/ru\/wp-json\/wp\/v2\/product_tag?post=44012"}],"curies":[{"name":"wp","href":"https:\/\/api.w.org\/{rel}","templated":true}]}}