{"id":44049,"date":"2024-06-10T20:08:45","date_gmt":"2024-06-10T20:08:45","guid":{"rendered":"https:\/\/creadivo.md\/?post_type=product&#038;p=44049"},"modified":"2024-12-20T07:04:21","modified_gmt":"2024-12-20T07:04:21","slug":"lavoar-pe-blat-olga","status":"publish","type":"product","link":"https:\/\/creadivo.md\/ru\/product\/lavoar-pe-blat-olga\/","title":{"rendered":"\u0423\u041c\u042b\u0412\u0410\u041b\u042c\u041d\u0418\u041a OLGA"},"content":{"rendered":"<p>Lavoarul Olga este un model pentru sus\u021bin\u0103torii formelor atemporale \u00eentr-o versiune modern\u0103. Se va potrivi perfect at\u00e2t \u00een b\u0103ile decorate \u00een stil minimalist, c\u00e2t \u0219i \u00een camerele clasice. Datorit\u0103 designului s\u0103u universal \u00een form\u0103 de bol \u0219i instal\u0103rii pe blat, poate fi adaptat oric\u0103rei b\u0103i.<\/p>\n<p>Un lavoar pe blat este o solutie perfecta pentru persoanele care doresc sa economiseasca spatiu si sa mentina aspectul atractiv al incaperii. Astfel de modele pot fi montate pe un blat sau dulap, f\u0103c\u00e2ndu-le s\u0103 arate foarte impresionant.<\/p>\n<p>Lavoarul Olga captiveaz\u0103 prin liniile sale ra\u021bionale \u0219i finisajul delicat. Datorit\u0103 formei sale ergonomice, va fi foarte func\u021bional \u00een utilizarea de zi cu zi. Daca esti in cautarea unui model care sa combine un aspect original si valorile practice, cu siguranta lavoarul Rea Olga te va atrage.<\/p>\n<div style=\"margin: 20px 0;\"><div class=\"qrcswholewtapper\" style=\"text-align:left;\"><div class=\"qrcprowrapper\"  id=\"qrcwraa2leds\"><div class=\"qrc_canvass\" id=\"qrc_cuttenpages_2\" style=\"display:inline-block\" data-text=\"https:\/\/creadivo.md\/ru\/product\/lavoar-pe-blat-olga\/\"><\/div><\/div><\/div><\/div>","protected":false},"excerpt":{"rendered":"<p>Lavoarul Olga este un model pentru sus\u021bin\u0103torii formelor atemporale \u00eentr-o versiune modern\u0103. Se va potrivi perfect at\u00e2t \u00een b\u0103ile decorate<\/p>","protected":false},"featured_media":44050,"template":"","meta":[],"product_brand":[],"product_cat":[21,286],"product_tag":[],"class_list":{"0":"post-44049","1":"product","2":"type-product","3":"status-publish","4":"has-post-thumbnail","6":"product_cat-lavoare","7":"product_cat-lavoar-pe-blat","8":"pa_gaura-baterie-nu","9":"pa_gaura-de-deversare-da","10":"pa_marimea-630x415x150mm","12":"first","13":"instock","14":"purchasable","15":"product-type-simple"},"_links":{"self":[{"href":"https:\/\/creadivo.md\/ru\/wp-json\/wp\/v2\/product\/44049","targetHints":{"allow":["GET"]}}],"collection":[{"href":"https:\/\/creadivo.md\/ru\/wp-json\/wp\/v2\/product"}],"about":[{"href":"https:\/\/creadivo.md\/ru\/wp-json\/wp\/v2\/types\/product"}],"version-history":[{"count":0,"href":"https:\/\/creadivo.md\/ru\/wp-json\/wp\/v2\/product\/44049\/revisions"}],"wp:featuredmedia":[{"embeddable":true,"href":"https:\/\/creadivo.md\/ru\/wp-json\/wp\/v2\/media\/44050"}],"wp:attachment":[{"href":"https:\/\/creadivo.md\/ru\/wp-json\/wp\/v2\/media?parent=44049"}],"wp:term":[{"taxonomy":"product_brand","embeddable":true,"href":"https:\/\/creadivo.md\/ru\/wp-json\/wp\/v2\/product_brand?post=44049"},{"taxonomy":"product_cat","embeddable":true,"href":"https:\/\/creadivo.md\/ru\/wp-json\/wp\/v2\/product_cat?post=44049"},{"taxonomy":"product_tag","embeddable":true,"href":"https:\/\/creadivo.md\/ru\/wp-json\/wp\/v2\/product_tag?post=44049"}],"curies":[{"name":"wp","href":"https:\/\/api.w.org\/{rel}","templated":true}]}}