{"id":44062,"date":"2024-06-10T20:09:00","date_gmt":"2024-06-10T20:09:00","guid":{"rendered":"https:\/\/creadivo.md\/?post_type=product&#038;p=44062"},"modified":"2026-03-27T00:10:54","modified_gmt":"2026-03-27T00:10:54","slug":"baterie-pentru-cada-retro-old-black","status":"publish","type":"product","link":"https:\/\/creadivo.md\/ru\/product\/baterie-pentru-cada-retro-old-black\/","title":{"rendered":"\u0421\u041c\u0415\u0421\u0418\u0422\u0415\u041b\u042c \u0414\u041b\u042f \u0412\u0410\u041d\u041d\u042b RETRO OLD BLACK"},"content":{"rendered":"<p>Robinetul pentru cada de \u00eenalt\u0103 calitate Retro Old Black este un dispozitiv care combin\u0103 valorile func\u021bionale \u0219i estetice unice. Este foarte usor de folosit. Este realizat din alam\u0103 elegant\u0103.<\/p>\n<div style=\"margin: 20px 0;\"><div class=\"qrcswholewtapper\" style=\"text-align:left;\"><div class=\"qrcprowrapper\"  id=\"qrcwraa2leds\"><div class=\"qrc_canvass\" id=\"qrc_cuttenpages_2\" style=\"display:inline-block\" data-text=\"https:\/\/creadivo.md\/ru\/product\/baterie-pentru-cada-retro-old-black\/\"><\/div><\/div><\/div><\/div>","protected":false},"excerpt":{"rendered":"<p>Robinetul pentru cada de \u00eenalt\u0103 calitate Retro Old Black este un dispozitiv care combin\u0103 valorile func\u021bionale \u0219i estetice unice. Este<\/p>","protected":false},"featured_media":44063,"template":"","meta":[],"product_brand":[],"product_cat":[29,290],"product_tag":[],"class_list":{"0":"post-44062","1":"product","2":"type-product","3":"status-publish","4":"has-post-thumbnail","6":"product_cat-baterii-sanitare","7":"product_cat-pentru-cada","8":"pa_cap-ceramica-cu-mixer","9":"pa_conexiune-1-2-inch","10":"pa_informatii-suplimentare-comutator-cu-2-functii","11":"pa_instalare-pe-un-perete","13":"first","14":"instock","15":"purchasable","16":"product-type-simple"},"_links":{"self":[{"href":"https:\/\/creadivo.md\/ru\/wp-json\/wp\/v2\/product\/44062","targetHints":{"allow":["GET"]}}],"collection":[{"href":"https:\/\/creadivo.md\/ru\/wp-json\/wp\/v2\/product"}],"about":[{"href":"https:\/\/creadivo.md\/ru\/wp-json\/wp\/v2\/types\/product"}],"version-history":[{"count":0,"href":"https:\/\/creadivo.md\/ru\/wp-json\/wp\/v2\/product\/44062\/revisions"}],"wp:featuredmedia":[{"embeddable":true,"href":"https:\/\/creadivo.md\/ru\/wp-json\/wp\/v2\/media\/44063"}],"wp:attachment":[{"href":"https:\/\/creadivo.md\/ru\/wp-json\/wp\/v2\/media?parent=44062"}],"wp:term":[{"taxonomy":"product_brand","embeddable":true,"href":"https:\/\/creadivo.md\/ru\/wp-json\/wp\/v2\/product_brand?post=44062"},{"taxonomy":"product_cat","embeddable":true,"href":"https:\/\/creadivo.md\/ru\/wp-json\/wp\/v2\/product_cat?post=44062"},{"taxonomy":"product_tag","embeddable":true,"href":"https:\/\/creadivo.md\/ru\/wp-json\/wp\/v2\/product_tag?post=44062"}],"curies":[{"name":"wp","href":"https:\/\/api.w.org\/{rel}","templated":true}]}}