{"id":44090,"date":"2024-06-10T20:09:41","date_gmt":"2024-06-10T20:09:41","guid":{"rendered":"https:\/\/creadivo.md\/?post_type=product&#038;p=44090"},"modified":"2026-03-27T00:10:56","modified_gmt":"2026-03-27T00:10:56","slug":"baterie-lavoar-vintage-old-black-high","status":"publish","type":"product","link":"https:\/\/creadivo.md\/ru\/product\/baterie-lavoar-vintage-old-black-high\/","title":{"rendered":"\u0421\u041c\u0415\u0421\u0418\u0422\u0415\u041b\u042c \u0414\u041b\u042f \u0423\u041c\u042b\u0412\u0410\u041b\u042c\u041d\u0418\u041a\u0410 VINTAGE OLD BLACK HIGH"},"content":{"rendered":"<p>V\u0103 prezent\u0103m un robinet de lavoar extrem de frumos \u0219i unic. Stilul retro realizat \u00een cele din urm\u0103 cu elemente vizuale din alam\u0103 va sublinia unicitatea fiec\u0103rei b\u0103i. Robinetul este proiectat pentru a fi montat pe o chiuvet\u0103. Capul folosit la aceasta baterie este extrem de rezistent datorita materialului ceramic folosit.<\/p>\n<p>Robinetul este realizat din alam\u0103 acoperit\u0103 cu un strat durabil de vopsea neagr\u0103, care a fost, de asemenea, supus\u0103 tehnologiei de \u00eemb\u0103tr\u00e2nire. Este usor de intretinut. Oferta noastr\u0103 include \u00eentreaga colec\u021bie Vintage.<\/p>\n<div style=\"margin: 20px 0;\"><div class=\"qrcswholewtapper\" style=\"text-align:left;\"><div class=\"qrcprowrapper\"  id=\"qrcwraa2leds\"><div class=\"qrc_canvass\" id=\"qrc_cuttenpages_2\" style=\"display:inline-block\" data-text=\"https:\/\/creadivo.md\/ru\/product\/baterie-lavoar-vintage-old-black-high\/\"><\/div><\/div><\/div><\/div>","protected":false},"excerpt":{"rendered":"<p>V\u0103 prezent\u0103m un robinet de lavoar extrem de frumos \u0219i unic. Stilul retro realizat \u00een cele din urm\u0103 cu elemente<\/p>","protected":false},"featured_media":44091,"template":"","meta":[],"product_brand":[],"product_cat":[29,289],"product_tag":[],"class_list":{"0":"post-44090","1":"product","2":"type-product","3":"status-publish","4":"has-post-thumbnail","6":"product_cat-baterii-sanitare","7":"product_cat-pentru-lavoar","8":"pa_cap-ceramica-cu-mixer","9":"pa_conexiune-3-8-inch","10":"pa_inaltime-310-mm","11":"pa_informatii-suplimentare-duza-mobila-aerator-de-aerare","12":"pa_instalare-pentru-lavoar-sau-blat","14":"first","15":"instock","16":"purchasable","17":"product-type-simple"},"_links":{"self":[{"href":"https:\/\/creadivo.md\/ru\/wp-json\/wp\/v2\/product\/44090","targetHints":{"allow":["GET"]}}],"collection":[{"href":"https:\/\/creadivo.md\/ru\/wp-json\/wp\/v2\/product"}],"about":[{"href":"https:\/\/creadivo.md\/ru\/wp-json\/wp\/v2\/types\/product"}],"version-history":[{"count":0,"href":"https:\/\/creadivo.md\/ru\/wp-json\/wp\/v2\/product\/44090\/revisions"}],"wp:featuredmedia":[{"embeddable":true,"href":"https:\/\/creadivo.md\/ru\/wp-json\/wp\/v2\/media\/44091"}],"wp:attachment":[{"href":"https:\/\/creadivo.md\/ru\/wp-json\/wp\/v2\/media?parent=44090"}],"wp:term":[{"taxonomy":"product_brand","embeddable":true,"href":"https:\/\/creadivo.md\/ru\/wp-json\/wp\/v2\/product_brand?post=44090"},{"taxonomy":"product_cat","embeddable":true,"href":"https:\/\/creadivo.md\/ru\/wp-json\/wp\/v2\/product_cat?post=44090"},{"taxonomy":"product_tag","embeddable":true,"href":"https:\/\/creadivo.md\/ru\/wp-json\/wp\/v2\/product_tag?post=44090"}],"curies":[{"name":"wp","href":"https:\/\/api.w.org\/{rel}","templated":true}]}}