{"id":44096,"date":"2024-06-10T20:09:41","date_gmt":"2024-06-10T20:09:41","guid":{"rendered":"https:\/\/creadivo.md\/?post_type=product&#038;p=44096"},"modified":"2026-04-10T00:10:38","modified_gmt":"2026-04-10T00:10:38","slug":"baterie-lavoar-tess-black-high","status":"publish","type":"product","link":"https:\/\/creadivo.md\/ru\/product\/baterie-lavoar-tess-black-high\/","title":{"rendered":"\u0421\u041c\u0415\u0421\u0418\u0422\u0415\u041b\u042c \u0414\u041b\u042f \u0423\u041c\u042b\u0412\u0410\u041b\u042c\u041d\u0418\u041a\u0410 TESS BLACK HIGH"},"content":{"rendered":"<p>O baterie moderna si extrem de functionala Tess in negru. Produsul va completa perfect baia, men\u021bin\u00e2nd \u00een acela\u0219i timp un aspect modern \u0219i estetica interiorului. Robinetul este conceput pentru a fi montat pe lavoare si blaturi. Este realizata din alama si acoperita cu un strat negru, care confera un efect exclusivist. Datorit\u0103 unei faze speciale de produc\u021bie, produsul este foarte durabil \u0219i u\u0219or de cur\u0103\u021bat.<\/p>\n<p>Robinetul de lavoar \u00eenalt negru Tess este un accesoriu de \u00eenalt\u0103 calitate conceput pentru a fi utilizat \u00eempreun\u0103 cu chiuvetele de blat. Se distinge prin u\u0219urin\u021ba de instalare \u0219i operare. Instalarea acestuia dureaz\u0103 doar c\u00e2teva momente. Pute\u021bi avea grij\u0103 singur de acest lucru. Culoarea elegant\u0103, \u00eenchis\u0103, protejeaz\u0103 perfect bateria \u00eempotriva murd\u0103riei. Accesoriul este rezistent la zg\u00e2rieturi \u0219i deterior\u0103ri mecanice. Un robinet cur\u0103\u021bat \u00een mod regulat arat\u0103 ca nou chiar \u0219i dup\u0103 mul\u021bi ani de utilizare.<\/p>\n<div style=\"margin: 20px 0;\"><div class=\"qrcswholewtapper\" style=\"text-align:left;\"><div class=\"qrcprowrapper\"  id=\"qrcwraa2leds\"><div class=\"qrc_canvass\" id=\"qrc_cuttenpages_2\" style=\"display:inline-block\" data-text=\"https:\/\/creadivo.md\/ru\/product\/baterie-lavoar-tess-black-high\/\"><\/div><\/div><\/div><\/div>","protected":false},"excerpt":{"rendered":"<p>O baterie moderna si extrem de functionala Tess in negru. Produsul va completa perfect baia, men\u021bin\u00e2nd \u00een acela\u0219i timp un<\/p>","protected":false},"featured_media":44097,"template":"","meta":[],"product_brand":[],"product_cat":[29,289],"product_tag":[],"class_list":{"0":"post-44096","1":"product","2":"type-product","3":"status-publish","4":"has-post-thumbnail","6":"product_cat-baterii-sanitare","7":"product_cat-pentru-lavoar","8":"pa_cap-ceramica-cu-mixer","9":"pa_conexiune-3-8-inch","10":"pa_inaltime-315-mm","11":"pa_informatii-suplimentare-duza-fixa-aerator-de-aerare","12":"pa_instalare-pentru-lavoar-sau-blat","14":"first","15":"instock","16":"purchasable","17":"product-type-simple"},"_links":{"self":[{"href":"https:\/\/creadivo.md\/ru\/wp-json\/wp\/v2\/product\/44096","targetHints":{"allow":["GET"]}}],"collection":[{"href":"https:\/\/creadivo.md\/ru\/wp-json\/wp\/v2\/product"}],"about":[{"href":"https:\/\/creadivo.md\/ru\/wp-json\/wp\/v2\/types\/product"}],"version-history":[{"count":0,"href":"https:\/\/creadivo.md\/ru\/wp-json\/wp\/v2\/product\/44096\/revisions"}],"wp:featuredmedia":[{"embeddable":true,"href":"https:\/\/creadivo.md\/ru\/wp-json\/wp\/v2\/media\/44097"}],"wp:attachment":[{"href":"https:\/\/creadivo.md\/ru\/wp-json\/wp\/v2\/media?parent=44096"}],"wp:term":[{"taxonomy":"product_brand","embeddable":true,"href":"https:\/\/creadivo.md\/ru\/wp-json\/wp\/v2\/product_brand?post=44096"},{"taxonomy":"product_cat","embeddable":true,"href":"https:\/\/creadivo.md\/ru\/wp-json\/wp\/v2\/product_cat?post=44096"},{"taxonomy":"product_tag","embeddable":true,"href":"https:\/\/creadivo.md\/ru\/wp-json\/wp\/v2\/product_tag?post=44096"}],"curies":[{"name":"wp","href":"https:\/\/api.w.org\/{rel}","templated":true}]}}