{"id":44111,"date":"2024-06-10T20:09:58","date_gmt":"2024-06-10T20:09:58","guid":{"rendered":"https:\/\/creadivo.md\/?post_type=product&#038;p=44111"},"modified":"2025-09-29T08:17:29","modified_gmt":"2025-09-29T08:17:29","slug":"baterie-cada-freestanding-lungo-ortis-black-2","status":"publish","type":"product","link":"https:\/\/creadivo.md\/ru\/product\/baterie-cada-freestanding-lungo-ortis-black-2\/","title":{"rendered":"\u0421\u041c\u0415\u0421\u0418\u0422\u0415\u041b\u042c \u0414\u041b\u042f \u0412\u0410\u041d\u041d\u042b \u041d\u0410\u041f\u041e\u041b\u042c\u041d\u042b\u0419 LUNGO ORTIS BLACK"},"content":{"rendered":"<p>Un robinet de podea negru modern \u0219i func\u021bional impresioneaz\u0103 prin designul s\u0103u unic. Umple perfect spa\u021biul din baie. Produsul este realizat din alam\u0103 acoperit\u0103 cu un strat triplu de acoperire neagr\u0103 mat. Robinetul este foarte rezistent \u0219i u\u0219or de cur\u0103\u021bat.<\/p>\n<p>Bateriile pentru cad\u0103 de sine st\u0103t\u0103toare sunt o op\u021biune modern\u0103 \u0219i elegant\u0103 pentru amplasarea robinetelor \u00een fiecare baie. Este o alternativa interesanta la robinetele instalate in pereti si pe marginile cazii. Sunt perfecte pentru b\u0103ile mai mari, \u00eendeplinind nu doar un rol pur func\u021bional, ci \u0219i unul decorativ. Combinate cu o cad\u0103 frumoas\u0103, potrivit\u0103 ca design cu robinetul, creeaz\u0103 un efect vizual excelent. Capetele ceramice garanteaz\u0103 o perioad\u0103 lung\u0103 de utilizare, telefonul este echipat cu sistem Anti-Calc pentru a preveni depunerile de calcar.<\/p>\n<div style=\"margin: 20px 0;\"><div class=\"qrcswholewtapper\" style=\"text-align:left;\"><div class=\"qrcprowrapper\"  id=\"qrcwraa2leds\"><div class=\"qrc_canvass\" id=\"qrc_cuttenpages_2\" style=\"display:inline-block\" data-text=\"https:\/\/creadivo.md\/ru\/product\/baterie-cada-freestanding-lungo-ortis-black-2\/\"><\/div><\/div><\/div><\/div>","protected":false},"excerpt":{"rendered":"<p>Un robinet de podea negru modern \u0219i func\u021bional impresioneaz\u0103 prin designul s\u0103u unic. Umple perfect spa\u021biul din baie. Produsul este<\/p>","protected":false},"featured_media":44112,"template":"","meta":[],"product_brand":[],"product_cat":[29,290],"product_tag":[],"class_list":{"0":"post-44111","1":"product","2":"type-product","3":"status-publish","4":"has-post-thumbnail","6":"product_cat-baterii-sanitare","7":"product_cat-pentru-cada","8":"pa_cap-ceramica-cu-mixer","9":"pa_conexiune-pana-la-podea-3-8-inch","10":"pa_informatii-suplimentare-duza-mobila","11":"pa_instalare-pe-podea","13":"first","14":"outofstock","15":"purchasable","16":"product-type-simple"},"_links":{"self":[{"href":"https:\/\/creadivo.md\/ru\/wp-json\/wp\/v2\/product\/44111","targetHints":{"allow":["GET"]}}],"collection":[{"href":"https:\/\/creadivo.md\/ru\/wp-json\/wp\/v2\/product"}],"about":[{"href":"https:\/\/creadivo.md\/ru\/wp-json\/wp\/v2\/types\/product"}],"version-history":[{"count":1,"href":"https:\/\/creadivo.md\/ru\/wp-json\/wp\/v2\/product\/44111\/revisions"}],"predecessor-version":[{"id":62349,"href":"https:\/\/creadivo.md\/ru\/wp-json\/wp\/v2\/product\/44111\/revisions\/62349"}],"wp:featuredmedia":[{"embeddable":true,"href":"https:\/\/creadivo.md\/ru\/wp-json\/wp\/v2\/media\/44112"}],"wp:attachment":[{"href":"https:\/\/creadivo.md\/ru\/wp-json\/wp\/v2\/media?parent=44111"}],"wp:term":[{"taxonomy":"product_brand","embeddable":true,"href":"https:\/\/creadivo.md\/ru\/wp-json\/wp\/v2\/product_brand?post=44111"},{"taxonomy":"product_cat","embeddable":true,"href":"https:\/\/creadivo.md\/ru\/wp-json\/wp\/v2\/product_cat?post=44111"},{"taxonomy":"product_tag","embeddable":true,"href":"https:\/\/creadivo.md\/ru\/wp-json\/wp\/v2\/product_tag?post=44111"}],"curies":[{"name":"wp","href":"https:\/\/api.w.org\/{rel}","templated":true}]}}