{"id":44129,"date":"2024-06-10T20:10:29","date_gmt":"2024-06-10T20:10:29","guid":{"rendered":"https:\/\/creadivo.md\/?post_type=product&#038;p=44129"},"modified":"2026-04-03T00:10:31","modified_gmt":"2026-04-03T00:10:31","slug":"lavoar-pe-blat-kelly","status":"publish","type":"product","link":"https:\/\/creadivo.md\/ru\/product\/lavoar-pe-blat-kelly\/","title":{"rendered":"\u0423\u041c\u042b\u0412\u0410\u041b\u042c\u041d\u0418\u041a KELLY"},"content":{"rendered":"<p>Oferim o chiuvet\u0103 inovatoare \u0219i func\u021bional\u0103 Kelly, care captiveaz\u0103 prin simplitate \u0219i form\u0103 sub\u021bire. Este o chiuveta de blat, deci poate fi montata pe blat sau dulap. Aspectul s\u0103u extraordinar se va potrivi perfect \u00een orice baie.<\/p>\n<p>Lavoarele pentru instalarea \u00een blaturi sunt foarte populare \u00een r\u00e2ndul clien\u021bilor. Nu sunt doar foarte func\u021bionale, ci \u0219i extrem de decorative. A\u0219adar, dac\u0103 dori\u021bi s\u0103 \u00eembina\u021bi valorile practice cu un design interesant, chiuveta Rea Kelly va fi alegerea perfect\u0103.<\/p>\n<p>Pentru produc\u021bie s-a folosit ceramic\u0103 sanitar\u0103 alb\u0103 ca z\u0103pada de cea mai \u00eenalt\u0103 calitate, ceea ce asigur\u0103 o durabilitate ridicat\u0103 a produsului, precum \u0219i aspectul s\u0103u impecabil chiar \u0219i dup\u0103 mul\u021bi ani de utilizare. Pute\u021bi alege un robinet de baie pentru aceast\u0103 chiuvet\u0103 \u00een multe culori \u0219i modele din care s\u0103 alege\u021bi. Le ve\u021bi g\u0103si \u0219i \u00een oferta noastr\u0103.<\/p>\n<div style=\"margin: 20px 0;\"><div class=\"qrcswholewtapper\" style=\"text-align:left;\"><div class=\"qrcprowrapper\"  id=\"qrcwraa2leds\"><div class=\"qrc_canvass\" id=\"qrc_cuttenpages_2\" style=\"display:inline-block\" data-text=\"https:\/\/creadivo.md\/ru\/product\/lavoar-pe-blat-kelly\/\"><\/div><\/div><\/div><\/div>","protected":false},"excerpt":{"rendered":"<p>Oferim o chiuvet\u0103 inovatoare \u0219i func\u021bional\u0103 Kelly, care captiveaz\u0103 prin simplitate \u0219i form\u0103 sub\u021bire. Este o chiuveta de blat, deci<\/p>","protected":false},"featured_media":44130,"template":"","meta":[],"product_brand":[],"product_cat":[21,286],"product_tag":[],"class_list":{"0":"post-44129","1":"product","2":"type-product","3":"status-publish","4":"has-post-thumbnail","6":"product_cat-lavoare","7":"product_cat-lavoar-pe-blat","8":"pa_gaura-baterie-da","9":"pa_gaura-de-deversare-nu","10":"pa_marimea-490x380x135mm","12":"first","13":"instock","14":"purchasable","15":"product-type-simple"},"_links":{"self":[{"href":"https:\/\/creadivo.md\/ru\/wp-json\/wp\/v2\/product\/44129","targetHints":{"allow":["GET"]}}],"collection":[{"href":"https:\/\/creadivo.md\/ru\/wp-json\/wp\/v2\/product"}],"about":[{"href":"https:\/\/creadivo.md\/ru\/wp-json\/wp\/v2\/types\/product"}],"version-history":[{"count":0,"href":"https:\/\/creadivo.md\/ru\/wp-json\/wp\/v2\/product\/44129\/revisions"}],"wp:featuredmedia":[{"embeddable":true,"href":"https:\/\/creadivo.md\/ru\/wp-json\/wp\/v2\/media\/44130"}],"wp:attachment":[{"href":"https:\/\/creadivo.md\/ru\/wp-json\/wp\/v2\/media?parent=44129"}],"wp:term":[{"taxonomy":"product_brand","embeddable":true,"href":"https:\/\/creadivo.md\/ru\/wp-json\/wp\/v2\/product_brand?post=44129"},{"taxonomy":"product_cat","embeddable":true,"href":"https:\/\/creadivo.md\/ru\/wp-json\/wp\/v2\/product_cat?post=44129"},{"taxonomy":"product_tag","embeddable":true,"href":"https:\/\/creadivo.md\/ru\/wp-json\/wp\/v2\/product_tag?post=44129"}],"curies":[{"name":"wp","href":"https:\/\/api.w.org\/{rel}","templated":true}]}}