{"id":44141,"date":"2024-06-10T20:10:47","date_gmt":"2024-06-10T20:10:47","guid":{"rendered":"https:\/\/creadivo.md\/?post_type=product&#038;p=44141"},"modified":"2026-03-27T00:10:57","modified_gmt":"2026-03-27T00:10:57","slug":"coloana-de-dus-retro-old-black","status":"publish","type":"product","link":"https:\/\/creadivo.md\/ru\/product\/coloana-de-dus-retro-old-black\/","title":{"rendered":"\u0414\u0423\u0428\u0415\u0412\u0410\u042f \u0421\u0422\u041e\u0419\u041a\u0410 RETRO OLD BLACK"},"content":{"rendered":"<p>Coloana de du\u0219\u00a0Retro Old Black cu gura de scurgere este un produs de \u00eenalt\u0103 clas\u0103 care atrage aten\u021bia prin designul \u0219i estetica sa originale. Se caracterizeaz\u0103 printr-o form\u0103 interesant\u0103 care se refer\u0103 la stilul vintage, dar culoarea neagr\u0103 \u00eei confer\u0103 un finisaj modern.<\/p>\n<p>Coloana de du\u0219 este fabricat\u0103 din alam\u0103 rezistent\u0103 acoperit\u0103 cu un strat special care previne coroziunea \u0219i depunerile de calcar. Setul include un du\u0219 rotund cu efect de ploaie, un du\u0219 \u0219i un robinet cu duze echipat cu sistem Anti Calc.<\/p>\n<div style=\"margin: 20px 0;\"><div class=\"qrcswholewtapper\" style=\"text-align:left;\"><div class=\"qrcprowrapper\"  id=\"qrcwraa2leds\"><div class=\"qrc_canvass\" id=\"qrc_cuttenpages_2\" style=\"display:inline-block\" data-text=\"https:\/\/creadivo.md\/ru\/product\/coloana-de-dus-retro-old-black\/\"><\/div><\/div><\/div><\/div>","protected":false},"excerpt":{"rendered":"<p>Coloana de du\u0219\u00a0Retro Old Black cu gura de scurgere este un produs de \u00eenalt\u0103 clas\u0103 care atrage aten\u021bia prin designul<\/p>","protected":false},"featured_media":44142,"template":"","meta":[],"product_brand":[],"product_cat":[100,2085],"product_tag":[],"class_list":{"0":"post-44141","1":"product","2":"type-product","3":"status-publish","4":"has-post-thumbnail","6":"product_cat-coloane-de-dus","7":"product_cat-sisteme-de-dus","8":"pa_cap-ceramica-cu-mixer","9":"pa_conexiune-1-2-inch","10":"pa_inaltime-1080-1500mm","11":"pa_informatii-suplimentare-sistem-anti-calc-articulatia-sferica-permite-orice-pozitionare-a-dusului-cu-ploaie","12":"pa_instalare-montat-la-suprafata","14":"first","15":"instock","16":"purchasable","17":"product-type-simple"},"_links":{"self":[{"href":"https:\/\/creadivo.md\/ru\/wp-json\/wp\/v2\/product\/44141","targetHints":{"allow":["GET"]}}],"collection":[{"href":"https:\/\/creadivo.md\/ru\/wp-json\/wp\/v2\/product"}],"about":[{"href":"https:\/\/creadivo.md\/ru\/wp-json\/wp\/v2\/types\/product"}],"version-history":[{"count":0,"href":"https:\/\/creadivo.md\/ru\/wp-json\/wp\/v2\/product\/44141\/revisions"}],"wp:featuredmedia":[{"embeddable":true,"href":"https:\/\/creadivo.md\/ru\/wp-json\/wp\/v2\/media\/44142"}],"wp:attachment":[{"href":"https:\/\/creadivo.md\/ru\/wp-json\/wp\/v2\/media?parent=44141"}],"wp:term":[{"taxonomy":"product_brand","embeddable":true,"href":"https:\/\/creadivo.md\/ru\/wp-json\/wp\/v2\/product_brand?post=44141"},{"taxonomy":"product_cat","embeddable":true,"href":"https:\/\/creadivo.md\/ru\/wp-json\/wp\/v2\/product_cat?post=44141"},{"taxonomy":"product_tag","embeddable":true,"href":"https:\/\/creadivo.md\/ru\/wp-json\/wp\/v2\/product_tag?post=44141"}],"curies":[{"name":"wp","href":"https:\/\/api.w.org\/{rel}","templated":true}]}}