{"id":44152,"date":"2024-06-10T20:11:04","date_gmt":"2024-06-10T20:11:04","guid":{"rendered":"https:\/\/creadivo.md\/?post_type=product&#038;p=44152"},"modified":"2026-04-11T00:10:29","modified_gmt":"2026-04-11T00:10:29","slug":"coloana-de-dus-vintage-old-black","status":"publish","type":"product","link":"https:\/\/creadivo.md\/ru\/product\/coloana-de-dus-vintage-old-black\/","title":{"rendered":"\u0414\u0423\u0428\u0415\u0412\u0410\u042f \u0421\u0422\u041e\u0419\u041a\u0410 VINTAGE OLD BLACK"},"content":{"rendered":"<p>Setul de du\u0219 negru Vintage cu gura de scurgere prezentat este un design unic care atrage aten\u021bia prin designul s\u0103u original \u0219i finisajul unic. Este decorat\u0103 \u00een stil retro, a\u0219a c\u0103 va fi o completare perfect\u0103 pentru o baie clasic\u0103. Setul de du\u0219 este realizat din alam\u0103 acoperit\u0103 cu negru, ceea ce \u00eei adaug\u0103 un pic de modernitate \u0219i elegan\u021b\u0103.<\/p>\n<p>Setul de du\u0219 negru Vintage cu gura de scurgere include un du\u0219 cu efect de ploaie, un receptor \u0219i un robinet, ceea ce \u00eel face nu numai atractiv, ci \u0219i func\u021bional.<\/p>\n<div style=\"margin: 20px 0;\"><div class=\"qrcswholewtapper\" style=\"text-align:left;\"><div class=\"qrcprowrapper\"  id=\"qrcwraa2leds\"><div class=\"qrc_canvass\" id=\"qrc_cuttenpages_2\" style=\"display:inline-block\" data-text=\"https:\/\/creadivo.md\/ru\/product\/coloana-de-dus-vintage-old-black\/\"><\/div><\/div><\/div><\/div>","protected":false},"excerpt":{"rendered":"<p>Setul de du\u0219 negru Vintage cu gura de scurgere prezentat este un design unic care atrage aten\u021bia prin designul s\u0103u<\/p>","protected":false},"featured_media":44153,"template":"","meta":[],"product_brand":[],"product_cat":[100,2085],"product_tag":[],"class_list":{"0":"post-44152","1":"product","2":"type-product","3":"status-publish","4":"has-post-thumbnail","6":"product_cat-coloane-de-dus","7":"product_cat-sisteme-de-dus","8":"pa_cap-ceramica-cu-mixer","9":"pa_conexiune-1-2-inch","10":"pa_inaltime-1000-1370-mm","11":"pa_informatii-suplimentare-sistem-anti-calc-rotula-permite-orice-pozitionare-a-dusului-de-ploaie","12":"pa_instalare-montat-la-suprafata","14":"first","15":"instock","16":"purchasable","17":"product-type-simple"},"_links":{"self":[{"href":"https:\/\/creadivo.md\/ru\/wp-json\/wp\/v2\/product\/44152","targetHints":{"allow":["GET"]}}],"collection":[{"href":"https:\/\/creadivo.md\/ru\/wp-json\/wp\/v2\/product"}],"about":[{"href":"https:\/\/creadivo.md\/ru\/wp-json\/wp\/v2\/types\/product"}],"version-history":[{"count":0,"href":"https:\/\/creadivo.md\/ru\/wp-json\/wp\/v2\/product\/44152\/revisions"}],"wp:featuredmedia":[{"embeddable":true,"href":"https:\/\/creadivo.md\/ru\/wp-json\/wp\/v2\/media\/44153"}],"wp:attachment":[{"href":"https:\/\/creadivo.md\/ru\/wp-json\/wp\/v2\/media?parent=44152"}],"wp:term":[{"taxonomy":"product_brand","embeddable":true,"href":"https:\/\/creadivo.md\/ru\/wp-json\/wp\/v2\/product_brand?post=44152"},{"taxonomy":"product_cat","embeddable":true,"href":"https:\/\/creadivo.md\/ru\/wp-json\/wp\/v2\/product_cat?post=44152"},{"taxonomy":"product_tag","embeddable":true,"href":"https:\/\/creadivo.md\/ru\/wp-json\/wp\/v2\/product_tag?post=44152"}],"curies":[{"name":"wp","href":"https:\/\/api.w.org\/{rel}","templated":true}]}}