{"id":44164,"date":"2024-06-10T20:11:04","date_gmt":"2024-06-10T20:11:04","guid":{"rendered":"https:\/\/creadivo.md\/?post_type=product&#038;p=44164"},"modified":"2026-03-27T00:10:59","modified_gmt":"2026-03-27T00:10:59","slug":"baterie-de-bucatarie-deco-old-black-high","status":"publish","type":"product","link":"https:\/\/creadivo.md\/ru\/product\/baterie-de-bucatarie-deco-old-black-high\/","title":{"rendered":"\u0421\u041c\u0415\u0421\u0418\u0422\u0415\u041b\u042c \u0414\u041b\u042f \u041a\u0423\u0425\u041d\u0418 DECO OLD BLACK HIGH"},"content":{"rendered":"<p>Avem placerea sa va prezentam o baterie de bucatarie mare extrem de unica, caracterizata prin functionalitate si aspect. Robinetul este realizat din alam\u0103 \u0219i acoperit cu un strat special dintr-un strat negru foarte rezistent la zg\u00e2rieturi, care a fost \u00eemb\u0103tr\u00e2nit suplimentar pentru a ob\u021bine un efect de stil retro \u0219i este u\u0219or de cur\u0103\u021bat.<\/p>\n<p>Robinetul Deco Old Black se va potrivi literalmente \u00een orice buc\u0103t\u0103rie.<\/p>\n<div style=\"margin: 20px 0;\"><div class=\"qrcswholewtapper\" style=\"text-align:left;\"><div class=\"qrcprowrapper\"  id=\"qrcwraa2leds\"><div class=\"qrc_canvass\" id=\"qrc_cuttenpages_2\" style=\"display:inline-block\" data-text=\"https:\/\/creadivo.md\/ru\/product\/baterie-de-bucatarie-deco-old-black-high\/\"><\/div><\/div><\/div><\/div>","protected":false},"excerpt":{"rendered":"<p>Avem placerea sa va prezentam o baterie de bucatarie mare extrem de unica, caracterizata prin functionalitate si aspect. Robinetul este<\/p>","protected":false},"featured_media":44165,"template":"","meta":[],"product_brand":[],"product_cat":[29,101],"product_tag":[],"class_list":{"0":"post-44164","1":"product","2":"type-product","3":"status-publish","4":"has-post-thumbnail","6":"product_cat-baterii-sanitare","7":"product_cat-robinete-de-bucatarie","8":"pa_cap-ceramica-cu-mixer","9":"pa_conexiune-3-8-inch","10":"pa_inaltime-430-mm","11":"pa_informatii-suplimentare-mobil-gura-de-scurgere-aerator-de-aerare-cu-2-functii","12":"pa_instalare-pentru-chiuveta-sau-blat","14":"first","15":"outofstock","16":"purchasable","17":"product-type-simple"},"_links":{"self":[{"href":"https:\/\/creadivo.md\/ru\/wp-json\/wp\/v2\/product\/44164","targetHints":{"allow":["GET"]}}],"collection":[{"href":"https:\/\/creadivo.md\/ru\/wp-json\/wp\/v2\/product"}],"about":[{"href":"https:\/\/creadivo.md\/ru\/wp-json\/wp\/v2\/types\/product"}],"version-history":[{"count":0,"href":"https:\/\/creadivo.md\/ru\/wp-json\/wp\/v2\/product\/44164\/revisions"}],"wp:featuredmedia":[{"embeddable":true,"href":"https:\/\/creadivo.md\/ru\/wp-json\/wp\/v2\/media\/44165"}],"wp:attachment":[{"href":"https:\/\/creadivo.md\/ru\/wp-json\/wp\/v2\/media?parent=44164"}],"wp:term":[{"taxonomy":"product_brand","embeddable":true,"href":"https:\/\/creadivo.md\/ru\/wp-json\/wp\/v2\/product_brand?post=44164"},{"taxonomy":"product_cat","embeddable":true,"href":"https:\/\/creadivo.md\/ru\/wp-json\/wp\/v2\/product_cat?post=44164"},{"taxonomy":"product_tag","embeddable":true,"href":"https:\/\/creadivo.md\/ru\/wp-json\/wp\/v2\/product_tag?post=44164"}],"curies":[{"name":"wp","href":"https:\/\/api.w.org\/{rel}","templated":true}]}}