{"id":44219,"date":"2024-06-10T20:12:41","date_gmt":"2024-06-10T20:12:41","guid":{"rendered":"https:\/\/creadivo.md\/?post_type=product&#038;p=44219"},"modified":"2026-03-27T00:11:01","modified_gmt":"2026-03-27T00:11:01","slug":"baterie-incastrata-lungo-black-matbox","status":"publish","type":"product","link":"https:\/\/creadivo.md\/ru\/product\/baterie-incastrata-lungo-black-matbox\/","title":{"rendered":"\u0421\u041c\u0415\u0421\u0418\u0422\u0415\u041b\u042c \u041d\u0410\u0421\u0422\u0415\u041d\u041d\u042b\u0419 LUNGO BLACK MAT+BOX"},"content":{"rendered":"<p>Robinetul este o alegere excelent\u0103 pentru proprietarii fiec\u0103rei b\u0103i. Forma la mod\u0103 a corpului din alam\u0103 a fost acoperit\u0103 cu o acoperire de 4 ori de cea mai bun\u0103 calitate. Datorit\u0103 acestei tehnici, bateria este protejat\u0103 \u00eempotriva coroziunii, p\u0103t\u0103rii \u0219i decolor\u0103rii. Acest model este conceput pentru a fi montat pe perete. Lavoare, sifoane \u0219i dopuri adecvate sunt disponibile \u00een magazinul nostru.<\/p>\n<p>V\u0103 prezent\u0103m un sistem inovator Box pentru instalarea unui robinet ascuns. Sistemul asigur\u0103 o instalare convenabil\u0103 \u0219i rapid\u0103. Este realizat din elemente interne din plastic \u0219i alam\u0103, ceea ce garanteaz\u0103 calitate \u0219i fiabilitate \u00eenalt\u0103. Elementul este echipat cu o pies\u0103 de mascare care protejeaz\u0103 elementele interioare \u00een timpul mont\u0103rii, \u0219i o nivel\u0103 cu burl\u0103 pentru a facilita asamblarea corect\u0103 \u0219i precis\u0103. Sistemul permite accesul u\u0219or la componentele interne ale bateriei odat\u0103 instalate pentru \u00eentre\u021binere.<\/p>\n<div style=\"margin: 20px 0;\"><div class=\"qrcswholewtapper\" style=\"text-align:left;\"><div class=\"qrcprowrapper\"  id=\"qrcwraa2leds\"><div class=\"qrc_canvass\" id=\"qrc_cuttenpages_2\" style=\"display:inline-block\" data-text=\"https:\/\/creadivo.md\/ru\/product\/baterie-incastrata-lungo-black-matbox\/\"><\/div><\/div><\/div><\/div>","protected":false},"excerpt":{"rendered":"<p>Robinetul este o alegere excelent\u0103 pentru proprietarii fiec\u0103rei b\u0103i. Forma la mod\u0103 a corpului din alam\u0103 a fost acoperit\u0103 cu<\/p>","protected":false},"featured_media":44220,"template":"","meta":[],"product_brand":[],"product_cat":[29,290],"product_tag":[],"class_list":{"0":"post-44219","1":"product","2":"type-product","3":"status-publish","4":"has-post-thumbnail","6":"product_cat-baterii-sanitare","7":"product_cat-pentru-cada","8":"pa_cap-ceramica-cu-mixer","9":"pa_conexiune-1-2-inch","10":"pa_informatii-suplimentare-duza-fixa-aerator-de-aerare","11":"pa_instalare-pe-un-perete","13":"first","14":"instock","15":"purchasable","16":"product-type-simple"},"_links":{"self":[{"href":"https:\/\/creadivo.md\/ru\/wp-json\/wp\/v2\/product\/44219","targetHints":{"allow":["GET"]}}],"collection":[{"href":"https:\/\/creadivo.md\/ru\/wp-json\/wp\/v2\/product"}],"about":[{"href":"https:\/\/creadivo.md\/ru\/wp-json\/wp\/v2\/types\/product"}],"version-history":[{"count":0,"href":"https:\/\/creadivo.md\/ru\/wp-json\/wp\/v2\/product\/44219\/revisions"}],"wp:featuredmedia":[{"embeddable":true,"href":"https:\/\/creadivo.md\/ru\/wp-json\/wp\/v2\/media\/44220"}],"wp:attachment":[{"href":"https:\/\/creadivo.md\/ru\/wp-json\/wp\/v2\/media?parent=44219"}],"wp:term":[{"taxonomy":"product_brand","embeddable":true,"href":"https:\/\/creadivo.md\/ru\/wp-json\/wp\/v2\/product_brand?post=44219"},{"taxonomy":"product_cat","embeddable":true,"href":"https:\/\/creadivo.md\/ru\/wp-json\/wp\/v2\/product_cat?post=44219"},{"taxonomy":"product_tag","embeddable":true,"href":"https:\/\/creadivo.md\/ru\/wp-json\/wp\/v2\/product_tag?post=44219"}],"curies":[{"name":"wp","href":"https:\/\/api.w.org\/{rel}","templated":true}]}}