{"id":44314,"date":"2024-06-10T20:14:18","date_gmt":"2024-06-10T20:14:18","guid":{"rendered":"https:\/\/creadivo.md\/?post_type=product&#038;p=44314"},"modified":"2026-04-08T00:10:55","modified_gmt":"2026-04-08T00:10:55","slug":"cabina-de-dus-fold-n2-chrome-120","status":"publish","type":"product","link":"https:\/\/creadivo.md\/ru\/product\/cabina-de-dus-fold-n2-chrome-120\/","title":{"rendered":"\u0414\u0423\u0428\u0415\u0412\u0410\u042f \u041a\u0410\u0411\u0418\u041d\u0410 FOLD N2 CHROME 120"},"content":{"rendered":"<p>Cabina de dus Fold este formata din doua usi pliante din sticla, finisate cu elemente elegante cromate. Acest model este o solu\u021bie ideal\u0103 pentru b\u0103ile mici \u0219i incomode. Fiecare arip\u0103 poate fi pliat\u0103 pe perete, at\u00e2t spre interior, c\u00e2t \u0219i spre exterior.<\/p>\n<p>Acest lucru ofer\u0103 posibilit\u0103\u021bi nelimitate \u00een utilizarea practic\u0103 a b\u0103ii. Sticla din cabina Fold nu este doar sigur\u0103, ci \u0219i practic\u0103, datorit\u0103 stratului Easy Clean. Datorit\u0103 acestei tehnologii moderne, nu se depune calcar pe sticl\u0103, iar cur\u0103\u021barea nu necesit\u0103 utilizarea agen\u021bilor puternici.<\/p>\n<div style=\"margin: 20px 0;\"><div class=\"qrcswholewtapper\" style=\"text-align:left;\"><div class=\"qrcprowrapper\"  id=\"qrcwraa2leds\"><div class=\"qrc_canvass\" id=\"qrc_cuttenpages_2\" style=\"display:inline-block\" data-text=\"https:\/\/creadivo.md\/ru\/product\/cabina-de-dus-fold-n2-chrome-120\/\"><\/div><\/div><\/div><\/div>","protected":false},"excerpt":{"rendered":"<p>Cabina de dus Fold este formata din doua usi pliante din sticla, finisate cu elemente elegante cromate. Acest model este<\/p>","protected":false},"featured_media":44315,"template":"","meta":[],"product_brand":[],"product_cat":[24,298],"product_tag":[],"class_list":{"0":"post-44314","1":"product","2":"type-product","3":"status-publish","4":"has-post-thumbnail","6":"product_cat-cabine-de-dus","7":"product_cat-cabine-de-colt","8":"pa_acoperire-usor-de-curatat","9":"pa_directia-de-instalare-universal","10":"pa_grosime-de-sticla-6-mm-intarit","11":"pa_inaltime-190-cm","12":"pa_informatii-suplimentare-usile-se-deschid-spre-exterior-si-spre-interior","13":"pa_instalare-pe-cabina-de-dus-sau-direct-pe-podea","14":"pa_posibilitate-de-prelungire-da-profil-dedicat-rea-k7512","15":"pa_tip-cabina-colt-pliabil","17":"first","18":"instock","19":"purchasable","20":"product-type-simple"},"_links":{"self":[{"href":"https:\/\/creadivo.md\/ru\/wp-json\/wp\/v2\/product\/44314","targetHints":{"allow":["GET"]}}],"collection":[{"href":"https:\/\/creadivo.md\/ru\/wp-json\/wp\/v2\/product"}],"about":[{"href":"https:\/\/creadivo.md\/ru\/wp-json\/wp\/v2\/types\/product"}],"version-history":[{"count":0,"href":"https:\/\/creadivo.md\/ru\/wp-json\/wp\/v2\/product\/44314\/revisions"}],"wp:featuredmedia":[{"embeddable":true,"href":"https:\/\/creadivo.md\/ru\/wp-json\/wp\/v2\/media\/44315"}],"wp:attachment":[{"href":"https:\/\/creadivo.md\/ru\/wp-json\/wp\/v2\/media?parent=44314"}],"wp:term":[{"taxonomy":"product_brand","embeddable":true,"href":"https:\/\/creadivo.md\/ru\/wp-json\/wp\/v2\/product_brand?post=44314"},{"taxonomy":"product_cat","embeddable":true,"href":"https:\/\/creadivo.md\/ru\/wp-json\/wp\/v2\/product_cat?post=44314"},{"taxonomy":"product_tag","embeddable":true,"href":"https:\/\/creadivo.md\/ru\/wp-json\/wp\/v2\/product_tag?post=44314"}],"curies":[{"name":"wp","href":"https:\/\/api.w.org\/{rel}","templated":true}]}}