{"id":44366,"date":"2024-06-10T20:15:36","date_gmt":"2024-06-10T20:15:36","guid":{"rendered":"https:\/\/creadivo.md\/?post_type=product&#038;p=44366"},"modified":"2026-04-10T00:10:42","modified_gmt":"2026-04-10T00:10:42","slug":"baterie-lavoar-lungo-black-high","status":"publish","type":"product","link":"https:\/\/creadivo.md\/ru\/product\/baterie-lavoar-lungo-black-high\/","title":{"rendered":"\u0421\u041c\u0415\u0421\u0418\u0422\u0415\u041b\u042c \u0414\u041b\u042f \u0423\u041c\u042b\u0412\u0410\u041b\u042c\u041d\u0418\u041a\u0410 LUNGO BLACK HIGH"},"content":{"rendered":"<p>Baterie Lungo Black extrem de durabil\u0103 \u0219i func\u021bional\u0103 realizat\u0103 din alam\u0103 de cea mai bun\u0103 calitate. Acest material asigur\u0103 fiabilitatea deplin\u0103 \u0219i garanteaz\u0103 func\u021bionarea f\u0103r\u0103 probleme a produsului pentru mul\u021bi ani. Capul ceramic v\u0103 va permite s\u0103 efectua\u021bi p\u00e2n\u0103 la 500.000 de cicluri de deschidere \u0219i \u00eenchidere a fluxului de ap\u0103. Acoperirea corpului robinetului cu straturi de email negru confer\u0103 robinetului un aspect unic \u0219i \u00eel protejeaz\u0103 \u00eempotriva coroziunii \u0219i a p\u0103tarii. Forma frumoas\u0103 a robinetului se va potrivi perfect \u00een orice decor de baie.<\/p>\n<p>Robinetul de lavoar \u00eenalt negru Lungo Black se distinge prin finisaje mate elegante \u00eentr-o culoare \u00eenchis\u0103. Accesoriul este potrivit pentru auto-asamblare. Produsul func\u021bioneaz\u0103 cel mai bine atunci c\u00e2nd este utilizat \u00een combina\u021bie cu chiuvete de blat. Capul ceramic nu se murd\u0103re\u0219te u\u0219or. Pentru a o cur\u0103\u021ba eficient, trebuie doar s\u0103 utiliza\u021bi o c\u00e2rp\u0103 u\u0219or umezit\u0103 cu ap\u0103 \u0219i detergent. Robinetul vine cu un aerator superior func\u021bional. Acest accesoriu practic v\u0103 permite s\u0103 reduce\u021bi semnificativ consumul de ap\u0103.<\/p>\n<div style=\"margin: 20px 0;\"><div class=\"qrcswholewtapper\" style=\"text-align:left;\"><div class=\"qrcprowrapper\"  id=\"qrcwraa2leds\"><div class=\"qrc_canvass\" id=\"qrc_cuttenpages_2\" style=\"display:inline-block\" data-text=\"https:\/\/creadivo.md\/ru\/product\/baterie-lavoar-lungo-black-high\/\"><\/div><\/div><\/div><\/div>","protected":false},"excerpt":{"rendered":"<p>Baterie Lungo Black extrem de durabil\u0103 \u0219i func\u021bional\u0103 realizat\u0103 din alam\u0103 de cea mai bun\u0103 calitate. Acest material asigur\u0103 fiabilitatea<\/p>","protected":false},"featured_media":44367,"template":"","meta":[],"product_brand":[],"product_cat":[29,289],"product_tag":[],"class_list":{"0":"post-44366","1":"product","2":"type-product","3":"status-publish","4":"has-post-thumbnail","6":"product_cat-baterii-sanitare","7":"product_cat-pentru-lavoar","8":"pa_cap-ceramica-cu-mixer","9":"pa_conexiune-3-8-inch","10":"pa_inaltime-280-mm","11":"pa_informatii-suplimentare-duza-fixa-aerator-de-aerare","12":"pa_instalare-pentru-lavoar-sau-blat","14":"first","15":"instock","16":"purchasable","17":"product-type-simple"},"_links":{"self":[{"href":"https:\/\/creadivo.md\/ru\/wp-json\/wp\/v2\/product\/44366","targetHints":{"allow":["GET"]}}],"collection":[{"href":"https:\/\/creadivo.md\/ru\/wp-json\/wp\/v2\/product"}],"about":[{"href":"https:\/\/creadivo.md\/ru\/wp-json\/wp\/v2\/types\/product"}],"version-history":[{"count":0,"href":"https:\/\/creadivo.md\/ru\/wp-json\/wp\/v2\/product\/44366\/revisions"}],"wp:featuredmedia":[{"embeddable":true,"href":"https:\/\/creadivo.md\/ru\/wp-json\/wp\/v2\/media\/44367"}],"wp:attachment":[{"href":"https:\/\/creadivo.md\/ru\/wp-json\/wp\/v2\/media?parent=44366"}],"wp:term":[{"taxonomy":"product_brand","embeddable":true,"href":"https:\/\/creadivo.md\/ru\/wp-json\/wp\/v2\/product_brand?post=44366"},{"taxonomy":"product_cat","embeddable":true,"href":"https:\/\/creadivo.md\/ru\/wp-json\/wp\/v2\/product_cat?post=44366"},{"taxonomy":"product_tag","embeddable":true,"href":"https:\/\/creadivo.md\/ru\/wp-json\/wp\/v2\/product_tag?post=44366"}],"curies":[{"name":"wp","href":"https:\/\/api.w.org\/{rel}","templated":true}]}}