{"id":44374,"date":"2024-06-10T20:15:54","date_gmt":"2024-06-10T20:15:54","guid":{"rendered":"https:\/\/creadivo.md\/?post_type=product&#038;p=44374"},"modified":"2026-04-08T00:10:57","modified_gmt":"2026-04-08T00:10:57","slug":"baterie-pentru-lavoar-lungo-chrome-high","status":"publish","type":"product","link":"https:\/\/creadivo.md\/ru\/product\/baterie-pentru-lavoar-lungo-chrome-high\/","title":{"rendered":"\u0421\u041c\u0415\u0421\u0418\u0422\u0415\u041b\u042c \u0414\u041b\u042f \u0423\u041c\u042b\u0412\u0410\u041b\u042c\u041d\u0418\u041a\u0410 LUNGO CHROME HIGH"},"content":{"rendered":"<p>Baterie Lungo Chrome extrem de durabil\u0103 \u0219i func\u021bional\u0103 realizat\u0103 din alam\u0103 de cea mai bun\u0103 calitate. Acest material asigur\u0103 fiabilitatea deplin\u0103 \u0219i garanteaz\u0103 func\u021bionarea f\u0103r\u0103 probleme a produsului pentru mul\u021bi ani. Capul ceramic v\u0103 va permite s\u0103 efectua\u021bi p\u00e2n\u0103 la 500.000 de cicluri de deschidere \u0219i \u00eenchidere a fluxului de ap\u0103. Acoperirea corpului robinetului cu straturi de crom confer\u0103 robinetului un aspect unic \u0219i \u00eel protejeaz\u0103 \u00eempotriva coroziunii \u0219i a p\u0103tarii. Forma frumoas\u0103 a robinetului se va potrivi perfect \u00een orice decor de baie.<\/p>\n<p>Robinetul de lavoar elegant \u0219i practic Lungo Chrome este u\u0219or de instalat. \u00cel pute\u021bi instala cu succes folosind instrumente standard. Accesoriul este echipat cu un cap ceramic func\u021bional \u0219i un aerator deasupra capului, care ajut\u0103 la reducerea consumului de ap\u0103 de la robinet. Robinetul este u\u0219or de cur\u0103\u021bat. Suprafa\u021ba din alam\u0103 nu se murd\u0103re\u0219te u\u0219or. Produsul este, de asemenea, rezistent la zg\u00e2rieturi \u0219i deterior\u0103ri mecanice. \u00cen calitate de produc\u0103tor, oferim o garan\u021bie de 2 ani pentru acesta.<\/p>\n<div style=\"margin: 20px 0;\"><div class=\"qrcswholewtapper\" style=\"text-align:left;\"><div class=\"qrcprowrapper\"  id=\"qrcwraa2leds\"><div class=\"qrc_canvass\" id=\"qrc_cuttenpages_2\" style=\"display:inline-block\" data-text=\"https:\/\/creadivo.md\/ru\/product\/baterie-pentru-lavoar-lungo-chrome-high\/\"><\/div><\/div><\/div><\/div>","protected":false},"excerpt":{"rendered":"<p>Baterie Lungo Chrome extrem de durabil\u0103 \u0219i func\u021bional\u0103 realizat\u0103 din alam\u0103 de cea mai bun\u0103 calitate. Acest material asigur\u0103 fiabilitatea<\/p>","protected":false},"featured_media":44375,"template":"","meta":[],"product_brand":[],"product_cat":[29,289],"product_tag":[],"class_list":{"0":"post-44374","1":"product","2":"type-product","3":"status-publish","4":"has-post-thumbnail","6":"product_cat-baterii-sanitare","7":"product_cat-pentru-lavoar","8":"pa_cap-ceramica-cu-mixer","9":"pa_conexiune-3-8-inch","10":"pa_inaltime-280-mm","11":"pa_informatii-suplimentare-duza-fixa-aerator-de-aerare","12":"pa_instalare-pentru-lavoar-sau-blat","14":"first","15":"instock","16":"purchasable","17":"product-type-simple"},"_links":{"self":[{"href":"https:\/\/creadivo.md\/ru\/wp-json\/wp\/v2\/product\/44374","targetHints":{"allow":["GET"]}}],"collection":[{"href":"https:\/\/creadivo.md\/ru\/wp-json\/wp\/v2\/product"}],"about":[{"href":"https:\/\/creadivo.md\/ru\/wp-json\/wp\/v2\/types\/product"}],"version-history":[{"count":1,"href":"https:\/\/creadivo.md\/ru\/wp-json\/wp\/v2\/product\/44374\/revisions"}],"predecessor-version":[{"id":62348,"href":"https:\/\/creadivo.md\/ru\/wp-json\/wp\/v2\/product\/44374\/revisions\/62348"}],"wp:featuredmedia":[{"embeddable":true,"href":"https:\/\/creadivo.md\/ru\/wp-json\/wp\/v2\/media\/44375"}],"wp:attachment":[{"href":"https:\/\/creadivo.md\/ru\/wp-json\/wp\/v2\/media?parent=44374"}],"wp:term":[{"taxonomy":"product_brand","embeddable":true,"href":"https:\/\/creadivo.md\/ru\/wp-json\/wp\/v2\/product_brand?post=44374"},{"taxonomy":"product_cat","embeddable":true,"href":"https:\/\/creadivo.md\/ru\/wp-json\/wp\/v2\/product_cat?post=44374"},{"taxonomy":"product_tag","embeddable":true,"href":"https:\/\/creadivo.md\/ru\/wp-json\/wp\/v2\/product_tag?post=44374"}],"curies":[{"name":"wp","href":"https:\/\/api.w.org\/{rel}","templated":true}]}}