{"id":44382,"date":"2024-06-10T20:15:54","date_gmt":"2024-06-10T20:15:54","guid":{"rendered":"https:\/\/creadivo.md\/?post_type=product&#038;p=44382"},"modified":"2026-04-08T00:10:58","modified_gmt":"2026-04-08T00:10:58","slug":"dus-igienic-pentru-bideu-loop-lungo-chrome","status":"publish","type":"product","link":"https:\/\/creadivo.md\/ru\/product\/dus-igienic-pentru-bideu-loop-lungo-chrome\/","title":{"rendered":"\u0413\u0418\u0413\u0418\u0415\u041d\u0418\u0427\u0415\u0421\u041a\u0418\u0419 \u0414\u0423\u0428 \u0414\u041b\u042f \u0411\u0418\u0414\u0415 LOOP LUNGO CHROME"},"content":{"rendered":"<p>V\u0103 prezent\u0103m un set Loop ascuns frumos, extrem de func\u021bional \u0219i modern. Acesta este un produs care \u00ee\u021bi va umple perfect spa\u021biul de baie, p\u0103str\u00e2nd \u00een acela\u0219i timp aspectul \u0219i estetica impecabile a interiorului. Bideul este proiectat pentru montare \u00eencasat\u0103 l\u00e2ng\u0103 bideu. Este realizat din alam\u0103 de \u00eenalt\u0103 calitate acoperit\u0103 cu un strat triplu de crom. Datorit\u0103 unei faze speciale de produc\u021bie, este durabil \u0219i u\u0219or de p\u0103strat curat.<\/p>\n<div style=\"margin: 20px 0;\"><div class=\"qrcswholewtapper\" style=\"text-align:left;\"><div class=\"qrcprowrapper\"  id=\"qrcwraa2leds\"><div class=\"qrc_canvass\" id=\"qrc_cuttenpages_2\" style=\"display:inline-block\" data-text=\"https:\/\/creadivo.md\/ru\/product\/dus-igienic-pentru-bideu-loop-lungo-chrome\/\"><\/div><\/div><\/div><\/div>","protected":false},"excerpt":{"rendered":"<p>V\u0103 prezent\u0103m un set Loop ascuns frumos, extrem de func\u021bional \u0219i modern. Acesta este un produs care \u00ee\u021bi va umple<\/p>","protected":false},"featured_media":44383,"template":"","meta":[],"product_brand":[],"product_cat":[29,292],"product_tag":[],"class_list":{"0":"post-44382","1":"product","2":"type-product","3":"status-publish","4":"has-post-thumbnail","6":"product_cat-baterii-sanitare","7":"product_cat-pentru-bideu","8":"pa_cap-ceramica-cu-mixer","9":"pa_conexiune-1-2-inch","10":"pa_informatii-suplimentare-telefon-cu-comutator-aerator-de-aerare","11":"pa_instalare-pe-un-perete","13":"first","14":"instock","15":"purchasable","16":"product-type-simple"},"_links":{"self":[{"href":"https:\/\/creadivo.md\/ru\/wp-json\/wp\/v2\/product\/44382","targetHints":{"allow":["GET"]}}],"collection":[{"href":"https:\/\/creadivo.md\/ru\/wp-json\/wp\/v2\/product"}],"about":[{"href":"https:\/\/creadivo.md\/ru\/wp-json\/wp\/v2\/types\/product"}],"version-history":[{"count":0,"href":"https:\/\/creadivo.md\/ru\/wp-json\/wp\/v2\/product\/44382\/revisions"}],"wp:featuredmedia":[{"embeddable":true,"href":"https:\/\/creadivo.md\/ru\/wp-json\/wp\/v2\/media\/44383"}],"wp:attachment":[{"href":"https:\/\/creadivo.md\/ru\/wp-json\/wp\/v2\/media?parent=44382"}],"wp:term":[{"taxonomy":"product_brand","embeddable":true,"href":"https:\/\/creadivo.md\/ru\/wp-json\/wp\/v2\/product_brand?post=44382"},{"taxonomy":"product_cat","embeddable":true,"href":"https:\/\/creadivo.md\/ru\/wp-json\/wp\/v2\/product_cat?post=44382"},{"taxonomy":"product_tag","embeddable":true,"href":"https:\/\/creadivo.md\/ru\/wp-json\/wp\/v2\/product_tag?post=44382"}],"curies":[{"name":"wp","href":"https:\/\/api.w.org\/{rel}","templated":true}]}}