{"id":44391,"date":"2024-06-10T20:16:15","date_gmt":"2024-06-10T20:16:15","guid":{"rendered":"https:\/\/creadivo.md\/?post_type=product&#038;p=44391"},"modified":"2025-10-02T07:37:05","modified_gmt":"2025-10-02T07:37:05","slug":"baterie-pentru-cada-salto-black-gold","status":"publish","type":"product","link":"https:\/\/creadivo.md\/ru\/product\/baterie-pentru-cada-salto-black-gold\/","title":{"rendered":"\u0421\u041c\u0415\u0421\u0418\u0422\u0415\u041b\u042c \u0414\u041b\u042f \u0412\u0410\u041d\u041d\u042b SALTO BLACK GOLD"},"content":{"rendered":"<p>Bateria pentru cada Salto se caracterizeaza nu numai prin forma sa moderna, ci si prin functionalitate. Bateria este disponibil\u0103 \u00een culorile negru \u0219i auriu. Pentru robinetul de baie sunt disponibile \u0219i o serie de robinete de lavoar \u00eenalte. Setul include un furtun de 150 cm \u0219i un receptor confortabil.<\/p>\n<p>Robinetul de cada Salto Black Gold, func\u021bional \u0219i elegant, este potrivit \u00een primul r\u00e2nd pentru instalarea pe perete. Este echipat cu un aerator func\u021bional, deasupra capului, care previne eficient risipa de ap\u0103 \u0219i ajut\u0103 la economisirea apei.<\/p>\n<p>Robinetul este disponibil cu finisaje auriu sau negru mat. Avantajul s\u0103u este un cap practic din ceramic\u0103. Produsul este u\u0219or de cur\u0103\u021bat. Doar \u0219terge\u021bi-l din c\u00e2nd \u00een c\u00e2nd cu o c\u00e2rp\u0103 u\u0219or umed\u0103 pentru a \u00eendep\u0103rta eficient toat\u0103 murd\u0103ria.<\/p>\n<div style=\"margin: 20px 0;\"><div class=\"qrcswholewtapper\" style=\"text-align:left;\"><div class=\"qrcprowrapper\"  id=\"qrcwraa2leds\"><div class=\"qrc_canvass\" id=\"qrc_cuttenpages_2\" style=\"display:inline-block\" data-text=\"https:\/\/creadivo.md\/ru\/product\/baterie-pentru-cada-salto-black-gold\/\"><\/div><\/div><\/div><\/div>","protected":false},"excerpt":{"rendered":"<p>Bateria pentru cada Salto se caracterizeaza nu numai prin forma sa moderna, ci si prin functionalitate. Bateria este disponibil\u0103 \u00een<\/p>","protected":false},"featured_media":44392,"template":"","meta":[],"product_brand":[],"product_cat":[29,290],"product_tag":[],"class_list":{"0":"post-44391","1":"product","2":"type-product","3":"status-publish","4":"has-post-thumbnail","6":"product_cat-baterii-sanitare","7":"product_cat-pentru-cada","8":"pa_cap-ceramica-cu-mixer","9":"pa_conexiune-1-2-inch","10":"pa_informatii-suplimentare-comutator-cu-2-functii-aerator-de-aerare","11":"pa_instalare-pe-un-perete","13":"first","14":"instock","15":"purchasable","16":"product-type-simple"},"_links":{"self":[{"href":"https:\/\/creadivo.md\/ru\/wp-json\/wp\/v2\/product\/44391","targetHints":{"allow":["GET"]}}],"collection":[{"href":"https:\/\/creadivo.md\/ru\/wp-json\/wp\/v2\/product"}],"about":[{"href":"https:\/\/creadivo.md\/ru\/wp-json\/wp\/v2\/types\/product"}],"version-history":[{"count":0,"href":"https:\/\/creadivo.md\/ru\/wp-json\/wp\/v2\/product\/44391\/revisions"}],"wp:featuredmedia":[{"embeddable":true,"href":"https:\/\/creadivo.md\/ru\/wp-json\/wp\/v2\/media\/44392"}],"wp:attachment":[{"href":"https:\/\/creadivo.md\/ru\/wp-json\/wp\/v2\/media?parent=44391"}],"wp:term":[{"taxonomy":"product_brand","embeddable":true,"href":"https:\/\/creadivo.md\/ru\/wp-json\/wp\/v2\/product_brand?post=44391"},{"taxonomy":"product_cat","embeddable":true,"href":"https:\/\/creadivo.md\/ru\/wp-json\/wp\/v2\/product_cat?post=44391"},{"taxonomy":"product_tag","embeddable":true,"href":"https:\/\/creadivo.md\/ru\/wp-json\/wp\/v2\/product_tag?post=44391"}],"curies":[{"name":"wp","href":"https:\/\/api.w.org\/{rel}","templated":true}]}}