{"id":44421,"date":"2024-06-10T20:17:02","date_gmt":"2024-06-10T20:17:02","guid":{"rendered":"https:\/\/creadivo.md\/?post_type=product&#038;p=44421"},"modified":"2026-03-31T00:10:52","modified_gmt":"2026-03-31T00:10:52","slug":"cabina-de-dus-solar-black-90x120","status":"publish","type":"product","link":"https:\/\/creadivo.md\/ru\/product\/cabina-de-dus-solar-black-90x120\/","title":{"rendered":"\u0414\u0423\u0428\u0415\u0412\u0410\u042f \u041a\u0410\u0411\u0418\u041d\u0410 SOLAR BLACK 90\u00d7120"},"content":{"rendered":"<p>Solar Black Mat este o cabin\u0103 de du\u0219 distinctiv\u0103, atemporal\u0103 \u0219i modern\u0103, realizat\u0103 din materiale de cea mai \u00eenalt\u0103 calitate \u0219i finisat\u0103 cu laminat negru. \u00cenveli\u0219ul negru, mat este rezistent la murd\u0103rie \u0219i pete \u0219i este u\u0219or de p\u0103strat curat. Combina\u021bia de profile negre, m\u00e2ner lung \u0219i balamale cu o linie transparent\u0103 de suprafe\u021be de sticl\u0103 se va potrivi perfect \u00eentr-o baie modern\u0103 \u0219i tradi\u021bional\u0103. Black este liderul clar pe pia\u021ba de design interior pentru b\u0103i.<\/p>\n<div style=\"margin: 20px 0;\"><div class=\"qrcswholewtapper\" style=\"text-align:left;\"><div class=\"qrcprowrapper\"  id=\"qrcwraa2leds\"><div class=\"qrc_canvass\" id=\"qrc_cuttenpages_2\" style=\"display:inline-block\" data-text=\"https:\/\/creadivo.md\/ru\/product\/cabina-de-dus-solar-black-90x120\/\"><\/div><\/div><\/div><\/div>","protected":false},"excerpt":{"rendered":"<p>Solar Black Mat este o cabin\u0103 de du\u0219 distinctiv\u0103, atemporal\u0103 \u0219i modern\u0103, realizat\u0103 din materiale de cea mai \u00eenalt\u0103 calitate<\/p>","protected":false},"featured_media":73455,"template":"","meta":[],"product_brand":[],"product_cat":[24,298],"product_tag":[],"class_list":{"0":"post-44421","1":"product","2":"type-product","3":"status-publish","4":"has-post-thumbnail","6":"product_cat-cabine-de-dus","7":"product_cat-cabine-de-colt","8":"pa_acoperire-usor-de-curatat","9":"pa_directia-de-instalare-universal","10":"pa_grosime-de-sticla-6-mm-intarit","11":"pa_inaltime-195-cm","12":"pa_informatii-suplimentare-posibilitatea-de-a-taia-ghidajul","13":"pa_instalare-pe-cabina-de-dus-sau-direct-pe-podea","14":"pa_tip-cabina-colt-alunecare","16":"first","17":"instock","18":"purchasable","19":"product-type-simple"},"_links":{"self":[{"href":"https:\/\/creadivo.md\/ru\/wp-json\/wp\/v2\/product\/44421","targetHints":{"allow":["GET"]}}],"collection":[{"href":"https:\/\/creadivo.md\/ru\/wp-json\/wp\/v2\/product"}],"about":[{"href":"https:\/\/creadivo.md\/ru\/wp-json\/wp\/v2\/types\/product"}],"version-history":[{"count":0,"href":"https:\/\/creadivo.md\/ru\/wp-json\/wp\/v2\/product\/44421\/revisions"}],"wp:featuredmedia":[{"embeddable":true,"href":"https:\/\/creadivo.md\/ru\/wp-json\/wp\/v2\/media\/73455"}],"wp:attachment":[{"href":"https:\/\/creadivo.md\/ru\/wp-json\/wp\/v2\/media?parent=44421"}],"wp:term":[{"taxonomy":"product_brand","embeddable":true,"href":"https:\/\/creadivo.md\/ru\/wp-json\/wp\/v2\/product_brand?post=44421"},{"taxonomy":"product_cat","embeddable":true,"href":"https:\/\/creadivo.md\/ru\/wp-json\/wp\/v2\/product_cat?post=44421"},{"taxonomy":"product_tag","embeddable":true,"href":"https:\/\/creadivo.md\/ru\/wp-json\/wp\/v2\/product_tag?post=44421"}],"curies":[{"name":"wp","href":"https:\/\/api.w.org\/{rel}","templated":true}]}}