{"id":44430,"date":"2024-06-10T20:17:02","date_gmt":"2024-06-10T20:17:02","guid":{"rendered":"https:\/\/creadivo.md\/?post_type=product&#038;p=44430"},"modified":"2026-03-27T00:11:12","modified_gmt":"2026-03-27T00:11:12","slug":"cabina-de-dus-solar-black-120","status":"publish","type":"product","link":"https:\/\/creadivo.md\/ru\/product\/cabina-de-dus-solar-black-120\/","title":{"rendered":"\u0414\u0423\u0428\u0415\u0412\u0410\u042f \u041a\u0410\u0411\u0418\u041d\u0410 SOLAR BLACK 120"},"content":{"rendered":"<p>Solar Black Mat este o usa de dus distincta, atemporala si moderna realizata din materiale de cea mai inalta calitate si finisata cu laminat negru. \u00cenveli\u0219ul negru, mat este rezistent la murd\u0103rie \u0219i pete \u0219i este u\u0219or de p\u0103strat curat. Combina\u021bia de profile negre, m\u00e2ner lung \u0219i balamale cu o linie transparent\u0103 de suprafe\u021be de sticl\u0103 se va potrivi perfect \u00eentr-o baie modern\u0103 \u0219i tradi\u021bional\u0103. Black este liderul clar pe pia\u021ba de design interior pentru b\u0103i.<\/p>\n<div style=\"margin: 20px 0;\"><div class=\"qrcswholewtapper\" style=\"text-align:left;\"><div class=\"qrcprowrapper\"  id=\"qrcwraa2leds\"><div class=\"qrc_canvass\" id=\"qrc_cuttenpages_2\" style=\"display:inline-block\" data-text=\"https:\/\/creadivo.md\/ru\/product\/cabina-de-dus-solar-black-120\/\"><\/div><\/div><\/div><\/div>","protected":false},"excerpt":{"rendered":"<p>Solar Black Mat este o usa de dus distincta, atemporala si moderna realizata din materiale de cea mai inalta calitate<\/p>","protected":false},"featured_media":73456,"template":"","meta":[],"product_brand":[],"product_cat":[24,298],"product_tag":[],"class_list":{"0":"post-44430","1":"product","2":"type-product","3":"status-publish","4":"has-post-thumbnail","6":"product_cat-cabine-de-dus","7":"product_cat-cabine-de-colt","8":"pa_acoperire-usor-curatat","9":"pa_directia-de-instalare-universal","10":"pa_grosime-de-sticla-6-mm-intarit","11":"pa_inaltime-195-cm","12":"pa_informatii-suplimentare-posibilitatea-de-a-taia-ghidajul","13":"pa_instalare-pe-cada-de-dus-sau-direct-pe-podea","14":"pa_posibilitate-de-prelungire-da-adaptor-dedicat-rea-k6351","15":"pa_tip-de-usa-alunecare","17":"first","18":"instock","19":"purchasable","20":"product-type-simple"},"_links":{"self":[{"href":"https:\/\/creadivo.md\/ru\/wp-json\/wp\/v2\/product\/44430","targetHints":{"allow":["GET"]}}],"collection":[{"href":"https:\/\/creadivo.md\/ru\/wp-json\/wp\/v2\/product"}],"about":[{"href":"https:\/\/creadivo.md\/ru\/wp-json\/wp\/v2\/types\/product"}],"version-history":[{"count":0,"href":"https:\/\/creadivo.md\/ru\/wp-json\/wp\/v2\/product\/44430\/revisions"}],"wp:featuredmedia":[{"embeddable":true,"href":"https:\/\/creadivo.md\/ru\/wp-json\/wp\/v2\/media\/73456"}],"wp:attachment":[{"href":"https:\/\/creadivo.md\/ru\/wp-json\/wp\/v2\/media?parent=44430"}],"wp:term":[{"taxonomy":"product_brand","embeddable":true,"href":"https:\/\/creadivo.md\/ru\/wp-json\/wp\/v2\/product_brand?post=44430"},{"taxonomy":"product_cat","embeddable":true,"href":"https:\/\/creadivo.md\/ru\/wp-json\/wp\/v2\/product_cat?post=44430"},{"taxonomy":"product_tag","embeddable":true,"href":"https:\/\/creadivo.md\/ru\/wp-json\/wp\/v2\/product_tag?post=44430"}],"curies":[{"name":"wp","href":"https:\/\/api.w.org\/{rel}","templated":true}]}}