{"id":44475,"date":"2024-06-10T20:18:30","date_gmt":"2024-06-10T20:18:30","guid":{"rendered":"https:\/\/creadivo.md\/?post_type=product&#038;p=44475"},"modified":"2026-03-27T00:11:13","modified_gmt":"2026-03-27T00:11:13","slug":"baterie-incastrata-lungo-blackbox","status":"publish","type":"product","link":"https:\/\/creadivo.md\/ru\/product\/baterie-incastrata-lungo-blackbox\/","title":{"rendered":"\u0421\u041c\u0415\u0421\u0418\u0422\u0415\u041b\u042c \u041d\u0410\u0421\u0422\u0415\u041d\u041d\u042b\u0419 LUNGO BLACK+BOX"},"content":{"rendered":"<p>Va prezentam un nou model de baterie pentru cada ascunsa din seria Lungo. Datorit\u0103 versatilit\u0103\u021bii \u0219i valorilor estetice uimitoare, setul este o alegere excelent\u0103 pentru proprietarii fiec\u0103rei b\u0103i. Forma la mod\u0103 a elementelor de tencuial\u0103 de deasupra a fost acoperit\u0103 cu laser cu un strat de acoperire \u00een 4 straturi din material negru mat de cea mai \u00eenalt\u0103 calitate. Datorit\u0103 acestei tehnici, bateria este protejat\u0103 \u00eempotriva coroziunii, p\u0103t\u0103rii \u0219i decolor\u0103rii.<\/p>\n<p>Robinetul de baie de \u00eenalt\u0103 calitate, negru, ascuns, Lungo Black Plus Box se distinge prin designul s\u0103u atractiv \u0219i confortul de utilizare. Este fabricat din o\u021bel inoxidabil de \u00eenalt\u0103 calitate, care este rezistent la zg\u00e2rieturi \u0219i deterior\u0103ri mecanice. Datorit\u0103 acestui fapt, bateria v\u0103 poate servi cu succes mul\u021bi ani. Finisajul mat elegant al robinetului o face un adev\u0103rat decor pentru baie. Produsul cu o \u00een\u0103l\u021bime de 15 cm se \u00eencadreaz\u0103 perfect \u00een designul interior general. \u00cen calitate de produc\u0103tor, oferim o garan\u021bie de 24 de luni pentru baterie.<\/p>\n<p>Setul include un robinet cu elemente montate pe suprafa\u021b\u0103 \u0219i ascunse, un furtun cu un du\u0219 \u0219i un set de puncte. Setul Lungo este perfect pentru persoanele care caut\u0103 solu\u021bii unice \u0219i doresc s\u0103 creeze o baie original\u0103 \u0219i unic\u0103 de vis.<\/p>\n<div style=\"margin: 20px 0;\"><div class=\"qrcswholewtapper\" style=\"text-align:left;\"><div class=\"qrcprowrapper\"  id=\"qrcwraa2leds\"><div class=\"qrc_canvass\" id=\"qrc_cuttenpages_2\" style=\"display:inline-block\" data-text=\"https:\/\/creadivo.md\/ru\/product\/baterie-incastrata-lungo-blackbox\/\"><\/div><\/div><\/div><\/div>","protected":false},"excerpt":{"rendered":"<p>Va prezentam un nou model de baterie pentru cada ascunsa din seria Lungo. Datorit\u0103 versatilit\u0103\u021bii \u0219i valorilor estetice uimitoare, setul<\/p>","protected":false},"featured_media":44476,"template":"","meta":[],"product_brand":[],"product_cat":[29,290],"product_tag":[],"class_list":{"0":"post-44475","1":"product","2":"type-product","3":"status-publish","4":"has-post-thumbnail","6":"product_cat-baterii-sanitare","7":"product_cat-pentru-cada","8":"pa_cap-ceramica-cu-mixer","9":"pa_conexiune-1-2-inch","10":"pa_informatii-suplimentare-comutator-cu-2-functii-aerator-de-aerare","11":"pa_instalare-pe-un-perete","13":"first","14":"instock","15":"purchasable","16":"product-type-simple"},"_links":{"self":[{"href":"https:\/\/creadivo.md\/ru\/wp-json\/wp\/v2\/product\/44475","targetHints":{"allow":["GET"]}}],"collection":[{"href":"https:\/\/creadivo.md\/ru\/wp-json\/wp\/v2\/product"}],"about":[{"href":"https:\/\/creadivo.md\/ru\/wp-json\/wp\/v2\/types\/product"}],"version-history":[{"count":0,"href":"https:\/\/creadivo.md\/ru\/wp-json\/wp\/v2\/product\/44475\/revisions"}],"wp:featuredmedia":[{"embeddable":true,"href":"https:\/\/creadivo.md\/ru\/wp-json\/wp\/v2\/media\/44476"}],"wp:attachment":[{"href":"https:\/\/creadivo.md\/ru\/wp-json\/wp\/v2\/media?parent=44475"}],"wp:term":[{"taxonomy":"product_brand","embeddable":true,"href":"https:\/\/creadivo.md\/ru\/wp-json\/wp\/v2\/product_brand?post=44475"},{"taxonomy":"product_cat","embeddable":true,"href":"https:\/\/creadivo.md\/ru\/wp-json\/wp\/v2\/product_cat?post=44475"},{"taxonomy":"product_tag","embeddable":true,"href":"https:\/\/creadivo.md\/ru\/wp-json\/wp\/v2\/product_tag?post=44475"}],"curies":[{"name":"wp","href":"https:\/\/api.w.org\/{rel}","templated":true}]}}