{"id":44553,"date":"2024-06-10T20:19:56","date_gmt":"2024-06-10T20:19:56","guid":{"rendered":"https:\/\/creadivo.md\/?post_type=product&#038;p=44553"},"modified":"2026-03-27T00:11:16","modified_gmt":"2026-03-27T00:11:16","slug":"lavoar-pe-blat-claudia","status":"publish","type":"product","link":"https:\/\/creadivo.md\/ru\/product\/lavoar-pe-blat-claudia\/","title":{"rendered":"\u0423\u041c\u042b\u0412\u0410\u041b\u042c\u041d\u0418\u041a CLAUDIA"},"content":{"rendered":"<p>Lavoar modern din ceramica Claudia. Fabricat folosind cea mai recent\u0103 tehnologie, care permite o suprafa\u021b\u0103 neted\u0103 frumoas\u0103 \u0219i o linie de margine sub\u021bire. Materialul ceramic este de cea mai buna calitate, ceea ce confera lavoarului cea mai frumoasa nuanta de alb. Forma ergonomic\u0103 a vasului permite scurgerea liber\u0103 a apei. Lavoarul poate fi montat pe blat sau dulap. Oferim robinete \u0219i sifoane \u00eenalte perfecte \u00een multe culori, concepute pentru aceast\u0103 chiuvet\u0103.<\/p>\n<div style=\"margin: 20px 0;\"><div class=\"qrcswholewtapper\" style=\"text-align:left;\"><div class=\"qrcprowrapper\"  id=\"qrcwraa2leds\"><div class=\"qrc_canvass\" id=\"qrc_cuttenpages_2\" style=\"display:inline-block\" data-text=\"https:\/\/creadivo.md\/ru\/product\/lavoar-pe-blat-claudia\/\"><\/div><\/div><\/div><\/div>","protected":false},"excerpt":{"rendered":"<p>Lavoar modern din ceramica Claudia. Fabricat folosind cea mai recent\u0103 tehnologie, care permite o suprafa\u021b\u0103 neted\u0103 frumoas\u0103 \u0219i o linie<\/p>","protected":false},"featured_media":44554,"template":"","meta":[],"product_brand":[],"product_cat":[21,286],"product_tag":[],"class_list":{"0":"post-44553","1":"product","2":"type-product","3":"status-publish","4":"has-post-thumbnail","6":"product_cat-lavoare","7":"product_cat-lavoar-pe-blat","8":"pa_gaura-baterie-nu","9":"pa_gaura-de-deversare-nu","10":"pa_marimea-510x340x130mm","12":"first","13":"instock","14":"purchasable","15":"product-type-simple"},"_links":{"self":[{"href":"https:\/\/creadivo.md\/ru\/wp-json\/wp\/v2\/product\/44553","targetHints":{"allow":["GET"]}}],"collection":[{"href":"https:\/\/creadivo.md\/ru\/wp-json\/wp\/v2\/product"}],"about":[{"href":"https:\/\/creadivo.md\/ru\/wp-json\/wp\/v2\/types\/product"}],"version-history":[{"count":0,"href":"https:\/\/creadivo.md\/ru\/wp-json\/wp\/v2\/product\/44553\/revisions"}],"wp:featuredmedia":[{"embeddable":true,"href":"https:\/\/creadivo.md\/ru\/wp-json\/wp\/v2\/media\/44554"}],"wp:attachment":[{"href":"https:\/\/creadivo.md\/ru\/wp-json\/wp\/v2\/media?parent=44553"}],"wp:term":[{"taxonomy":"product_brand","embeddable":true,"href":"https:\/\/creadivo.md\/ru\/wp-json\/wp\/v2\/product_brand?post=44553"},{"taxonomy":"product_cat","embeddable":true,"href":"https:\/\/creadivo.md\/ru\/wp-json\/wp\/v2\/product_cat?post=44553"},{"taxonomy":"product_tag","embeddable":true,"href":"https:\/\/creadivo.md\/ru\/wp-json\/wp\/v2\/product_tag?post=44553"}],"curies":[{"name":"wp","href":"https:\/\/api.w.org\/{rel}","templated":true}]}}