{"id":44586,"date":"2024-06-10T20:21:00","date_gmt":"2024-06-10T20:21:00","guid":{"rendered":"https:\/\/creadivo.md\/?post_type=product&#038;p=44586"},"modified":"2026-03-27T00:11:18","modified_gmt":"2026-03-27T00:11:18","slug":"lavoar-pe-blat-roxy-stone-l-gray","status":"publish","type":"product","link":"https:\/\/creadivo.md\/ru\/product\/lavoar-pe-blat-roxy-stone-l-gray\/","title":{"rendered":"\u0423\u041c\u042b\u0412\u0410\u041b\u042c\u041d\u0418\u041a ROXY STONE L.GRAY"},"content":{"rendered":"<p>O serie moderna de lavoare imitand piatra. Datorita tehnicii in care a fost realizat stratul superior al lavoarului, fiecare piesa are un model unic si unic. Acest efect imit\u0103 piatra natural\u0103. Forma ergonomic\u0103 a vasului permite scurgerea liber\u0103 a apei.<\/p>\n<p>Lavoarul poate fi montat pe blat sau dulap. Oferim robinete \u0219i sifoane \u00eenalte perfecte \u00een multe culori, concepute pentru aceast\u0103 chiuvet\u0103.<\/p>\n<div style=\"margin: 20px 0;\"><div class=\"qrcswholewtapper\" style=\"text-align:left;\"><div class=\"qrcprowrapper\"  id=\"qrcwraa2leds\"><div class=\"qrc_canvass\" id=\"qrc_cuttenpages_2\" style=\"display:inline-block\" data-text=\"https:\/\/creadivo.md\/ru\/product\/lavoar-pe-blat-roxy-stone-l-gray\/\"><\/div><\/div><\/div><\/div>","protected":false},"excerpt":{"rendered":"<p>O serie moderna de lavoare imitand piatra. Datorita tehnicii in care a fost realizat stratul superior al lavoarului, fiecare piesa<\/p>","protected":false},"featured_media":44587,"template":"","meta":[],"product_brand":[],"product_cat":[21,286],"product_tag":[],"class_list":{"0":"post-44586","1":"product","2":"type-product","3":"status-publish","4":"has-post-thumbnail","6":"product_cat-lavoare","7":"product_cat-lavoar-pe-blat","8":"pa_gaura-baterie-nu","9":"pa_gaura-de-deversare-nu","10":"pa_marimea-490x310x135-mm","12":"first","13":"instock","14":"purchasable","15":"product-type-simple"},"_links":{"self":[{"href":"https:\/\/creadivo.md\/ru\/wp-json\/wp\/v2\/product\/44586","targetHints":{"allow":["GET"]}}],"collection":[{"href":"https:\/\/creadivo.md\/ru\/wp-json\/wp\/v2\/product"}],"about":[{"href":"https:\/\/creadivo.md\/ru\/wp-json\/wp\/v2\/types\/product"}],"version-history":[{"count":0,"href":"https:\/\/creadivo.md\/ru\/wp-json\/wp\/v2\/product\/44586\/revisions"}],"wp:featuredmedia":[{"embeddable":true,"href":"https:\/\/creadivo.md\/ru\/wp-json\/wp\/v2\/media\/44587"}],"wp:attachment":[{"href":"https:\/\/creadivo.md\/ru\/wp-json\/wp\/v2\/media?parent=44586"}],"wp:term":[{"taxonomy":"product_brand","embeddable":true,"href":"https:\/\/creadivo.md\/ru\/wp-json\/wp\/v2\/product_brand?post=44586"},{"taxonomy":"product_cat","embeddable":true,"href":"https:\/\/creadivo.md\/ru\/wp-json\/wp\/v2\/product_cat?post=44586"},{"taxonomy":"product_tag","embeddable":true,"href":"https:\/\/creadivo.md\/ru\/wp-json\/wp\/v2\/product_tag?post=44586"}],"curies":[{"name":"wp","href":"https:\/\/api.w.org\/{rel}","templated":true}]}}